{"id":192,"date":"2018-11-15T12:03:30","date_gmt":"2018-11-15T10:03:30","guid":{"rendered":"http:\/\/disseny-test.uoc.edu\/materials\/tfg\/?page_id=192"},"modified":"2018-11-27T14:48:04","modified_gmt":"2018-11-27T12:48:04","slug":"3-1-definicio-i-justificacio","status":"publish","type":"page","link":"http:\/\/disseny-test.uoc.edu\/materials\/tfg\/3-1-definicio-i-justificacio\/","title":{"rendered":"3.1. Definici\u00f3 i justificaci\u00f3"},"content":{"rendered":"<p>Aquest pas t\u00e9 com a objectiu elaborar una <strong>proposta i definir la tem\u00e0tica<\/strong> del treball de manera clara, i tamb\u00e9 explicar per qu\u00e8 l&#8217;heu escollit, \u00e9s a dir, la seva <strong>justificaci\u00f3<\/strong>, rellev\u00e0ncia i la motivaci\u00f3 que us ha portat a aquesta elecci\u00f3. Quin tema voleu explorar i per qu\u00e8? Quins s\u00f3n els <strong>objectius<\/strong> o <strong>hip\u00f2tesis<\/strong> que enfocaran la recerca i el desenvolupament del treball? Hi haur\u00e0 un producte final com a resultat de la recerca?<\/p>\n<p>Es tracta d&#8217;una fase essencial que potser us pot arribar a generar ansietat o bloqueig quan us heu d&#8217;enfrontar a la \u00abp\u00e0gina en blanc\u00bb. No obstant aix\u00f2, tingueu present que els consultors i tutors us guiaran perqu\u00e8 pugueu seleccionar una tem\u00e0tica en qu\u00e8 us sentiu a gust i pugueu desplegar les vostres inquietuds. L&#8217;originalitat est\u00e0 molt valorada i, si us guieu pel pla docent, segur que al llarg d&#8217;aquests anys hi ha hagut tem\u00e0tiques o projectes m\u00e9s afins a vosaltres a qu\u00e8 voldr\u00edeu dedicar tot aquest temps i esfor\u00e7. D&#8217;altra banda, tamb\u00e9 \u00e9s el moment de triar el tipus de treball: professionalitzador, investigador o de creaci\u00f3 art\u00edstica.<\/p>\n<p>Les preguntes s\u00f3n l&#8217;ess\u00e8ncia del TFG, tant per a abordar la q\u00fcesti\u00f3 i la tem\u00e0tica, com per a entendre&#8217;ns a nosaltres mateixos i endevinar la tecla en les nostres eleccions. L&#8217;origen de tot coneixement \u00e9s la pregunta, aix\u00ed que \u00e9s important que us en feu moltes a l&#8217;inici i que sigueu molt curiosos i inventius durant les primeres aproximacions al TFG.<\/p>\n<p><strong>Feu-vos preguntes per a triar el tema<\/strong><\/p>\n<ul>\n<li>En quina \u00e0rea de les que hem tractat en el grau he gaudit m\u00e9s? (context, expressi\u00f3, comunicaci\u00f3, tecnologia, m\u00e8todes, creaci\u00f3 digital, angl\u00e8s\u2026)<\/li>\n<li>Quina assignatura m&#8217;ha despertat m\u00e9s la curiositat?<\/li>\n<li>Quines t\u00e8cniques de les apreses m&#8217;agradaria desenvolupar m\u00e9s?<\/li>\n<li>M&#8217;atreu l&#8217;enfocament <em>learning by doing<\/em> mitjan\u00e7ant projectes propis o m&#8217;agrada m\u00e9s llegir, investigar i fer hip\u00f2tesis?<\/li>\n<li>Qui \u00e9s i com \u00e9s el nostre <em>target<\/em> d&#8217;usuaris?<\/li>\n<li>Qu\u00e8 vull aportar i a quin tipus de p\u00fablic?<\/li>\n<li>El tema contribueix a l&#8217;aven\u00e7 d&#8217;un camp del saber que m&#8217;interessa o de la meva professi\u00f3?<\/li>\n<li>\u00c9s \u00fatil per a la meva inserci\u00f3 laboral o l&#8217;ocupaci\u00f3 a qu\u00e8 aspiro?<\/li>\n<li>El tema pot ser \u00fatil per a la societat?<\/li>\n<li>\u00c9s original i atractiu?<\/li>\n<\/ul>\n<p>No partiu des de zero, teniu molta experi\u00e8ncia acumulada durant aquests anys de grau, aix\u00ed que l&#8217;elecci\u00f3 de la tem\u00e0tica podreu fer-la perfectament. D&#8217;altra banda, potser a mesura que avanceu en les fases seg\u00fcents, us veureu en la tessitura de redefinir el tema. El TFG \u00e9s com un organisme viu, \u00e9s un proc\u00e9s. Encara que no \u00e9s oport\u00fa estar constantment canviant de tema, us podeu permetre una mica de flexibilitat a l&#8217;inici. Si durant la fase d&#8217;elaboraci\u00f3, la vostra tem\u00e0tica s&#8217;ha de modelar o matissar una mica, ho podreu fer.<\/p>\n<p><strong>Feu una pluja d&#8217;idees<\/strong><\/p>\n<p>Segur que ja teniu experi\u00e8ncia amb aquesta estrat\u00e8gia cl\u00e0ssica i famosa. Agafeu un bol\u00edgraf i un paper i comenceu a llistar possibles tem\u00e0tiques, sense donar-li moltes voltes, anotant de manera autom\u00e0tica tot all\u00f2 que se us ocorri i us interessi.<\/p>\n<p>Quan tingueu uns quants temes apuntats, podeu comen\u00e7ar a aprofundir una mica m\u00e9s en cadascun d&#8217;aquests, en les seves possibilitats i en el seu inter\u00e8s analitzant els seus punts forts i febles. La <strong>t\u00e8cnica DAFO<\/strong> us pot ser d&#8217;utilitat en aix\u00f2, es tracta d&#8217;elaborar un petit esquema de cada tema amb els aspectes que condicionaran la nostra elecci\u00f3:<\/p>\n<p><img loading=\"lazy\" class=\"alignnone size-full wp-image-193\" src=\"http:\/\/disseny-test.uoc.edu\/materials\/tfg\/wp-content\/uploads\/sites\/10\/2018\/11\/20041_01.jpg\" alt=\"\" width=\"551\" height=\"228\" srcset=\"http:\/\/disseny-test.uoc.edu\/materials\/tfg\/wp-content\/uploads\/sites\/10\/2018\/11\/20041_01.jpg 551w, http:\/\/disseny-test.uoc.edu\/materials\/tfg\/wp-content\/uploads\/sites\/10\/2018\/11\/20041_01-300x124.jpg 300w\" sizes=\"(max-width: 551px) 100vw, 551px\" \/><\/p>\n<p>Quan tingueu delimitat el tema en qu\u00e8 voleu basar el vostre TFG, haureu acabat aquesta primera fase. Addicionalment, tamb\u00e9 podeu <strong>identificar els conceptes, termes i paraules claus<\/strong> que conformen el t\u00edtol i marquen el territori del vostre estudi, que us podran ajudar a posar el t\u00edtol al TFG <em>a posteriori<\/em>. Per exemple, si el vostre TFG tract\u00e9s d&#8217;un redisseny d&#8217;una revista <em>online<\/em>, alguns conceptes clau podrien ser: comunicaci\u00f3, editorial, disseny, continguts, <em>branding<\/em>.<\/p>\n<div class=\"featured featured-blue\"><p>En resum, heu de tenir en compte que el pas \u00abDefinici\u00f3\u00bb implica una de les decisions m\u00e9s importants en el vostre TFG i encara que sempre podeu tenir alguna possibilitat per a canviar de tema d&#8217;acord amb el tutor si est\u00e0 justificat, o fer matisos a mesura que l&#8217;aneu elaborant, tingueu sempre present que el temps d&#8217;elaboraci\u00f3 d&#8217;un TFG no \u00e9s tan llarg per a anar divagant i canviant d&#8217;opini\u00f3. Els tutors us ajudaran durant la fase de \u00abDefinici\u00f3 i metodologia\u00bb.<\/p>\n<\/div>\n","protected":false},"excerpt":{"rendered":"<p>Aquest pas t\u00e9 com a objectiu elaborar una proposta i definir la tem\u00e0tica del treball de manera clara, i tamb\u00e9 explicar per qu\u00e8 l&#8217;heu escollit, \u00e9s a dir, la seva justificaci\u00f3, rellev\u00e0ncia i la motivaci\u00f3 que us ha portat a aquesta elecci\u00f3. Quin tema voleu explorar i per qu\u00e8? Quins s\u00f3n els objectius o hip\u00f2tesis [&hellip;]<\/p>\n","protected":false},"author":1,"featured_media":0,"parent":0,"menu_order":0,"comment_status":"closed","ping_status":"closed","template":"","meta":{"inline_featured_image":false},"acf":[],"_links":{"self":[{"href":"http:\/\/disseny-test.uoc.edu\/materials\/tfg\/wp-json\/wp\/v2\/pages\/192"}],"collection":[{"href":"http:\/\/disseny-test.uoc.edu\/materials\/tfg\/wp-json\/wp\/v2\/pages"}],"about":[{"href":"http:\/\/disseny-test.uoc.edu\/materials\/tfg\/wp-json\/wp\/v2\/types\/page"}],"author":[{"embeddable":true,"href":"http:\/\/disseny-test.uoc.edu\/materials\/tfg\/wp-json\/wp\/v2\/users\/1"}],"replies":[{"embeddable":true,"href":"http:\/\/disseny-test.uoc.edu\/materials\/tfg\/wp-json\/wp\/v2\/comments?post=192"}],"version-history":[{"count":3,"href":"http:\/\/disseny-test.uoc.edu\/materials\/tfg\/wp-json\/wp\/v2\/pages\/192\/revisions"}],"predecessor-version":[{"id":300,"href":"http:\/\/disseny-test.uoc.edu\/materials\/tfg\/wp-json\/wp\/v2\/pages\/192\/revisions\/300"}],"wp:attachment":[{"href":"http:\/\/disseny-test.uoc.edu\/materials\/tfg\/wp-json\/wp\/v2\/media?parent=192"}],"curies":[{"name":"wp","href":"https:\/\/api.w.org\/{rel}","templated":true}]}}