{"id":195,"date":"2018-11-15T12:05:42","date_gmt":"2018-11-15T10:05:42","guid":{"rendered":"http:\/\/disseny-test.uoc.edu\/materials\/tfg\/?page_id=195"},"modified":"2018-11-27T14:35:38","modified_gmt":"2018-11-27T12:35:38","slug":"3-2-recursos-i-metodologia","status":"publish","type":"page","link":"http:\/\/disseny-test.uoc.edu\/materials\/tfg\/3-2-recursos-i-metodologia\/","title":{"rendered":"3.2. Recursos i metodologia"},"content":{"rendered":"<p>Per a un dissenyador \u00e9s necessari con\u00e8ixer les diferents metodologies que hi ha per a poder crear-ne una de pr\u00f2pia, \u00e9s a dir, cadasc\u00fa pot tenir diferents processos per a aconseguir un bon disseny. No hi ha com a tal una metodologia de disseny, el m\u00e9s important \u00e9s con\u00e8ixer els objectius, els antecedents i l&#8217;entorn i, aix\u00ed, poder crear el disseny amb base als coneixements de contrastos, simetries, diagramacions i altres elements de gran rellev\u00e0ncia.<\/p>\n<p>Per tant, en aquesta fase, cal concretar el <strong>com ho fareu<\/strong>. \u00c9s a dir, heu de definir una <strong>metodologia<\/strong> de treball que sigui coherent amb la vostra proposta i <strong>planificar i gestionar els recursos que necessitareu<\/strong> per a poder realitzar el projecte. Qu\u00e8 us fa falta per a tirar endavant el vostre TFG? Algun suport en espec\u00edfic? Qu\u00e8 teniu? On podeu trobar-ho? Us cal fer un desemborsament m\u00ednim en un domini o necessiteu concertar instal\u00b7lacions en algun servidor? Necessiteu algun programari que no hagueu fet servir durant el grau i heu de planificar una mica com trobar-lo? Necessiteu algun manual de qu\u00e8 no disposeu?<\/p>\n<p>\u00c9s un moment ideal per a repassar qu\u00e8 necessiteu, qu\u00e8 no teniu a m\u00e0 i en funci\u00f3 de l&#8217;abast del que planegeu fer, possiblement tamb\u00e9 contactar amb persones de qu\u00e8 necessiteu algun consell o orientaci\u00f3. Coneixeu alg\u00fa que hagi fet alguna cosa semblant al que heu pensat fer? Heu de recuperar aquell <em>link<\/em> que no sabeu on est\u00e0 i que us serviria d&#8217;inspiraci\u00f3 ara mateix? D&#8217;altra banda, \u00e9s un bon moment per a tenir ben localitzats i disponibles tots els recursos, inspiracions i exercicis que heu anat treballant durant el grau.<\/p>\n<p>Una bona idea seria elaborar una <strong>taula de recursos<\/strong> d&#8217;aquest tipus per a tenir una visi\u00f3 global del que necessitareu i avan\u00e7ar-vos a petits contratemps:<\/p>\n<table>\n<thead>\n<tr>\n<th width=\"102\"><strong>\u00a0<\/strong><\/th>\n<th width=\"102\"><strong>Qu\u00e8 em fa falta?<\/strong><\/th>\n<th width=\"102\"><strong>Qu\u00e8 tinc jo?<\/strong><\/th>\n<th width=\"102\"><strong>Qu\u00e8 no tinc?<\/strong><\/th>\n<th width=\"102\"><strong>On ho puc trobar?<\/strong><\/th>\n<th width=\"102\"><strong>Quan ho necessitar\u00e9?<\/strong><\/th>\n<\/tr>\n<\/thead>\n<tbody>\n<tr>\n<td width=\"102\"><strong>Recursos propis<\/strong><\/td>\n<td width=\"102\">15 hores setmanals<\/td>\n<td width=\"102\"><\/td>\n<td width=\"102\"><\/td>\n<td width=\"102\"><\/td>\n<td width=\"102\"><\/td>\n<\/tr>\n<tr>\n<td width=\"102\"><strong>Programari<\/strong><\/td>\n<td width=\"102\"><\/td>\n<td width=\"102\">Adobe Suite<\/td>\n<td width=\"102\"><\/td>\n<td width=\"102\"><\/td>\n<td width=\"102\"><\/td>\n<\/tr>\n<tr>\n<td width=\"102\"><strong>Recursos materials<\/strong><\/td>\n<td width=\"102\"><\/td>\n<td width=\"102\"><\/td>\n<td width=\"102\">C\u00e0mera de qualitat per al v\u00eddeo de presentaci\u00f3<\/td>\n<td width=\"102\">Demanar-la a la companya S\u00f2nia<\/td>\n<td width=\"102\">Durant la fase d&#8217;\u00abElaboraci\u00f3\u00bb (setmana 3)<\/td>\n<\/tr>\n<tr>\n<td width=\"102\"><strong>Recursos humans<\/strong><\/td>\n<td width=\"102\">Model de mans per al v\u00eddeo de presentaci\u00f3 de l&#8217;\u00fas de l&#8217;<em>app<\/em>.<\/td>\n<td width=\"102\"><\/td>\n<td width=\"102\"><\/td>\n<td width=\"102\"><\/td>\n<td width=\"102\"><\/td>\n<\/tr>\n<tr>\n<td width=\"102\"><strong>Recursos econ\u00f2mics<\/strong><\/td>\n<td width=\"102\">Un domini per al projecte (10 \u20ac)<\/td>\n<td width=\"102\"><\/td>\n<td width=\"102\"><\/td>\n<td width=\"102\"><\/td>\n<td width=\"102\"><\/td>\n<\/tr>\n<\/tbody>\n<\/table>\n<p>Heu de ser conscients que un TFG t\u00e9 la seva pr\u00f2pia envergadura i consumeix diversos recursos que cal tenir molt presents. Aqu\u00ed proposem una petita llista d&#8217;alguns que us poden ajudar al llarg del TFG, tant per a la seva elaboraci\u00f3 i execuci\u00f3 com per a refer\u00e8ncia gen\u00e8rica:<\/p>\n<table>\n<thead>\n<tr>\n<th width=\"206\"><\/th>\n<th width=\"405\"><strong>Funcions<\/strong><\/th>\n<\/tr>\n<\/thead>\n<tbody>\n<tr>\n<td width=\"206\"><strong>Agregador de continguts<\/strong><\/td>\n<td width=\"405\">Us ajudaran a unir i recopilar totes aquelles p\u00e0gines web i classificar-les per a tenir-les a m\u00e0 per a poder consultar-les.<\/td>\n<\/tr>\n<tr>\n<td width=\"206\"><strong>Gestors de refer\u00e8ncies<\/strong><\/td>\n<td width=\"405\">Eines per a la gesti\u00f3 de les refer\u00e8ncies bibliogr\u00e0fiques. Hi ha molts programes com el de Refworks que tamb\u00e9 ofereixen un \u00edndex de refer\u00e8ncies en m\u00faltiples formats.<\/td>\n<\/tr>\n<tr>\n<td width=\"206\"><strong>Blogs<\/strong><\/td>\n<td width=\"405\">Els blogs tenen diverses funcions, entre les quals contribueixen a anunciar el tema en qu\u00e8 esteu treballant. Aix\u00f2 us ajudar\u00e0 a trobar gent interessada en el mateix o tamb\u00e9 els podeu fer servir per a elaborar un diari del TFG, ordenant cronol\u00f2gicament el proc\u00e9s del TFG i les vostres idees, inquietuds, aven\u00e7os, etc. Hi ha moltes plataformes de blogs que ja us s\u00f3n conegudes com ara Blogger, WordPress, Medium, etc.<\/td>\n<\/tr>\n<tr>\n<td width=\"206\"><strong>Xarxes socials o comunitats virtuals<\/strong><\/td>\n<td width=\"405\">Facebook, Twitter o altres comunitats que hi ha a la xarxa s\u00f3n una font de contacte amb altres persones. Aix\u00ed, podeu localitzar gent interessada en la mateixa tem\u00e0tica o compartir experi\u00e8ncies.<\/td>\n<\/tr>\n<tr>\n<td width=\"206\"><strong>Google Docs o altres eines d&#8217;emmagatzematge <em>cloud<\/em><\/strong><\/td>\n<td width=\"405\">S\u00f3n molt \u00fatils per a treballar en l\u00ednia i disposar dels teus arxius des de qualsevol dispositiu m\u00f2bil o ordinador. A m\u00e9s, et permet compartir arxius en l\u00ednia i resulta molt \u00fatil per a donar\/rebre <em>feedback<\/em> amb diferents persones que estiguin involucrades en el TFG.<\/td>\n<\/tr>\n<\/tbody>\n<\/table>\n","protected":false},"excerpt":{"rendered":"<p>Per a un dissenyador \u00e9s necessari con\u00e8ixer les diferents metodologies que hi ha per a poder crear-ne una de pr\u00f2pia, \u00e9s a dir, cadasc\u00fa pot tenir diferents processos per a aconseguir un bon disseny. No hi ha com a tal una metodologia de disseny, el m\u00e9s important \u00e9s con\u00e8ixer els objectius, els antecedents i l&#8217;entorn [&hellip;]<\/p>\n","protected":false},"author":1,"featured_media":0,"parent":0,"menu_order":0,"comment_status":"closed","ping_status":"closed","template":"","meta":{"inline_featured_image":false},"acf":[],"_links":{"self":[{"href":"http:\/\/disseny-test.uoc.edu\/materials\/tfg\/wp-json\/wp\/v2\/pages\/195"}],"collection":[{"href":"http:\/\/disseny-test.uoc.edu\/materials\/tfg\/wp-json\/wp\/v2\/pages"}],"about":[{"href":"http:\/\/disseny-test.uoc.edu\/materials\/tfg\/wp-json\/wp\/v2\/types\/page"}],"author":[{"embeddable":true,"href":"http:\/\/disseny-test.uoc.edu\/materials\/tfg\/wp-json\/wp\/v2\/users\/1"}],"replies":[{"embeddable":true,"href":"http:\/\/disseny-test.uoc.edu\/materials\/tfg\/wp-json\/wp\/v2\/comments?post=195"}],"version-history":[{"count":4,"href":"http:\/\/disseny-test.uoc.edu\/materials\/tfg\/wp-json\/wp\/v2\/pages\/195\/revisions"}],"predecessor-version":[{"id":288,"href":"http:\/\/disseny-test.uoc.edu\/materials\/tfg\/wp-json\/wp\/v2\/pages\/195\/revisions\/288"}],"wp:attachment":[{"href":"http:\/\/disseny-test.uoc.edu\/materials\/tfg\/wp-json\/wp\/v2\/media?parent=195"}],"curies":[{"name":"wp","href":"https:\/\/api.w.org\/{rel}","templated":true}]}}