{"id":198,"date":"2018-11-15T12:13:50","date_gmt":"2018-11-15T10:13:50","guid":{"rendered":"http:\/\/disseny-test.uoc.edu\/materials\/tfg\/?page_id=198"},"modified":"2018-11-27T14:36:24","modified_gmt":"2018-11-27T12:36:24","slug":"3-3-planificacio-calendari","status":"publish","type":"page","link":"http:\/\/disseny-test.uoc.edu\/materials\/tfg\/3-3-planificacio-calendari\/","title":{"rendered":"3.3. Planificaci\u00f3\/calendari"},"content":{"rendered":"<p>L&#8217;organitzaci\u00f3 de les tasques, la seva estructura i el maneig dels temps \u00e9s essencial en el TFG i ser\u00e0, en bona mesura, la clau de l&#8217;\u00e8xit. Heu arribat al final del grau i segurament la multitasca \u00e9s quelcom que teniu molt incorporada en la vostra vida di\u00e0ria. \u00c9s probable que tingueu moltes coses per fer en el vostre dia a dia i solament mitjan\u00e7ant l&#8217;organitzaci\u00f3 sistem\u00e0tica podreu tenir una visi\u00f3 clara i global de la viabilitat del treball i dels temps que heu de dedicar-li, com i quan encaixa en la vostra rutina. La planificaci\u00f3 us estalviar\u00e0 presses d&#8217;\u00faltima hora, estr\u00e8s i sobresalts. A causa que el TFG ser\u00e0 un esfor\u00e7 extra, heu de poder disposar del temps necessari per a realitzar un treball de qualitat i solament mitjan\u00e7ant un bon pla d&#8217;acci\u00f3 ho podreu aconseguir.<\/p>\n<p>Els esquemes tipus <strong><em>planning<\/em>\/calendari<\/strong> poden ser d&#8217;una gran utilitat i us ajudaran a crear una rutina. Amb aix\u00f2 anireu desgranant cada tasca, assignant-li un temps concret en funci\u00f3 de la dificultat i dels objectius. Com en tot, cal treballar sense pressa per\u00f2 sense pausa i amb consci\u00e8ncia dels nostres bioritmes personals. Aquest exercici de planificaci\u00f3, tamb\u00e9 us ajudar\u00e0 a visualitzar cada pas que necessitareu fer i, gr\u00e0cies a l&#8217;establiment de fases i temps, el vostre treball anir\u00e0 evolucionant al llarg de les setmanes sense haver de carregar-vos amb grans pics de feina al final, que \u00e9s el que sol causar ansietat. Les metes i objectius que us marqueu tamb\u00e9 han d&#8217;estar ben compaginats amb les vostres tasques habituals (treball, fam\u00edlia o altres activitats) sabent que aquest semestre haureu de dedicar una mica m\u00e9s de temps de l&#8217;habitual al grau.<\/p>\n<p>Un dels models de calendari que us pot ser \u00fatil en aquesta fase \u00e9s el c\u00e8lebre <strong>diagrama de Gantt<\/strong>. B\u00e0sicament \u00e9s un recurs gr\u00e0fic que exposa el temps de dedicaci\u00f3 previst per a diferents tasques al llarg d&#8217;un temps total determinat, per\u00f2 sense mostrar la relaci\u00f3 de les tasques entre si. Malgrat haver estat inventat ja fa temps, a les acaballes del segle <span class=\"roman\">XX<\/span>, encara se segueix usant en bona mesura. El diagrama est\u00e0 compost per un eix vertical on s&#8217;estableixen les activitats que constitueixen el treball que s&#8217;executar\u00e0 i un eix horitzontal que mostra en un calendari la durada de cadascuna.<\/p>\n<figure id=\"attachment_199\" aria-describedby=\"caption-attachment-199\" style=\"width: 800px\" class=\"wp-caption alignnone\"><img loading=\"lazy\" class=\"wp-image-199 size-full\" src=\"http:\/\/disseny-test.uoc.edu\/materials\/tfg\/wp-content\/uploads\/sites\/10\/2018\/11\/20041_02.jpg\" alt=\"\" width=\"800\" height=\"508\" srcset=\"http:\/\/disseny-test.uoc.edu\/materials\/tfg\/wp-content\/uploads\/sites\/10\/2018\/11\/20041_02.jpg 800w, http:\/\/disseny-test.uoc.edu\/materials\/tfg\/wp-content\/uploads\/sites\/10\/2018\/11\/20041_02-300x191.jpg 300w, http:\/\/disseny-test.uoc.edu\/materials\/tfg\/wp-content\/uploads\/sites\/10\/2018\/11\/20041_02-768x488.jpg 768w\" sizes=\"(max-width: 800px) 100vw, 800px\" \/><figcaption id=\"caption-attachment-199\" class=\"wp-caption-text\">Model de calendari basat en el diagrama de Gantt<\/figcaption><\/figure>\n<p>Si ho preferiu, actualment hi ha molts <strong>programaris disponibles<\/strong> que us poden ajudar en la tasca de gestionar el vostre projecte: Asana, Basecamp, Trello\u2026 i molts altres. La majoria d&#8217;aquests ofereixen una prova gratu\u00efta durant un temps o, fins i tot, de manera indefinida, i es tracta d&#8217;eines molt comunes per a realitzar treballs en l\u00ednia, i tamb\u00e9 per a compartir recursos i <em>feedback<\/em> amb altres equips. En el vostre cas, com que \u00e9s un projecte individual us podria simplement servir per a organitzar-vos o per a mostrar el proc\u00e9s als tutors i professors de la UOC. Solen ser interf\u00edcies molt intu\u00eftives i f\u00e0cils d&#8217;usar que, a m\u00e9s, s\u00f3n utilitzades amb freq\u00fc\u00e8ncia en l&#8217;\u00e0mbit professional. Especialment per a aquelles persones que estiguin interessades en una nova incorporaci\u00f3 al m\u00f3n laboral, pot resultar ser una bona oportunitat apropar-se a aquestes plataformes amb l&#8217;excusa del TFG. Un dels avantatges d&#8217;aquestes plataformes \u00e9s que moltes d&#8217;aquestes tamb\u00e9 tenen integrat un calendari o pot ser sincronitzat amb el vostre Google Calendar (si esteu acostumats a usar Google).<\/p>\n<p>Quan aneu desgranant totes les subfases, anireu assignant a cadascuna de les tasques una durada estimada que sigui coherent amb la seva complexitat, dificultat i profunditat en relaci\u00f3 amb les vostres compet\u00e8ncies. Algunes de les subfases que haureu de planificar s\u00f3n l&#8217;execuci\u00f3 o el desenvolupament, la revisi\u00f3, la correcci\u00f3, la presentaci\u00f3&#8230; encara que cada persona en aquesta fase de \u00abPlanificaci\u00f3\u00bb podr\u00e0 llistar totes aquelles activitats que li anir\u00e0 b\u00e9 visualitzar al llarg del temps. Com m\u00e9s realista, espec\u00edfic i detallat sigui el calendari, m\u00e9s us ajudar\u00e0 en el desenvolupament del projecte, per la qual cosa tamb\u00e9 \u00e9s essencial incloure en aquest les dates especials del calendari (festius, ponts, vacances, etc.).<\/p>\n<p>Alguns enlla\u00e7os interessants sobre la gesti\u00f3 de projectes s\u00f3n:<\/p>\n<ul>\n<li><a href=\"http:\/\/es.wikipedia.org\/wiki\/Diagrama_de_Gantt\" target=\"_blank\" rel=\"noopener\">http:\/\/es. wikipedia.org\/wiki\/Diagrama_de_Gantt<\/a><\/li>\n<li><a href=\"http:\/\/es.wikipedia.org\/wiki\/Gesti\u00f3n_de_Proyectos_por_ Cadena_Cr\u00edtica\" target=\"_blank\" rel=\"noopener\">http:\/\/es.wikipedia.org\/ wiki\/Gesti\u00f3n_de_Proyectos_por_ Cadena_Cr\u00edtica<\/a><\/li>\n<\/ul>\n<p>A m\u00e9s, \u00e9s important que feu un seguiment peri\u00f2dic de la planificaci\u00f3 al llarg de tot el TFG. \u00c9s recomanable anar revisant si es compleixen les dates marcades i les tasques assignades a cada moment. Aix\u00ed, us podeu anticipar a variacions en la planificaci\u00f3 que us poden provocar canvis de dedicaci\u00f3 en certs moments o dificultar el compliment dels vostres objectius. Aix\u00ed matei, una revisi\u00f3 constant de la planificaci\u00f3 tamb\u00e9 us permet proposar canvis realistes i a temps, segons l&#8217;estat del projecte, que no han de suposar un problema.<\/p>\n<div class=\"featured featured-blue\"><p>En resum, una planificaci\u00f3 clara, sint\u00e8tica i organitzada, amb dates claus ben indicades i una visi\u00f3 del progr\u00e9s del TFG \u00e9s essencial perqu\u00e8 aquest arribi a bon port.<\/p>\n<\/div>\n","protected":false},"excerpt":{"rendered":"<p>L&#8217;organitzaci\u00f3 de les tasques, la seva estructura i el maneig dels temps \u00e9s essencial en el TFG i ser\u00e0, en bona mesura, la clau de l&#8217;\u00e8xit. Heu arribat al final del grau i segurament la multitasca \u00e9s quelcom que teniu molt incorporada en la vostra vida di\u00e0ria. \u00c9s probable que tingueu moltes coses per fer [&hellip;]<\/p>\n","protected":false},"author":1,"featured_media":0,"parent":0,"menu_order":0,"comment_status":"closed","ping_status":"closed","template":"","meta":{"inline_featured_image":false},"acf":[],"_links":{"self":[{"href":"http:\/\/disseny-test.uoc.edu\/materials\/tfg\/wp-json\/wp\/v2\/pages\/198"}],"collection":[{"href":"http:\/\/disseny-test.uoc.edu\/materials\/tfg\/wp-json\/wp\/v2\/pages"}],"about":[{"href":"http:\/\/disseny-test.uoc.edu\/materials\/tfg\/wp-json\/wp\/v2\/types\/page"}],"author":[{"embeddable":true,"href":"http:\/\/disseny-test.uoc.edu\/materials\/tfg\/wp-json\/wp\/v2\/users\/1"}],"replies":[{"embeddable":true,"href":"http:\/\/disseny-test.uoc.edu\/materials\/tfg\/wp-json\/wp\/v2\/comments?post=198"}],"version-history":[{"count":2,"href":"http:\/\/disseny-test.uoc.edu\/materials\/tfg\/wp-json\/wp\/v2\/pages\/198\/revisions"}],"predecessor-version":[{"id":289,"href":"http:\/\/disseny-test.uoc.edu\/materials\/tfg\/wp-json\/wp\/v2\/pages\/198\/revisions\/289"}],"wp:attachment":[{"href":"http:\/\/disseny-test.uoc.edu\/materials\/tfg\/wp-json\/wp\/v2\/media?parent=198"}],"curies":[{"name":"wp","href":"https:\/\/api.w.org\/{rel}","templated":true}]}}