{"id":201,"date":"2018-11-15T12:14:56","date_gmt":"2018-11-15T10:14:56","guid":{"rendered":"http:\/\/disseny-test.uoc.edu\/materials\/tfg\/?page_id=201"},"modified":"2019-01-16T14:40:54","modified_gmt":"2019-01-16T12:40:54","slug":"3-4-1-fases-basiques","status":"publish","type":"page","link":"http:\/\/disseny-test.uoc.edu\/materials\/tfg\/3-4-1-fases-basiques\/","title":{"rendered":"3.4.1. Fases b\u00e0siques"},"content":{"rendered":"<p>Per a desenvolupar quelcom primer \u00e9s necessari investigar sobre el tema o objecte per a saber si, de manera pr\u00e8via, ja hi ha algun element o l\u00ednia investigada o ser\u00e0 quelcom que es fa per primera vegada. D&#8217;aquesta manera podem saber si ja hi ha algun referent que s&#8217;ha de seguir o pot ser completament innovador. Una vegada tingueu els antecedents, ser\u00e0 el moment de processar la informaci\u00f3, organitzar-la i analitzar-la a fi de, ara s\u00ed, donar peu al desenvolupament del disseny.<\/p>\n<p>Per tant, aquesta \u00e9s indubtablement la fase que us consumir\u00e0 m\u00e9s temps i es tracta del moment de posar-hi el coll de deb\u00f2. Des del punt de vista d&#8217;un treball \u00abprofessionalitzador\u00bb, que \u00e9s el que us concerneix, la materialitzaci\u00f3 del vostre TFG es realitzar\u00e0 durant aquesta fase.<\/p>\n<p>Per al disseny i execuci\u00f3, sigui quin sigui el vostre producte a dissenyar, necessitareu definir almenys quatre fases b\u00e0siques:<\/p>\n<ol>\n<li><strong>La creaci\u00f3 d&#8217;un <em>briefing<\/em> segons les an\u00e0lisis i cerca dutes a terme<\/strong>. \u00c9s la definici\u00f3 del producte concret a dissenyar, la seva audi\u00e8ncia, els seus competidors, els beneficis\/febleses principals del producte, la personalitat-valors-atributs del producte, marca, persona&#8230;), les seves funcionalitats&#8230; Tamb\u00e9 sostraureu les paraules clau que defineixen el vostre projecte i us ajudaran a crear un concepte o idea coherent amb la vostra recerca i objectiu.<\/li>\n<li><strong>Exploraci\u00f3 visual d&#8217;idees i concepte<\/strong>. Una vegada tingueu definit com ser\u00e0 el vostre projecte, \u00e9s el moment de pensar en possibles direccions diferents, conceptes o propostes coherents amb <em>el briefing<\/em> a partir d&#8217;esbossos, <em>moodboards<\/em>, <em>wireframes<\/em>, etc. segons les necessitats del vostre projecte.<\/li>\n<li><strong>Elecci\u00f3 d&#8217;una direcci\u00f3 i prototipatge<\/strong>. En aquest punt, valorareu els encerts o desencerts dels conceptes explorats i triareu el m\u00e9s encertat o coherent amb els objectius del <em>briefing<\/em>. \u00c9s quan entrem en la fase de \u00abFallar r\u00e0pid per a encertar aviat\u00bb: quan es va prototipant, es poden enriquir les idees generades pr\u00e8viament, \u00e9s a dir, el prototip de la soluci\u00f3 o producte no ha de tenir ni molt menys totes les opcions o caracter\u00edstiques a qu\u00e8 podem arribar a aspirar posteriorment, sin\u00f3 que s&#8217;aniran incorporant a mesura que traguem, per exemple, la versi\u00f3 beta, la primera versi\u00f3, etc. i s&#8217;anir\u00e0 millorant gr\u00e0cies al <em>feedback<\/em> amb els nostres usuaris.<\/li>\n<li><strong>Desenvolupament i execuci\u00f3 del disseny final<\/strong>. Durant la creaci\u00f3 d&#8217;un prototip, decidim els elements que s&#8217;inclouran, on i de quina manera i, fins i tot, com interactua l&#8217;usuari amb aquests: el sistema de color, les tipografies, els missatges, el llenguatge, els diferents elements gr\u00e0fics, la jerarquia de la informaci\u00f3, etc. Per aix\u00f2, \u00e9s en aquesta etapa quan s&#8217;arriba a conclusions sobre si falta o sobra alguna cosa en el que estiguem dissenyant i aconseguim executar el disseny final.<\/li>\n<\/ol>\n<p>Aquesta fase cont\u00e9 una tipologia d&#8217;accions que depenen fortament del contingut del TFG. A l&#8217;apartat\u00a0\u00abPossibles punts adicionals\u00bb s&#8217;adjunten possibles exemples de factors adicionals a considerar dins d&#8217;aquesta fase.<\/p>\n","protected":false},"excerpt":{"rendered":"<p>Per a desenvolupar quelcom primer \u00e9s necessari investigar sobre el tema o objecte per a saber si, de manera pr\u00e8via, ja hi ha algun element o l\u00ednia investigada o ser\u00e0 quelcom que es fa per primera vegada. D&#8217;aquesta manera podem saber si ja hi ha algun referent que s&#8217;ha de seguir o pot ser completament [&hellip;]<\/p>\n","protected":false},"author":1,"featured_media":0,"parent":0,"menu_order":0,"comment_status":"closed","ping_status":"closed","template":"","meta":{"inline_featured_image":false},"acf":[],"_links":{"self":[{"href":"http:\/\/disseny-test.uoc.edu\/materials\/tfg\/wp-json\/wp\/v2\/pages\/201"}],"collection":[{"href":"http:\/\/disseny-test.uoc.edu\/materials\/tfg\/wp-json\/wp\/v2\/pages"}],"about":[{"href":"http:\/\/disseny-test.uoc.edu\/materials\/tfg\/wp-json\/wp\/v2\/types\/page"}],"author":[{"embeddable":true,"href":"http:\/\/disseny-test.uoc.edu\/materials\/tfg\/wp-json\/wp\/v2\/users\/1"}],"replies":[{"embeddable":true,"href":"http:\/\/disseny-test.uoc.edu\/materials\/tfg\/wp-json\/wp\/v2\/comments?post=201"}],"version-history":[{"count":5,"href":"http:\/\/disseny-test.uoc.edu\/materials\/tfg\/wp-json\/wp\/v2\/pages\/201\/revisions"}],"predecessor-version":[{"id":348,"href":"http:\/\/disseny-test.uoc.edu\/materials\/tfg\/wp-json\/wp\/v2\/pages\/201\/revisions\/348"}],"wp:attachment":[{"href":"http:\/\/disseny-test.uoc.edu\/materials\/tfg\/wp-json\/wp\/v2\/media?parent=201"}],"curies":[{"name":"wp","href":"https:\/\/api.w.org\/{rel}","templated":true}]}}