{"id":208,"date":"2018-11-15T12:27:52","date_gmt":"2018-11-15T10:27:52","guid":{"rendered":"http:\/\/disseny-test.uoc.edu\/materials\/tfg\/?page_id=208"},"modified":"2019-01-16T14:45:19","modified_gmt":"2019-01-16T12:45:19","slug":"3-4-2-3-consideracions-addicionals-sobre-el-disseny-i-lexecucio-dun-tfg","status":"publish","type":"page","link":"http:\/\/disseny-test.uoc.edu\/materials\/tfg\/3-4-2-3-consideracions-addicionals-sobre-el-disseny-i-lexecucio-dun-tfg\/","title":{"rendered":"3.4.2. Possibles punts adicionals"},"content":{"rendered":"<h3>3.4.2.3. Consideracions addicionals sobre el disseny i l&#8217;execuci\u00f3 d&#8217;un TFG<\/h3>\n<p><strong>Disseny<\/strong><\/p>\n<p>Imaginem que el vostre TFG gira entorn del desenvolupament d&#8217;una interf\u00edcie gr\u00e0fica, per exemple, llavors la fase de disseny seria el moment de crear visualment la interf\u00edcie despr\u00e9s de tenir llest l&#8217;\u00abesquelet\u00bb, la <em>persona<\/em> i, potser, el <em>customer user journey<\/em>. Haureu de centrar-vos en <strong><em>el look &amp; feel<\/em> de la l\u00ednia gr\u00e0fica<\/strong>: cal convertir el prototip en una maqueta gr\u00e0fica, donant vida als <em>wireframes<\/em> amb el vostre estil i marca. Si no teniu temps de dissenyar tots els apartats del vostre projecte, almenys escolliu alguna cosa representativa. Per exemple, la <em>home<\/em> i algunes p\u00e0gines principals de la vostra p\u00e0gina web, en cas que es tracti d&#8217;un projecte web o les seccions principals d&#8217;una <em>app<\/em>. Si us esteu ocupant d&#8217;una imatge corporativa, podeu mostrar diferents aplicacions a diferents mitjans.<\/p>\n<p>Cal esmentar que \u00e9s l&#8217;hora de posar sobre la taula els vostres dots imaginatius i creatius: quant m\u00e9s original sigui el resultat i m\u00e9s allunyat de les convencionalitats, podreu destacar m\u00e9s davant el tribunal avaluador.<\/p>\n<p><strong>Execuci\u00f3<\/strong><\/p>\n<p>Cal posar l&#8217;accent en el fet que la simplicitat i la usabilitat \u00e9s una de les metes de la navegaci\u00f3 del projecte (sia una <em>app<\/em> o una web) i ha de respondre a les bases de la funcionalitat, aix\u00f2 \u00e9s, totes les accions i interaccions que siguin necess\u00e0ries perqu\u00e8 un usuari aconsegueixi el seu objectiu s&#8217;haurien de traduir en funcions que ha de tenir l&#8217;aplicaci\u00f3.<\/p>\n<p>Aqu\u00ed haureu de representar realment com interaccionar\u00e0 el vostre projecte: si \u00e9s necessari haureu de programar, maquetar o donar vida per mitj\u00e0 de v\u00eddeos o fotografia, imprimir&#8230; Depenent de la naturalesa del projecte, l&#8217;execuci\u00f3 anir\u00e0 en una direcci\u00f3 o en una altra. Els consultors us aniran guiant perqu\u00e8 arribeu a aquest punt \u00e0lgid del proc\u00e9s amb \u00e8xit.<\/p>\n<p>Recordeu que aquesta fase \u00e9s quan s&#8217;apliquen la majoria de t\u00e8cniques que heu vist en el grau, en major o menor mesura segons el projecte que trieu, i que \u00e9s sobretot la fase que us consumir\u00e0 m\u00e9s temps amb difer\u00e8ncia de tot el treball.<\/p>\n","protected":false},"excerpt":{"rendered":"<p>3.4.2.3. Consideracions addicionals sobre el disseny i l&#8217;execuci\u00f3 d&#8217;un TFG Disseny Imaginem que el vostre TFG gira entorn del desenvolupament d&#8217;una interf\u00edcie gr\u00e0fica, per exemple, llavors la fase de disseny seria el moment de crear visualment la interf\u00edcie despr\u00e9s de tenir llest l&#8217;\u00abesquelet\u00bb, la persona i, potser, el customer user journey. Haureu de centrar-vos en [&hellip;]<\/p>\n","protected":false},"author":1,"featured_media":0,"parent":0,"menu_order":0,"comment_status":"closed","ping_status":"closed","template":"","meta":{"inline_featured_image":false},"acf":[],"_links":{"self":[{"href":"http:\/\/disseny-test.uoc.edu\/materials\/tfg\/wp-json\/wp\/v2\/pages\/208"}],"collection":[{"href":"http:\/\/disseny-test.uoc.edu\/materials\/tfg\/wp-json\/wp\/v2\/pages"}],"about":[{"href":"http:\/\/disseny-test.uoc.edu\/materials\/tfg\/wp-json\/wp\/v2\/types\/page"}],"author":[{"embeddable":true,"href":"http:\/\/disseny-test.uoc.edu\/materials\/tfg\/wp-json\/wp\/v2\/users\/1"}],"replies":[{"embeddable":true,"href":"http:\/\/disseny-test.uoc.edu\/materials\/tfg\/wp-json\/wp\/v2\/comments?post=208"}],"version-history":[{"count":4,"href":"http:\/\/disseny-test.uoc.edu\/materials\/tfg\/wp-json\/wp\/v2\/pages\/208\/revisions"}],"predecessor-version":[{"id":352,"href":"http:\/\/disseny-test.uoc.edu\/materials\/tfg\/wp-json\/wp\/v2\/pages\/208\/revisions\/352"}],"wp:attachment":[{"href":"http:\/\/disseny-test.uoc.edu\/materials\/tfg\/wp-json\/wp\/v2\/media?parent=208"}],"curies":[{"name":"wp","href":"https:\/\/api.w.org\/{rel}","templated":true}]}}