{"id":210,"date":"2018-11-15T12:29:15","date_gmt":"2018-11-15T10:29:15","guid":{"rendered":"http:\/\/disseny-test.uoc.edu\/materials\/tfg\/?page_id=210"},"modified":"2018-11-27T14:51:42","modified_gmt":"2018-11-27T12:51:42","slug":"3-5-la-memoria","status":"publish","type":"page","link":"http:\/\/disseny-test.uoc.edu\/materials\/tfg\/3-5-la-memoria\/","title":{"rendered":"3.5. La mem\u00f2ria"},"content":{"rendered":"<p>Com en qualsevol projecte d&#8217;una certa envergadura, el TFG requereix que feu una mem\u00f2ria que expliqui tots els aspectes essencials que heu abordat. Ha de contenir aspectes com, per exemple, la definici\u00f3 i elecci\u00f3 del tema (pas 1 d&#8217;aquesta guia) i, a m\u00e9s, tamb\u00e9 se n&#8217;afegiran altres de nous com ara les conclusions que s\u00f3n un punt molt important del TFG, i tamb\u00e9 la projecci\u00f3 que pot arribar a tenir el TFG o l\u00ednies futures de treball.<\/p>\n<p>El TFG \u00e9s un document que est\u00e0 destinat a ser llegit i avaluat, per tant, us animem a ser molt curosos amb l&#8217;estructura i la redacci\u00f3 de la mem\u00f2ria, ja que \u00e9s com una targeta de presentaci\u00f3 del vostre TFG. Penseu que alg\u00fa que no coneix el vostre TFG s&#8217;ha de fer una idea perfecta de les vostres hip\u00f2tesis, context i del desenvolupament dut a terme solament llegint-lo. Us recomanem que tamb\u00e9 afegiu, si \u00e9s necessari, \u00a0<em>screenshots<\/em> explicatius en qu\u00e8 us pugueu recolzar per a explicar processos o dissenys, i no tingueu problemes a afegir hipervincles o tot all\u00f2 que cregueu que facilitar\u00e0 la seva comprensi\u00f3 al tribunal. Paral\u00b7lelament, els consultors i professors us aniran donant indicacions espec\u00edfiques perqu\u00e8 \u00e9s possible que, depenent de la forma de cada treball, l&#8217;estructura recomanada per a cada mem\u00f2ria pugui ser una mica alterada per a adaptar-se millor a les circumst\u00e0ncies i peculiaritats del vostre TFG.<\/p>\n<p><strong>Estructura recomanada per a la mem\u00f2ria<\/strong><\/p>\n<ol>\n<li><strong>Portada<\/strong>. Aqu\u00ed s&#8217;han d&#8217;incloure les dades necess\u00e0ries per a identificar el treball i la seva autoria. El t\u00edtol ha de ser breu, conc\u00eds, exacte i clar. Tamb\u00e9 s&#8217;ha d&#8217;indicar que es tracta d&#8217;un TFG, la titulaci\u00f3 i la data de finalitzaci\u00f3 del TFG.<\/li>\n<li><strong>Taula de continguts<\/strong>. Ha de recollir totes les parts del treball, en l&#8217;ordre en qu\u00e8 apareixen i amb indicaci\u00f3 de la p\u00e0gina en qu\u00e8 es poden trobar.<\/li>\n<li><strong>Introducci\u00f3<\/strong>. Aqu\u00ed us haureu de centrar a resumir la justificaci\u00f3 tem\u00e0tica, els vostres objectius, inter\u00e8s, metodologia i la planificaci\u00f3 que vau dissenyar a l&#8217;inici del TFG.<\/li>\n<li><strong>Cos del treball<\/strong>. \u00c9s la secci\u00f3 m\u00e9s extensa i important, el contingut de qu\u00e8 varia segons la metodologia o la naturalesa del TFG. \u00c9s on col\u00b7loquialment diem que hi ha la \u00abmolla de carn\u00bb. Es tracta de la presentaci\u00f3 del vostre experiment\/soluci\u00f3 de principi a fi, descrivint amb detall i explicant fins a on heu arribat. Si us ajuda, podeu incloure seccions o cap\u00edtols mantenint una jerarquia en la presentaci\u00f3 dels continguts perqu\u00e8 ajudi en la comprensi\u00f3 del text. \u00c9s la part m\u00e9s llarga de la mem\u00f2ria que, de manera sint\u00e8tica, respon a la vostra pregunta inicial, \u00e9s a dir, el que aporta el vostre projecte i fa que sigui original. Aquest \u00e9s un entrenament molt valu\u00f3s, ja que en multitud de situacions de l&#8217;entorn professional cal explicar que el que s&#8217;ha fet t\u00e9 un sentit i aporta un valor afegit.<\/li>\n<li><strong>Conclusions finals<\/strong>. Les conclusions s\u00f3n un exercici molt important per a l&#8217;estudiant. No solament perqu\u00e8 constitueixen una reflexi\u00f3 entorn de la q\u00fcesti\u00f3 en si (S&#8217;ha resolt el que es volia resoldre?, El que he dissenyat compleix amb els objectius que em vaig plantejar?) sin\u00f3 que tamb\u00e9 ha de reflectir un sentit autocr\u00edtic que respongui a preguntes del tipus: Estic satisfet amb el resultat final? De quin peu coixeja m\u00e9s el projecte? Quins s\u00f3n els punts forts del TFG que es podrien potenciar m\u00e9s? Imagino el meu projecte al m\u00f3n real? \u00c9s important recordar que el TFG \u00e9s solament el tret de sortida a nous camins, no solament si voleu seguir en el m\u00f3n acad\u00e8mic sin\u00f3 que \u00e9s una molt bona base per a saber com enfrontar-vos a nous reptes digitals o, per qu\u00e8 no, continuar amb el mateix tema del vostre TFG.<\/li>\n<li><strong>Bibliografia<\/strong>. En la bibliografia es recolliran les refer\u00e8ncies normalitzades d&#8217;aquells documents utilitzats per a la realitzaci\u00f3 del treball. \u00c9s recomanable seguir les directrius que marca la UOC que podreu trobar a l&#8217;enlla\u00e7 seg\u00fcent: <a href=\"https:\/\/www.uoc.edu\/portal\/ca\/servei-linguistic\/convencions\/referencies-bibliografiques\/criteris\/index.html\" target=\"_blank\" rel=\"noopener\">https:\/\/www.uoc.edu\/portal\/ca\/servei-linguistic\/convencions\/referencies-bibliografiques\/criteris\/index.html<\/a><\/li>\n<li><strong>Annexos<\/strong>. Els annexos poden incloure altres materials utilitzats en el treball, massa extensos per a ser inclosos en notes o en el text. Poden ser mapes, gr\u00e0fics, documents, taules de resultats de test, an\u00e0lisis, inspiracions, etc.<\/li>\n<\/ol>\n","protected":false},"excerpt":{"rendered":"<p>Com en qualsevol projecte d&#8217;una certa envergadura, el TFG requereix que feu una mem\u00f2ria que expliqui tots els aspectes essencials que heu abordat. Ha de contenir aspectes com, per exemple, la definici\u00f3 i elecci\u00f3 del tema (pas 1 d&#8217;aquesta guia) i, a m\u00e9s, tamb\u00e9 se n&#8217;afegiran altres de nous com ara les conclusions que s\u00f3n [&hellip;]<\/p>\n","protected":false},"author":1,"featured_media":0,"parent":0,"menu_order":0,"comment_status":"closed","ping_status":"closed","template":"","meta":{"inline_featured_image":false},"acf":[],"_links":{"self":[{"href":"http:\/\/disseny-test.uoc.edu\/materials\/tfg\/wp-json\/wp\/v2\/pages\/210"}],"collection":[{"href":"http:\/\/disseny-test.uoc.edu\/materials\/tfg\/wp-json\/wp\/v2\/pages"}],"about":[{"href":"http:\/\/disseny-test.uoc.edu\/materials\/tfg\/wp-json\/wp\/v2\/types\/page"}],"author":[{"embeddable":true,"href":"http:\/\/disseny-test.uoc.edu\/materials\/tfg\/wp-json\/wp\/v2\/users\/1"}],"replies":[{"embeddable":true,"href":"http:\/\/disseny-test.uoc.edu\/materials\/tfg\/wp-json\/wp\/v2\/comments?post=210"}],"version-history":[{"count":2,"href":"http:\/\/disseny-test.uoc.edu\/materials\/tfg\/wp-json\/wp\/v2\/pages\/210\/revisions"}],"predecessor-version":[{"id":303,"href":"http:\/\/disseny-test.uoc.edu\/materials\/tfg\/wp-json\/wp\/v2\/pages\/210\/revisions\/303"}],"wp:attachment":[{"href":"http:\/\/disseny-test.uoc.edu\/materials\/tfg\/wp-json\/wp\/v2\/media?parent=210"}],"curies":[{"name":"wp","href":"https:\/\/api.w.org\/{rel}","templated":true}]}}