{"id":212,"date":"2018-11-15T12:31:46","date_gmt":"2018-11-15T10:31:46","guid":{"rendered":"http:\/\/disseny-test.uoc.edu\/materials\/tfg\/?page_id=212"},"modified":"2018-11-27T14:52:09","modified_gmt":"2018-11-27T12:52:09","slug":"3-6-presentacio-i-defensa","status":"publish","type":"page","link":"http:\/\/disseny-test.uoc.edu\/materials\/tfg\/3-6-presentacio-i-defensa\/","title":{"rendered":"3.6. Presentaci\u00f3 i defensa"},"content":{"rendered":"<p>Paral\u00b7lelament a la mem\u00f2ria i at\u00e8s el car\u00e0cter acad\u00e8mic del TFG, aquest tamb\u00e9 \u00e9s avaluat d&#8217;una manera una mica diferent a la resta d&#8217;assignatures que haureu cursat fins al moment. La presentaci\u00f3 i defensa del treball compta amb dues parts: la presentaci\u00f3 i les preguntes del tribunal.<\/p>\n<p><strong>Presentaci\u00f3<\/strong><\/p>\n<p>L&#8217;estudiant far\u00e0 una presentaci\u00f3 en qu\u00e8 es resumeixi els aspectes m\u00e9s importants del TFG en uns 20 minuts. Aquesta presentaci\u00f3 la podreu gravar on vulgueu i haureu d&#8217;enviar un enlla\u00e7 a un v\u00eddeo o un arxiu adjunt.<\/p>\n<p>Com fer un bon v\u00eddeo de presentaci\u00f3?<\/p>\n<ul>\n<li>Presentar-vos a vosaltres i el vostre treball.<\/li>\n<li>Demostreu coneixement del tema, sigueu sint\u00e8tics i aneu al gra.<\/li>\n<li>El contingut clau i fonamental de l&#8217;exposici\u00f3 ha de ser el seg\u00fcent:\n<ul>\n<li>Objecte, objectius, metodologia, justificaci\u00f3 i estructura del treball.<\/li>\n<li>Idees principals del treball.<\/li>\n<li>Conclusions m\u00e9s significatives i m\u00e9s interessants del treball (tamb\u00e9 els seus l\u00edmits i els seus punts forts principals).<\/li>\n<\/ul>\n<\/li>\n<li>Es poden usar notes: solament com a suport us pot ajudar el Power Point o qualsevol altra eina, o fins i tot, el paper, per\u00f2 no amb la finalitat de llegir o recitar.<\/li>\n<li>Intenteu no estar nerviosos i, abans de gravar-vos, assageu molt i amb el cron\u00f2metre a m\u00e0.<\/li>\n<li>Seguiu un gui\u00f3.<\/li>\n<li>No llegiu, transmeteu seguretat.<\/li>\n<li>Parleu sense pausa, per\u00f2 sense pressa i amb claredat.<\/li>\n<\/ul>\n<p><strong>Preguntes del tribunal<\/strong><\/p>\n<p>A la fi del semestre, durant el per\u00edode que es concretar\u00e0 m\u00e9s endavant, l&#8217;estudiant haur\u00e0 de respondre unes quantes preguntes i q\u00fcestions que li far\u00e0 un tribunal format per 2-3 persones.<\/p>\n","protected":false},"excerpt":{"rendered":"<p>Paral\u00b7lelament a la mem\u00f2ria i at\u00e8s el car\u00e0cter acad\u00e8mic del TFG, aquest tamb\u00e9 \u00e9s avaluat d&#8217;una manera una mica diferent a la resta d&#8217;assignatures que haureu cursat fins al moment. La presentaci\u00f3 i defensa del treball compta amb dues parts: la presentaci\u00f3 i les preguntes del tribunal. Presentaci\u00f3 L&#8217;estudiant far\u00e0 una presentaci\u00f3 en qu\u00e8 es [&hellip;]<\/p>\n","protected":false},"author":1,"featured_media":0,"parent":0,"menu_order":0,"comment_status":"closed","ping_status":"closed","template":"","meta":{"inline_featured_image":false},"acf":[],"_links":{"self":[{"href":"http:\/\/disseny-test.uoc.edu\/materials\/tfg\/wp-json\/wp\/v2\/pages\/212"}],"collection":[{"href":"http:\/\/disseny-test.uoc.edu\/materials\/tfg\/wp-json\/wp\/v2\/pages"}],"about":[{"href":"http:\/\/disseny-test.uoc.edu\/materials\/tfg\/wp-json\/wp\/v2\/types\/page"}],"author":[{"embeddable":true,"href":"http:\/\/disseny-test.uoc.edu\/materials\/tfg\/wp-json\/wp\/v2\/users\/1"}],"replies":[{"embeddable":true,"href":"http:\/\/disseny-test.uoc.edu\/materials\/tfg\/wp-json\/wp\/v2\/comments?post=212"}],"version-history":[{"count":2,"href":"http:\/\/disseny-test.uoc.edu\/materials\/tfg\/wp-json\/wp\/v2\/pages\/212\/revisions"}],"predecessor-version":[{"id":304,"href":"http:\/\/disseny-test.uoc.edu\/materials\/tfg\/wp-json\/wp\/v2\/pages\/212\/revisions\/304"}],"wp:attachment":[{"href":"http:\/\/disseny-test.uoc.edu\/materials\/tfg\/wp-json\/wp\/v2\/media?parent=212"}],"curies":[{"name":"wp","href":"https:\/\/api.w.org\/{rel}","templated":true}]}}