{"id":214,"date":"2018-11-15T12:33:39","date_gmt":"2018-11-15T10:33:39","guid":{"rendered":"http:\/\/disseny-test.uoc.edu\/materials\/tfg\/?page_id=214"},"modified":"2019-01-16T14:42:30","modified_gmt":"2019-01-16T12:42:30","slug":"4-recomanacions-finals","status":"publish","type":"page","link":"http:\/\/disseny-test.uoc.edu\/materials\/tfg\/4-recomanacions-finals\/","title":{"rendered":"4. Recomanacions finals"},"content":{"rendered":"<p>A continuaci\u00f3, us aportem unes recomanacions generals per a la redacci\u00f3 del TFG, especialment per a l&#8217;elaboraci\u00f3 d&#8217;una mem\u00f2ria de qualitat, ben documentada i que reflecteixi i justifiqui el vostre TFG.<\/p>\n<p><strong>Adequaci\u00f3 i llenguatge<\/strong><\/p>\n<p>Assegureu-vos que el text segueix un ordre l\u00f2gic. Dividir-lo en tres parts sol ajudar: <strong>introducci\u00f3<\/strong> (presentaci\u00f3 del tema, objectiu, justificaci\u00f3, context i metodologia), <strong>desenvolupament<\/strong> (disseny i execuci\u00f3) i <strong>conclusions<\/strong>. Utilitzeu un llenguatge formal i neutre. No oblideu que un TFG \u00e9s un treball acad\u00e8mic que pot ser, fins i tot, divulgat posteriorment. Per tant, cal ser rigor\u00f3s en la seva escriptura.<\/p>\n<p>Cal adequar el text a un cert grau de formalitat a partir de la forma impersonal o la primera del plural i mantenir-la al llarg de tot el treball. Tamb\u00e9 cal adequar el text a l&#8217;objectiu comunicatiu i al coneixement que l&#8217;audi\u00e8ncia pugui tenir sobre el tema.<\/p>\n<p><strong>L\u00e8xic<\/strong><\/p>\n<p>Cal garantir que el l\u00e8xic sigui genu\u00ed, complet, variat i que transmeti el vostre saber sobre la mat\u00e8ria i el treball, sempre tenint en compte el destinatari, l&#8217;objectiu del treball i la seva formalitat. Useu la terminologia de la vostra mat\u00e8ria experta, sigueu rigorosos i precisos, i no doneu la sensaci\u00f3 d&#8217;ambig\u00fcitat o d&#8217;assumpcions gen\u00e8riques. D&#8217;altra banda, useu un llenguatge sempre respectu\u00f3s i just en nom de la igualtat.<\/p>\n<p><strong>Revisi\u00f3<\/strong><\/p>\n<p>\u00c9s molt important que la gram\u00e0tica i l&#8217;ortografia siguin impecables, i que el vostre TFG no tingui errors de picatge. Reposeu el text i feu una revisi\u00f3 visual global (tipus de lletra, t\u00edtol, paginaci\u00f3, interlineat, espais en blanc que sobren) i tamb\u00e9 una comprovaci\u00f3 gr\u00e0fica. Reviseu b\u00e9 l&#8217;ortografia, la puntuaci\u00f3, la sintaxi, els connectors, l&#8217;estructura global i els par\u00e0grafs, l&#8217;estil, el sentit i les convencions del text (abreujaments, s\u00edmbols, xifres, \u00fas no sexista de la llengua i igualitari, maj\u00fascules, min\u00fascules, citacions i refer\u00e8ncies).<\/p>\n<p><strong>Bibliografia<\/strong><\/p>\n<p>Cal fer refer\u00e8ncies sobre d&#8217;on ve qualsevol informaci\u00f3 que no sigui original de l&#8217;autor del treball, tant si s\u00f3n citacions literals com si es parafrasegen. Sempre \u00e9s una bona idea, i que us recomanem, combinar les citacions amb reflexions genu\u00efnes i ben argumentades.<\/p>\n<p>Tingueu sempre a m\u00e0 els recursos de citaci\u00f3 bibliogr\u00e0fica que proveeix la UOC i feu-los servir de model. Sobretot, en la mem\u00f2ria, heu d&#8217;incloure una bibliografia detallada, per\u00f2 si en algun moment del text heu de citar algun autor, recordeu fer-ho seguint les <a href=\"https:\/\/www.uoc.edu\/portal\/ca\/servei-linguistic\/convencions\/referencies-bibliografiques\/criteris\/index.html\" target=\"_blank\" rel=\"noopener\">convencions bibliogr\u00e0fiques de la UOC<\/a>.<\/p>\n<p><strong>Consells de <em>bonus track<\/em><\/strong><\/p>\n<ul>\n<li>Busqueu i compareu diferents fonts.<\/li>\n<li>Qu\u00e8 s&#8217;ha fet abans? Creeu una llibreria d&#8217;exemples de treballs\/projectes que tinguin relaci\u00f3 amb el vostre. La idea no \u00e9s tenir un gran volum de material i de refer\u00e8ncies simplement per tenir-les, per\u00f2 \u00e9s important que us prengueu el temps d&#8217;investigar el que es pot aplicar i el que no en el vostre TFG.<\/li>\n<li>No subestimeu el poder de la planificaci\u00f3: l&#8217;\u00e8xit del vostre TFG dependr\u00e0 d&#8217;aquesta. Sigueu conservadors amb aquesta i no poseu massa optimisme en els temps.<\/li>\n<li>Utilitzeu els recursos que la UOC t\u00e9 a la disposici\u00f3 dels estudiants (biblioteca, campus, refer\u00e8ncies, etc.).<\/li>\n<li>Previsi\u00f3: mentre esteu en una etapa del TFG, feu un cop d&#8217;ull a les seg\u00fcents. Una visi\u00f3 i enteniment global de l&#8217;estructuraci\u00f3 del TFG i de les PAC \u00e9s necessari.<\/li>\n<li>Comunicaci\u00f3: Demaneu <em>feedback<\/em> i seguiu l&#8217;assessorament dels professors i dels consultors. Aix\u00ed, si hi ha errors o aspectes que no van pel bon cam\u00ed encara tindreu l&#8217;ocasi\u00f3 de remeiar-ho abans de les avaluacions finals.<\/li>\n<li>Sigueu autocr\u00edtics amb el vostre treball i tamb\u00e9 observeu els vostres progressos des d&#8217;una mirada externa.<\/li>\n<li>Tingueu en compte que el TFG \u00e9s important per a la vostra futura carrera professional i que ser\u00e0 un pes pesat en el vostre curr\u00edculum i portafolis. Val la pena donar el millor de vosaltres mateixos, \u00e9s una carta de presentaci\u00f3.<\/li>\n<li>Considereu-ho com un producte o servei que pot arribar a ser usat o desenvolupat en profunditat m\u00e9s endavant o, fins i tot, pot arribar a ser publicat per diferents canals i altres persones m\u00e9s enll\u00e0 de la data de comunicaci\u00f3 final.<\/li>\n<\/ul>\n","protected":false},"excerpt":{"rendered":"<p>A continuaci\u00f3, us aportem unes recomanacions generals per a la redacci\u00f3 del TFG, especialment per a l&#8217;elaboraci\u00f3 d&#8217;una mem\u00f2ria de qualitat, ben documentada i que reflecteixi i justifiqui el vostre TFG. Adequaci\u00f3 i llenguatge Assegureu-vos que el text segueix un ordre l\u00f2gic. Dividir-lo en tres parts sol ajudar: introducci\u00f3 (presentaci\u00f3 del tema, objectiu, justificaci\u00f3, context [&hellip;]<\/p>\n","protected":false},"author":1,"featured_media":0,"parent":0,"menu_order":0,"comment_status":"closed","ping_status":"closed","template":"","meta":{"inline_featured_image":false},"acf":[],"_links":{"self":[{"href":"http:\/\/disseny-test.uoc.edu\/materials\/tfg\/wp-json\/wp\/v2\/pages\/214"}],"collection":[{"href":"http:\/\/disseny-test.uoc.edu\/materials\/tfg\/wp-json\/wp\/v2\/pages"}],"about":[{"href":"http:\/\/disseny-test.uoc.edu\/materials\/tfg\/wp-json\/wp\/v2\/types\/page"}],"author":[{"embeddable":true,"href":"http:\/\/disseny-test.uoc.edu\/materials\/tfg\/wp-json\/wp\/v2\/users\/1"}],"replies":[{"embeddable":true,"href":"http:\/\/disseny-test.uoc.edu\/materials\/tfg\/wp-json\/wp\/v2\/comments?post=214"}],"version-history":[{"count":4,"href":"http:\/\/disseny-test.uoc.edu\/materials\/tfg\/wp-json\/wp\/v2\/pages\/214\/revisions"}],"predecessor-version":[{"id":349,"href":"http:\/\/disseny-test.uoc.edu\/materials\/tfg\/wp-json\/wp\/v2\/pages\/214\/revisions\/349"}],"wp:attachment":[{"href":"http:\/\/disseny-test.uoc.edu\/materials\/tfg\/wp-json\/wp\/v2\/media?parent=214"}],"curies":[{"name":"wp","href":"https:\/\/api.w.org\/{rel}","templated":true}]}}