{"id":218,"date":"2018-11-15T12:42:25","date_gmt":"2018-11-15T10:42:25","guid":{"rendered":"http:\/\/disseny-test.uoc.edu\/materials\/tfg\/?page_id=218"},"modified":"2018-11-27T14:43:18","modified_gmt":"2018-11-27T12:43:18","slug":"6-la-vida-mes-enlla-del-tfg","status":"publish","type":"page","link":"http:\/\/disseny-test.uoc.edu\/materials\/tfg\/6-la-vida-mes-enlla-del-tfg\/","title":{"rendered":"6. La vida m\u00e9s enll\u00e0 del TFG"},"content":{"rendered":"<p>Despr\u00e9s del TFG, potser arribeu a escoltar una veu sobtada en el vostre cap que us murmura \u00abi ara qu\u00e8?\u00bb. De vegades, despr\u00e9s de molt esfor\u00e7 i nervis davant d&#8217;un gran desafiament, es pot instal\u00b7lar en nosaltres una sensaci\u00f3 desconcertant de \u00abbuit interior\u00bb quan s&#8217;acaba una etapa d&#8217;aquestes caracter\u00edstiques, ja que estareu unes setmanes en tensi\u00f3 amb for\u00e7a c\u00e0rrega de treball. Amb freq\u00fc\u00e8ncia, quan ens relaxem, ens envaeixen noves sensacions. \u00c9s primordial no fer cas a aquesta veueta o, a l&#8217;inrev\u00e9s, cal escoltar-la des d&#8217;un punt de vista m\u00e9s constructiu: el TFG no solament \u00e9s un requisit per a obtenir el vostre t\u00edtol sin\u00f3 que es tracta d&#8217;una tasca de qu\u00e8 cal estar molt orgullosos i que, a m\u00e9s, pot ser l&#8217;inici d&#8217;alguna cosa gran. \u00c9s la vostra idea \u00edntegra i exclusiva i us animem a aprofitar que segurament en el moment de la seva culminaci\u00f3 tindreu el motor de la perseveran\u00e7a i tenacitat molt ben greixat per a poder seguir movent-la per la ind\u00fastria o seguir explorant-la, investigant-la i expandint-la.<\/p>\n<p><strong><em>Crowdfunding<\/em><\/strong><\/p>\n<p>Per a aquells que no estigueu familiaritzats amb el terme, el <em>crowdfunding<\/em> o finan\u00e7ament col\u00b7lectiu, \u00e9s un mecanisme col\u00b7laboratiu de finan\u00e7ament de projectes. No usa la intermediaci\u00f3 financera tradicional i consisteix a posar en contacte promotors de projectes que demanen fons mitjan\u00e7ant l&#8217;emissi\u00f3 de valors i participacions socials o mitjan\u00e7ant la sol\u00b7licitud de pr\u00e9stecs, amb inversors o oferents de fons que busquen un rendiment en la inversi\u00f3. En aquesta activitat sobresurten dues caracter\u00edstiques: la uni\u00f3 massiva d&#8217;inversors que financen amb quantitats redu\u00efdes petits projectes d&#8217;alt potencial i el car\u00e0cter arriscat d&#8217;aquesta inversi\u00f3.<\/p>\n<p>Se sol fer per a molts prop\u00f2sits, des d&#8217;artistes buscant suport dels seus seguidors, campanyes pol\u00edtiques, finan\u00e7ament de deutes, habitatge, escoles, dispensaris&#8230; fins al naixement de companyies o petits negocis.<\/p>\n<p>Si esteu motivats amb els resultats del vostre projecte TFG, podr\u00edeu explotar aquestes possibilitats. Hi ha moltes plataformes de <em>crowdfunding<\/em> i us sorprendria la quantitat de projectes que han tingut \u00e8xit i s&#8217;han implementat com un producte seri\u00f3s arran del micromecenatge. Kickstarter, Goteo, Indiegogo\u2026 s\u00f3n algunes d&#8217;aquestes plataformes que promouen el <em>crowdfunding<\/em>. Els petits inversors se solen endur una c\u00f2pia digital del projecte o un obsequi simb\u00f2lic per haver format part d&#8217;aquest.<\/p>\n<p><strong>Els projectes en la vida d&#8217;un professional digital<\/strong><\/p>\n<p>Un aspecte positiu del vostre TFG \u00e9s que no dista molt de com s&#8217;encaren els projectes en la vida professional; de vegades cal enfrontar-se a reptes, desafiaments i enc\u00e0rrecs digitals en qu\u00e8 s&#8217;aterra en <em>mode p\u00e0gina en blanc<\/em> i s&#8217;espera de nosaltres estar presents en totes les etapes, sia en la coordinaci\u00f3 o en la supervisi\u00f3, per tant implica tenir un enfocament transversal com en el vostre TFG. Per exemple, els <em>project managers<\/em> o altres rols vinculats a la ideaci\u00f3, serien exemples de perfils que s&#8217;ocupen dels projectes des d&#8217;un prisma horitzontal. Dep\u00e8n del car\u00e0cter de cada persona, per\u00f2 la visi\u00f3 etapa per etapa d&#8217;un projecte, des del seu germen fins que floreix gr\u00e0cies a les nostres aportacions, sol ser molt enriquidora i motivant. \u00c9s m\u00e9s, la digitalitzaci\u00f3 de la societat, l&#8217;economia i la rapidesa en qu\u00e8 els nous productes han de veure la llum i promocionar-se, estan impregnats d&#8217;un car\u00e0cter d&#8217;ubiq\u00fcitat que requereix cada vegada m\u00e9s de persones 360\u00ba: capaces de no tenir por a res, actuar i agafar el que popularment anomenen <em>el toro per les banyes<\/em> per a crear-los o fer-los un seguiment de principi a fi.<\/p>\n","protected":false},"excerpt":{"rendered":"<p>Despr\u00e9s del TFG, potser arribeu a escoltar una veu sobtada en el vostre cap que us murmura \u00abi ara qu\u00e8?\u00bb. De vegades, despr\u00e9s de molt esfor\u00e7 i nervis davant d&#8217;un gran desafiament, es pot instal\u00b7lar en nosaltres una sensaci\u00f3 desconcertant de \u00abbuit interior\u00bb quan s&#8217;acaba una etapa d&#8217;aquestes caracter\u00edstiques, ja que estareu unes setmanes en [&hellip;]<\/p>\n","protected":false},"author":1,"featured_media":0,"parent":0,"menu_order":0,"comment_status":"closed","ping_status":"closed","template":"","meta":{"inline_featured_image":false},"acf":[],"_links":{"self":[{"href":"http:\/\/disseny-test.uoc.edu\/materials\/tfg\/wp-json\/wp\/v2\/pages\/218"}],"collection":[{"href":"http:\/\/disseny-test.uoc.edu\/materials\/tfg\/wp-json\/wp\/v2\/pages"}],"about":[{"href":"http:\/\/disseny-test.uoc.edu\/materials\/tfg\/wp-json\/wp\/v2\/types\/page"}],"author":[{"embeddable":true,"href":"http:\/\/disseny-test.uoc.edu\/materials\/tfg\/wp-json\/wp\/v2\/users\/1"}],"replies":[{"embeddable":true,"href":"http:\/\/disseny-test.uoc.edu\/materials\/tfg\/wp-json\/wp\/v2\/comments?post=218"}],"version-history":[{"count":2,"href":"http:\/\/disseny-test.uoc.edu\/materials\/tfg\/wp-json\/wp\/v2\/pages\/218\/revisions"}],"predecessor-version":[{"id":296,"href":"http:\/\/disseny-test.uoc.edu\/materials\/tfg\/wp-json\/wp\/v2\/pages\/218\/revisions\/296"}],"wp:attachment":[{"href":"http:\/\/disseny-test.uoc.edu\/materials\/tfg\/wp-json\/wp\/v2\/media?parent=218"}],"curies":[{"name":"wp","href":"https:\/\/api.w.org\/{rel}","templated":true}]}}