{"id":220,"date":"2018-11-15T12:44:59","date_gmt":"2018-11-15T10:44:59","guid":{"rendered":"http:\/\/disseny-test.uoc.edu\/materials\/tfg\/?page_id=220"},"modified":"2019-01-16T14:36:57","modified_gmt":"2019-01-16T12:36:57","slug":"bibliografia","status":"publish","type":"page","link":"http:\/\/disseny-test.uoc.edu\/materials\/tfg\/bibliografia\/","title":{"rendered":"Bibliografia"},"content":{"rendered":"<p><strong>Garc\u00eda, D.; Planas, E<\/strong>. <em>Qu\u00e8 \u00e9s un treball final als Estudis d\u2019Inform\u00e0tica, Multim\u00e8dia i Telecomunicaci\u00f3?<\/em><\/p>\n<p><a href=\"https:\/\/biblioteca.ugr.es\/pages\/tfg\/recomendaciones-para-su-elaboracion\" target=\"_blank\" rel=\"noopener\">https:\/\/biblioteca.ugr.es\/pages\/tfg\/recomendaciones-para-su-elaboracion<\/a><\/p>\n<p><a href=\"https:\/\/dribbble.com\/xacademy\" target=\"_blank\" rel=\"noopener\">https:\/\/dribbble.com\/xacademy<\/a><\/p>\n<p><a href=\"https:\/\/www.baued.es\/ca\/assignatures\/treball-fi-de-grau\" target=\"_blank\" rel=\"noopener\">https:\/\/www.baued.es\/ca\/assignatures\/treball-fi-de-grau<\/a><\/p>\n<p><a href=\"http:\/\/www.elisava.net\/ca\/centre\/noticies\/els-millors-projectes-disseny-i-enginyeria-guanyadors-dels-premis-ei-delisava-2015\" target=\"_blank\" rel=\"noopener\">http:\/\/www.elisava.net\/ca\/centre\/noticies\/els-millors-projectes-disseny-i-enginyeria-guanyadors-dels-premis-ei-delisava-2015<\/a><\/p>\n<p><a href=\"http:\/\/www.escolamassana.cat\/ca\/treball-de-final-de-grau_15537.pdf\" target=\"_blank\" rel=\"noopener\">http:\/\/www.escolamassana.cat\/ca\/treball-de-final-de-grau_15537.pdf<\/a><\/p>\n<p><a href=\"http:\/\/www.lmi.ub.edu\/docencia\/tfg\/c0\/documents\/Como_hacer_un_TFG.pdf\" target=\"_blank\" rel=\"noopener\">http:\/\/www.lmi.ub.edu\/docencia\/tfg\/c0\/documents\/Como_hacer_un_TFG.pdf<\/a><\/p>\n<p><a href=\"https:\/\/www.lucidchart.com\/pages\/es\/qu%C3%A9-es-un-wireframe-para-un-sitio-web\" target=\"_blank\" rel=\"noopener\">https:\/\/www.lucidchart.com\/pages\/es\/qu%C3%A9-es-un-wireframe-para-un-sitio-web<\/a><\/p>\n<p><a href=\"https:\/\/mosaic.uoc.edu\/2018\/05\/16\/analisis-de-una-narracion-interactiva-sobre-la-primera-guerra-mundial\/\" target=\"_blank\" rel=\"noopener\"> https:\/\/mosaic.uoc.edu\/2018\/05\/16\/analisis-de-una-narracion-interactiva-sobre-la-primera-guerra-mundial\/<\/a><\/p>\n<p><a href=\"http:\/\/xn--designthinkingespaa-d4b.com\/prototipar\" target=\"_blank\" rel=\"noopener\">http:\/\/xn--designthinkingespaa-d4b.com\/prototipar<\/a><\/p>\n<p><a href=\"https:\/\/mosaic.uoc.edu\/2017\/09\/29\/chord-una-red-para-potenciar-la-musica-en-vivo\/\" target=\"_blank\" rel=\"noopener\">https:\/\/mosaic.uoc.edu\/2017\/09\/29\/chord-una-red-para-potenciar-la-musica-en-vivo\/<\/a><\/p>\n<p><a href=\"https:\/\/mosaic.uoc.edu\/2017\/11\/23\/diseno-de-una-aplicacion-movil-para-la-consulta-personalizada-de-ayudas-becas-y-subvenciones\/\" target=\"_blank\" rel=\"noopener\">https:\/\/mosaic.uoc.edu\/2017\/11\/23\/diseno-de-una-aplicacion-movil-para-la-consulta-personalizada-de-ayudas-becas-y-subvenciones\/<\/a><\/p>\n<p><a href=\"https:\/\/mosaic.uoc.edu\/tag\/experiencias\/\" target=\"_blank\" rel=\"noopener\">https:\/\/mosaic.uoc.edu\/tag\/experiencias\/<\/a><\/p>\n<p><a href=\"http:\/\/tecnologiasweb.jsenso.es\/como-hacer-un-tfg\/\" target=\"_blank\" rel=\"noopener\">http:\/\/tecnologiasweb.jsenso.es\/como-hacer-un-tfg\/<\/a><\/p>\n<p><a href=\"http:\/\/www.ub.edu\/tfg\/10-consells-per-redactar-el-treball-final-de-grau\" target=\"_blank\" rel=\"noopener\">http:\/\/www.ub.edu\/tfg\/10-consells-per-redactar-el-treball-final-de-grau<\/a><\/p>\n<p><a href=\"http:\/\/xn--designthinkingespaa-d4b.com\/prototipar\" target=\"_blank\" rel=\"noopener\">http:\/\/xn--designthinkingespaa-d4b.com\/prototipar<\/a><\/p>\n","protected":false},"excerpt":{"rendered":"<p>Garc\u00eda, D.; Planas, E. Qu\u00e8 \u00e9s un treball final als Estudis d\u2019Inform\u00e0tica, Multim\u00e8dia i Telecomunicaci\u00f3? https:\/\/biblioteca.ugr.es\/pages\/tfg\/recomendaciones-para-su-elaboracion https:\/\/dribbble.com\/xacademy https:\/\/www.baued.es\/ca\/assignatures\/treball-fi-de-grau http:\/\/www.elisava.net\/ca\/centre\/noticies\/els-millors-projectes-disseny-i-enginyeria-guanyadors-dels-premis-ei-delisava-2015 http:\/\/www.escolamassana.cat\/ca\/treball-de-final-de-grau_15537.pdf http:\/\/www.lmi.ub.edu\/docencia\/tfg\/c0\/documents\/Como_hacer_un_TFG.pdf https:\/\/www.lucidchart.com\/pages\/es\/qu%C3%A9-es-un-wireframe-para-un-sitio-web https:\/\/mosaic.uoc.edu\/2018\/05\/16\/analisis-de-una-narracion-interactiva-sobre-la-primera-guerra-mundial\/ http:\/\/xn--designthinkingespaa-d4b.com\/prototipar https:\/\/mosaic.uoc.edu\/2017\/09\/29\/chord-una-red-para-potenciar-la-musica-en-vivo\/ https:\/\/mosaic.uoc.edu\/2017\/11\/23\/diseno-de-una-aplicacion-movil-para-la-consulta-personalizada-de-ayudas-becas-y-subvenciones\/ https:\/\/mosaic.uoc.edu\/tag\/experiencias\/ http:\/\/tecnologiasweb.jsenso.es\/como-hacer-un-tfg\/ http:\/\/www.ub.edu\/tfg\/10-consells-per-redactar-el-treball-final-de-grau http:\/\/xn--designthinkingespaa-d4b.com\/prototipar<\/p>\n","protected":false},"author":1,"featured_media":0,"parent":0,"menu_order":0,"comment_status":"closed","ping_status":"closed","template":"","meta":{"inline_featured_image":false},"acf":[],"_links":{"self":[{"href":"http:\/\/disseny-test.uoc.edu\/materials\/tfg\/wp-json\/wp\/v2\/pages\/220"}],"collection":[{"href":"http:\/\/disseny-test.uoc.edu\/materials\/tfg\/wp-json\/wp\/v2\/pages"}],"about":[{"href":"http:\/\/disseny-test.uoc.edu\/materials\/tfg\/wp-json\/wp\/v2\/types\/page"}],"author":[{"embeddable":true,"href":"http:\/\/disseny-test.uoc.edu\/materials\/tfg\/wp-json\/wp\/v2\/users\/1"}],"replies":[{"embeddable":true,"href":"http:\/\/disseny-test.uoc.edu\/materials\/tfg\/wp-json\/wp\/v2\/comments?post=220"}],"version-history":[{"count":4,"href":"http:\/\/disseny-test.uoc.edu\/materials\/tfg\/wp-json\/wp\/v2\/pages\/220\/revisions"}],"predecessor-version":[{"id":345,"href":"http:\/\/disseny-test.uoc.edu\/materials\/tfg\/wp-json\/wp\/v2\/pages\/220\/revisions\/345"}],"wp:attachment":[{"href":"http:\/\/disseny-test.uoc.edu\/materials\/tfg\/wp-json\/wp\/v2\/media?parent=220"}],"curies":[{"name":"wp","href":"https:\/\/api.w.org\/{rel}","templated":true}]}}