{"id":340,"date":"2019-01-16T14:33:56","date_gmt":"2019-01-16T12:33:56","guid":{"rendered":"http:\/\/disseny-test.uoc.edu\/materials\/tfg\/?page_id=340"},"modified":"2019-01-16T14:35:51","modified_gmt":"2019-01-16T12:35:51","slug":"7-rubrica-davaluacio","status":"publish","type":"page","link":"http:\/\/disseny-test.uoc.edu\/materials\/tfg\/7-rubrica-davaluacio\/","title":{"rendered":"7. R\u00fabrica d&#8217;avaluaci\u00f3"},"content":{"rendered":"<table width=\"454\">\n<tbody>\n<tr class=\"table-header\">\n<td style=\"text-align: center;\" rowspan=\"2\" width=\"173\">Criteris d&#8217;avaluaci\u00f3<\/td>\n<td style=\"text-align: center;\" colspan=\"4\" width=\"1053\">Grau d&#8217;assoliment<\/td>\n<\/tr>\n<tr class=\"table-header\">\n<td style=\"text-align: center;\" width=\"253\"><strong>No arriba al m\u00ednim (C-)<\/strong><\/td>\n<td style=\"text-align: center;\" width=\"256\"><strong>\u00a0M\u00ednim exigible (C+)<\/strong><\/td>\n<td style=\"text-align: center;\" width=\"272\"><strong>Desitjable (B)<\/strong><\/td>\n<td style=\"text-align: center;\" width=\"272\"><strong>Excel\u00b7l\u00e8ncia (A)<\/strong><\/td>\n<\/tr>\n<tr class=\"table-header-sec\">\n<td colspan=\"5\">\n<p style=\"text-align: center;\">A<span style=\"font-family: inherit; font-size: inherit;\">SPECTES FORMALS O INSTRUMENTALS 20%<\/span><\/p>\n<\/td>\n<\/tr>\n<tr>\n<td width=\"173\">Estructura, format i correcci\u00f3 gramatical<\/td>\n<td width=\"253\">Organitzaci\u00f3 inadequada dels continguts. No se segueixen els apartats assenyalats en la guia del TFM. No hi ha un fil conductor definit.<\/p>\n<p>No es respecten les normes ortogr\u00e0fiques (accentuaci\u00f3 i puntuaci\u00f3), el format \u00e9s inadequat i no s&#8217;empra un llenguatge t\u00e8cnic de rigor.<\/p>\n<p>No es respecta la mida m\u00e0xima de la mem\u00f2ria (90 p\u00e0gines, incloent els annexos).<\/td>\n<td width=\"256\">Els continguts s&#8217;organitzen amb un fil conductor dif\u00edcil de seguir ja que l&#8217;estructura \u00e9s irregular, amb una clara incoher\u00e8ncia entre els apartats o par\u00e0grafs.<\/p>\n<p>Es respecten les normes ortogr\u00e0fiques, encara que s&#8217;aprecien algunes errades. El llenguatge empleat no \u00e9s t\u00e8cnic.<\/p>\n<p>Es\u00a0 respecta la mida m\u00e0xima de la mem\u00f2ria (90 p\u00e0gines, incloent els annexos).<\/td>\n<td width=\"272\">S&#8217;organitzen adequadament els continguts amb un fil conductor coherent, tot i que hi ha alguns par\u00e0grafs o continguts espec\u00edfics mal desenvolupats.<\/p>\n<p>Es respecten les normes ortogr\u00e0fiques. S&#8217;empra un llenguatge t\u00e8cnic, encara que hi ha algunes errades d&#8217;expressi\u00f3.<\/p>\n<p>Es\u00a0\u00a0 respecta la mida m\u00e0xima de la mem\u00f2ria (90 p\u00e0gines, incloent els annexos).<\/td>\n<td width=\"272\">L&#8217;organitzaci\u00f3 dels continguts \u00e9s adequada, seguint els apartats assenyalats a la normativa del TFM, i mostrant un fil conductor coherent i f\u00e0cil de seguir.<\/p>\n<p>El nivell de redacci\u00f3 \u00e9s apropiat, complint amb les normes ortogr\u00e0fiques i emprant un llenguatge t\u00e8cnic i prec\u00eds.<\/p>\n<p>Es\u00a0 respecta la mida m\u00e0xima de la mem\u00f2ria (90 p\u00e0gines, incloent els annexos).<\/td>\n<\/tr>\n<tr>\n<td width=\"173\">Normativa bibliogr\u00e0fica de la UOC<br \/>\n(cites, refer\u00e8ncies,<br \/>\ntaules, figures, &#8230;)<\/td>\n<td width=\"253\">Hi ha un esc\u00e0s nombre de refer\u00e8ncies, a partir de manuals generals o fonts web sense garantia de qualitat. No se segueix una normativa, ni en les refer\u00e8ncies ni en l&#8217;\u00fas de taules i figures. El text plagia altres autors.<\/td>\n<td width=\"256\">S&#8217;aprecien cites i refer\u00e8ncies de qualitat (principalment articles de revistes cient\u00edfiques) que no segueixen una normativa en la seva majoria. Hi ha cites que no estan referenciades o refer\u00e8ncies que no apareixen citades. Les taules i figures es regeixen per una normativa de forma irregular (per exemple, taula correcta per\u00f2 llegenda incorrecta).<\/td>\n<td width=\"272\">S&#8217;aprecien cites i refer\u00e8ncies de qualitat (articles de revistes cient\u00edfiques), que segueixen una normativa concreta, encara que hi ha algunes errades en la seva aplicaci\u00f3. Tamb\u00e9 hi ha petits errors en l&#8217;\u00fas de les taules i figures (per exemple, situar la llegenda d&#8217;una figura sobre la mateixa).<\/td>\n<td width=\"272\">S&#8217;aprecien cites i refer\u00e8ncies de qualitat (principalment articles de revistes cient\u00edfiques), amb una aplicaci\u00f3 excel\u00b7lent de la normativa. Tamb\u00e9 s&#8217;aprecia un bon \u00fas de la normativa en les taules i figures.<\/td>\n<\/tr>\n<tr>\n<td width=\"173\">Tria i utilitzaci\u00f3 de les eines TIC adequades<\/td>\n<td width=\"253\">L&#8217;estudiant no ha estat capa\u00e7 de localitzar cap informaci\u00f3 o recurs clau per al treball.<\/p>\n<p>Els productes lliurats (pla de projecte, documents intermedis, presentaci\u00f3, mem\u00f2ria) tenen defectes importants que en dificulten la lectura o la comprensi\u00f3 a causa d&#8217;un \u00fas incorrecte del programari i de les eines utilitzades.<\/td>\n<td width=\"256\">L&#8217;estudiant sap utilitzar de forma aut\u00f2noma els materials i recursos de l&#8217;aula, els cercadors d&#8217;internet generalistes i la biblioteca de la UOC per a localitzar la informaci\u00f3 b\u00e0sica.<\/p>\n<p>Coneix i treballa amb les eines b\u00e0siques per a tractar la informaci\u00f3 (Word, Excel, InDesign, etc.).<\/p>\n<p>\u00c9s capa\u00e7 de descarregar\u00a0 i utilitzar el programari necessari per a desenvolupar el treball i actualitzar-lo.<\/td>\n<td width=\"272\">L&#8217;estudiant sap avaluar el nivell de fiabilitat i credibilitat de les diferents fonts d&#8217;informaci\u00f3.<\/p>\n<p>\u00c9s capa\u00e7 de buscar les fonts d&#8217;informaci\u00f3 relacionades a partir d&#8217;una font inicial seguint les citacions, enlla\u00e7os, bibliografia&#8230;<\/p>\n<p>Treballa correctament amb les eines espec\u00edfiques per a tractar cada tipus d&#8217;informaci\u00f3 (base de dades, etc.)\u00a0 i amb el programari necessari per a desenvolupar el treball.<\/td>\n<td width=\"272\">L&#8217;estudiant sap seleccionar amb rigor la informaci\u00f3 de fonts especialitzades afins a la tem\u00e0tica del treball.<\/p>\n<p>Empra, si s&#8217;escau, noves eines addicionals per a millorar el proc\u00e9s de tractament de la informaci\u00f3, i tamb\u00e9 el programari espec\u00edfic que optimitza el desenvolupament del treball o millora el producte obtingut.<\/td>\n<\/tr>\n<tr>\n<td width=\"173\">Traducci\u00f3 a l&#8217;angl\u00e8s del resum de la mem\u00f2ria final<\/td>\n<td width=\"253\">La mem\u00f2ria no incorpora un resum en angl\u00e8s o la qualitat d&#8217;aquest resum \u00e9s equivalent a la sortida d&#8217;un traductor autom\u00e0tic.<\/td>\n<td width=\"256\">El resum del treball en angl\u00e8s \u00e9s comprensible per al lector i no cont\u00e9 moltes errades (tot i que en pot tenir alguna).<\/td>\n<td width=\"272\">El resum del treball \u00e9s clar, comprensible i no cont\u00e9 errades.<\/td>\n<td width=\"272\">L&#8217;estudiant tria el vocabulari t\u00e8cnic de forma apropiada i el resum del treball \u00e9s clar, comprensible i no cont\u00e9 errades.<\/td>\n<\/tr>\n<tr class=\"table-header-sec\">\n<td colspan=\"5\">\n<p style=\"text-align: center;\">CONTINGUTS 60%<\/p>\n<\/td>\n<\/tr>\n<tr>\n<td width=\"173\">Introducci\u00f3- justificaci\u00f3<\/td>\n<td width=\"253\">L&#8217;estructura no \u00e9s coherent, cosa que dificulta el seguiment de l&#8217;estudi o treball. No hi ha definicions b\u00e0siques sobre els conceptes clau i no hi ha estudis o autors que sustentin la import\u00e0ncia del treball o s&#8217;ha fet una an\u00e0lisi que ha deixat de banda els aspectes fonamentals.<\/td>\n<td width=\"256\">En la seva estructura,\u00a0 manca una mica de coher\u00e8ncia i ordre progressiu que permeti a alg\u00fa no familiaritzat amb el tema seguir amb garanties la feina.<br \/>\nTot i que manquen algunes definicions sobre els conceptes clau, les fonamentals estan exposades, per\u00f2 amb prou feines es justifica la import\u00e0ncia del treball basant-se en estudis i autors rellevants.<\/td>\n<td width=\"272\">La seva estructura \u00e9s coherent i progressiva, i permet que alg\u00fa no familiaritzat amb el tema en faci el seu seguiment. L&#8217;estudiant aporta alguna definici\u00f3 necess\u00e0ria sobre els conceptes clau i justifica la import\u00e0ncia del treball basant-se, parcialment, en estudis i autors rellevants. Identifica tots els aspectes rellevants del problema a resoldre i \u00e9s capa\u00e7 d&#8217;abstreure la informaci\u00f3 que no \u00e9s rellevant del context actual.<\/td>\n<td width=\"272\">Ostenta una forta estructura coherent i progressiva, que permet a alg\u00fa no familiaritzat amb el tema el seu enteniment, aportant les definicions necess\u00e0ries sobre els conceptes clau. Es justifica la import\u00e0ncia del treball d&#8217;acord amb els estudis i autors representatius de la tem\u00e0tica. L&#8217;estudiant descriu com ha de ser una soluci\u00f3 al problema, tenint en compte els <em>trade-off<\/em> que hi ha entre les diferents variables del problema (cost econ\u00f2mic, efici\u00e8ncia, temps de desenvolupament, usabilitat, &#8230;).<\/td>\n<\/tr>\n<tr>\n<td width=\"173\">Objectius i hip\u00f2tesis<\/td>\n<td width=\"253\">La seva definici\u00f3 no \u00e9s adequada ni pertinent, i no es correspon amb el treball realitzat.<\/td>\n<td width=\"256\">La seva definici\u00f3 no \u00e9s del tot clara ni pertinent, i presenta disson\u00e0ncies amb el treball realitzat.<\/td>\n<td width=\"272\">La seva definici\u00f3 \u00e9s prou clara i assolible, tenint en compte el temps i els recursos disponibles, per\u00f2 presenta alguna disson\u00e0ncia amb el treball realitzat.<\/td>\n<td width=\"272\">La seva definici\u00f3 \u00e9s clara, pertinent i s&#8217;ha establert una prioritzaci\u00f3 entre els diferents objectius del projecte. Quan s&#8217;escau, s&#8217;utilitza aquesta prioritzaci\u00f3 per a prendre decisions.<\/td>\n<\/tr>\n<tr>\n<td>M\u00e8tode<\/td>\n<td width=\"253\">La metodologia \u00e9s confusa, no es compr\u00e8n el proc\u00e9s dut a terme a la feina i \u00e9s poc coherent amb els objectius del treball i t\u00e9 defectes importants.<\/td>\n<td width=\"256\">La metodologia \u00e9s poc clara i manquen alguns apartats necessaris per a la seva comprensi\u00f3 completa. No \u00e9s del tot coherent amb els objectius del treball.<\/td>\n<td width=\"272\">Es descriu adequadament la metodologia seguida i \u00e9s coherent amb els objectius marcats, per\u00f2 presenta algunes llacunes per a la seva comprensi\u00f3 completa.<\/td>\n<td width=\"272\">Descriu perfectament la metodologia emprada i \u00e9s totalment coherent amb els objectius plantejats en el treball.<\/td>\n<\/tr>\n<tr>\n<td width=\"173\">Planificaci\u00f3 temporal i dels recursos<\/td>\n<td width=\"253\">No s&#8217;ha fet una planificaci\u00f3 del projecte tenint en compte els recursos disponibles o la planificaci\u00f3 realitzada no \u00e9s gens realista o \u00e9s massa general per a ser \u00fatil per al desenvolupament del treball.<\/td>\n<td width=\"256\">S&#8217;ha realitzat un diagrama de Gantt o similar identificant les tasques i els recursos necessaris per a cada tasca (durada, responsable, &#8230;), relacions de depend\u00e8ncia entre<\/p>\n<p>aquestes.<\/p>\n<p>El diagrama inclou les tasques essencials per al projecte a elaborar i la metodologia seleccionada,\u00a0 i captura les relacions de depend\u00e8ncia imprescindibles.<\/p>\n<p>La planificaci\u00f3 s&#8217;ajusta al marc temporal del projecte (data d&#8217;inici i final, calendari de fites, 300 hores de durada total).<\/td>\n<td width=\"272\">La durada estimada per a cada tasca \u00e9s coherent amb la seva complexitat, les caracter\u00edstiques del problema i les compet\u00e8ncies de l&#8217;estudiant.<\/p>\n<p>El calendari t\u00e9 en compte la dedicaci\u00f3 de l&#8217;estudiant,\u00a0 la disponibilitat dels recursos i les dates especials del calendari (festius, ponts, vacances, &#8230;).<\/td>\n<td width=\"272\">L&#8217;estudiant ha tingut en compte el seu nivell de coneixement i experi\u00e8ncia en cada \u00e0mbit del treball a l&#8217;hora d&#8217;establir la durada de les tasques.<\/p>\n<p>La planificaci\u00f3 considera expl\u00edcitament les activitats pertinents de car\u00e0cter no t\u00e8cnic (redacci\u00f3 de la mem\u00f2ria, elaboraci\u00f3 de la presentaci\u00f3, &#8230;).<\/td>\n<\/tr>\n<tr>\n<td width=\"173\">Seguiment peri\u00f2dic de la planificaci\u00f3<\/td>\n<td width=\"253\">No es revisa l&#8217;acompliment de la planificaci\u00f3 inicial durant l&#8217;elaboraci\u00f3 del treball.<\/td>\n<td width=\"256\">Es detecten desviacions de la planificaci\u00f3 quan ja s\u00f3n greus, per\u00f2 se n&#8217;identifiquen les causes i es proposen solucions per a garantir l&#8217;assoliment dels objectius (increment de la dedicaci\u00f3, canvis en la planificaci\u00f3, canvis en els objectius, &#8230;).<\/td>\n<td width=\"272\">Es detecten desviacions de la planificaci\u00f3 abans que siguin greus.<\/p>\n<p>Les causes de les desviacions aparegudes s&#8217;havien previst en l&#8217;an\u00e0lisi inicial dels riscos (exceptuant les incid\u00e8ncies fora del control de l&#8217;estudiant).<\/td>\n<td width=\"272\">La planificaci\u00f3 real \u00e9s propera a la planificaci\u00f3 proposada inicialment (excloent les incid\u00e8ncies fora del control de l&#8217;estudiant).<\/p>\n<p>Els canvis proposats en la planificaci\u00f3 (quan s&#8217;escau) s\u00f3n necessaris, realistes i adequats a l&#8217;estat del treball.<\/td>\n<\/tr>\n<tr>\n<td>Producte\/Resultat final<\/td>\n<td width=\"253\">El producte o resultat final no assoleix els objectius inicialment definits en el pla de treball o no assoleix una qualitat m\u00ednima ni s&#8217;ajusta als criteris, normatives i bones pr\u00e0ctiques de l&#8217;\u00e0rea del treball. El treball cont\u00e9 errades greus de conceptualitzaci\u00f3, disseny o implementaci\u00f3.<\/td>\n<td width=\"256\">El producte o resultat final assoleix els objectius inicialment definits en el pla de treball, no presenta cap mancan\u00e7a important i t\u00e9 una qualitat t\u00e8cnica acceptable i suficient.<\/p>\n<p>El producte no cont\u00e9 errades que afectin el seu funcionament o viabilitat. Per exemple, en el cas d&#8217;una aplicaci\u00f3, s&#8217;hauria d&#8217;executar i produir el resultat esperat en les situacions previstes en el treball.<\/p>\n<p>Hi ha errades poc significatives en algun aspecte del desenvolupament del treball.<\/td>\n<td width=\"272\">El producte o resultat final s&#8217;ha desenvolupat d&#8217;acord amb els criteris, normatives i bones pr\u00e0ctiques de l&#8217;\u00e0rea del treball. La qualitat t\u00e8cnica del producte o resultat final \u00e9s bona d&#8217;acord amb els criteris, normatives i bones pr\u00e0ctiques de l&#8217;\u00e0rea.<\/p>\n<p>El desenvolupament del projecte es realitza d&#8217;acord amb les etapes i les activitats previstes en la disciplina.<\/p>\n<p>El producte satisf\u00e0 els criteris de qualitat rellevants al domini. Per exemple, en el cas d&#8217;un producte de programari: efici\u00e8ncia, usabilitat, modularitat, extensibilitat, facilitat de comprensi\u00f3 del codi, exist\u00e8ncia de casos de prova&#8230; Hi ha algun \u00e0mbit el grau de qualitat del qual \u00e9s millorable.<\/td>\n<td width=\"272\">El producte o resultat final s&#8217;ha desenvolupat d&#8217;acord amb els criteris, normatives i bones pr\u00e0ctiques de l&#8217;\u00e0rea del treball. La qualitat t\u00e8cnica del producte o el resultat final \u00e9s excel\u00b7lent, atenent els criteris, les normatives i les bones pr\u00e0ctiques de l&#8217;\u00e0rea del treball. Assoleix amb escreix els objectius inicialment definits en el pla de treball.<\/td>\n<\/tr>\n<tr>\n<td width=\"173\">Conclusions, autoavaluaci\u00f3\u00a0 i l\u00ednies futures<\/td>\n<td width=\"253\">No s&#8217;indiquen ( o s&#8217;indiquen amb una clara manca de coher\u00e8ncia) les conclusions, ni l&#8217;autoavaluaci\u00f3 del treball, ni les futures l\u00ednies d&#8217;investigaci\u00f3.<\/td>\n<td width=\"256\">S&#8217;aprecien unes conclusions breus encara que coherents. Amb prou feines es plantegen noves perspectives d&#8217;investigaci\u00f3.<\/p>\n<p>L&#8217;estudiant valora el grau d&#8217;\u00e8xit i frac\u00e0s del treball a partir dels indicadors donats i els objectius inicials i justifica raonadament el nivell d&#8217;assoliment de cada indicador.<\/td>\n<td width=\"272\">Es desenvolupen unes conclusions adequades i unes l\u00ednies futures de recerca d&#8217;acord amb els continguts tractats a la feina, tot i que s&#8217;aprecia algun error en l&#8217;estructura o seq\u00fc\u00e8ncia l\u00f2gica dels continguts.<\/p>\n<p>L&#8217;estudiant identifica les causes de l&#8217;\u00e8xit o el frac\u00e0s del treball, per\u00f2 \u00e9s capa\u00e7 d&#8217;argumentar cr\u00edticament els motius per mitj\u00e0 dels indicadors.<\/p>\n<p>&nbsp;<\/td>\n<td width=\"272\">Les conclusions estan molt ben desenvolupades i s\u00f3n coherents amb el contingut del treball, i tamb\u00e9 amb les possibles l\u00ednies futures de recerca.<\/td>\n<\/tr>\n<tr class=\"table-header-sec\">\n<td colspan=\"5\">\n<p style=\"text-align: center;\">DEFENSA 20%<\/p>\n<\/td>\n<\/tr>\n<tr>\n<td width=\"173\">Defensa dels resultats: Presentaci\u00f3 i orat\u00f2ria (v\u00eddeo 20 minuts m\u00e0xim)<\/td>\n<td width=\"253\">La presentaci\u00f3 no inclou els aspectes m\u00e9s rellevants del treball i dels resultats o, per contra, intenta reproduir la mem\u00f2ria al complet.<\/p>\n<p>El llenguatge utilitzat no \u00e9s adequat ni t\u00e8cnic, i el llenguatge corporal \u00e9s r\u00edgid i tens. A m\u00e9s, el to no t\u00e9 coher\u00e8ncia amb la informaci\u00f3 que aporta i la seva explicaci\u00f3 no \u00e9s gens clara ni ordenada, havent-hi un desajust important en el temps d&#8217;exposici\u00f3.<\/td>\n<td width=\"256\">La presentaci\u00f3 \u00e9s autocontinguda i introdueix el treball des de zero. Cont\u00e9 la part m\u00e9s rellevant de la informaci\u00f3 de la mem\u00f2ria: objectius, planificaci\u00f3, desenvolupament i resultats.<\/p>\n<p>La presentaci\u00f3 \u00e9s agradable visualment i l&#8217;estil gr\u00e0fic (colors, tipus de lletra, etc.) no dificulta la comprensi\u00f3 dels continguts.<\/p>\n<p>El llenguatge utilitzat no \u00e9s del tot correcte ni t\u00e8cnic, apreciant una postura i un llenguatge corporal no gaire expressiu. A m\u00e9s,\u00a0 la seva explicaci\u00f3 t\u00e9 una manca de claredat i ordre, tot i que respecta el temps m\u00e0xim de l&#8217;exposici\u00f3.<\/td>\n<td width=\"272\">Visualment \u00e9s sint\u00e8tica i no cont\u00e9 un exc\u00e9s d&#8217;informaci\u00f3 ni redund\u00e0ncies. La presentaci\u00f3 exposa els continguts de forma gr\u00e0fica i oral m\u00e9s que no pas de forma textual.<\/p>\n<p>El llenguatge utilitzat \u00e9s correcte i una mica t\u00e8cnic, apreciant un bon llenguatge corporal gaireb\u00e9 tota l&#8217;estona. A m\u00e9s, el to de veu \u00e9s, en ocasions, adequat a la import\u00e0ncia de la informaci\u00f3 que aporta, la seva explicaci\u00f3 \u00e9s clara i prou ordenada i s&#8217;ajusta al temps d&#8217;exposici\u00f3.<\/td>\n<td width=\"272\">La presentaci\u00f3 \u00e9s visualment molt atractiva i facilita la comunicaci\u00f3. El llenguatge utilitzat \u00e9s pertinent i t\u00e8cnic, apreciant, en tot moment, un bon llenguatge corporal. A m\u00e9s, el to de veu \u00e9s molt adequat a la import\u00e0ncia de la informaci\u00f3 que aporta i la seva explicaci\u00f3 \u00e9s clara i ordenada, ajustant el seu discurs al temps disponible.<\/p>\n<p>La valoraci\u00f3 del grau d&#8217;assoliment de cada indicador \u00e9s realista i s&#8217;ajusta a les evid\u00e8ncies disponibles en el projecte. L&#8217;estudiant explica cr\u00edticament les conclusions que ha extret de l&#8217;activitat (qu\u00e8 milloraria respecte de la proposta inicial i qu\u00e8 repetiria sense canvis).<\/td>\n<\/tr>\n<tr>\n<td width=\"173\">Preguntes\/aclariments per al jurat<\/td>\n<td width=\"253\">La seva resposta \u00e9s insuficient i demostra una manca d&#8217;argumentaci\u00f3 o de base professional.<\/td>\n<td width=\"256\">La seva resposta \u00e9s suficient, per\u00f2 t\u00e9 una manca d&#8217;argumentaci\u00f3 o de base professional.<\/td>\n<td width=\"272\">La seva resposta \u00e9s adequada, amb una molt breu argumentaci\u00f3 o base professional.<\/td>\n<td width=\"272\">La seva resposta \u00e9s molt adequada a la pregunta o aclariment, amb una bona argumentaci\u00f3 o base professional.<\/td>\n<\/tr>\n<\/tbody>\n<\/table>\n","protected":false},"excerpt":{"rendered":"<p>Criteris d&#8217;avaluaci\u00f3 Grau d&#8217;assoliment No arriba al m\u00ednim (C-) \u00a0M\u00ednim exigible (C+) Desitjable (B) Excel\u00b7l\u00e8ncia (A) ASPECTES FORMALS O INSTRUMENTALS 20% Estructura, format i correcci\u00f3 gramatical Organitzaci\u00f3 inadequada dels continguts. No se segueixen els apartats assenyalats en la guia del TFM. No hi ha un fil conductor definit. No es respecten les normes ortogr\u00e0fiques (accentuaci\u00f3 [&hellip;]<\/p>\n","protected":false},"author":1,"featured_media":0,"parent":0,"menu_order":0,"comment_status":"closed","ping_status":"closed","template":"","meta":{"inline_featured_image":false},"acf":[],"_links":{"self":[{"href":"http:\/\/disseny-test.uoc.edu\/materials\/tfg\/wp-json\/wp\/v2\/pages\/340"}],"collection":[{"href":"http:\/\/disseny-test.uoc.edu\/materials\/tfg\/wp-json\/wp\/v2\/pages"}],"about":[{"href":"http:\/\/disseny-test.uoc.edu\/materials\/tfg\/wp-json\/wp\/v2\/types\/page"}],"author":[{"embeddable":true,"href":"http:\/\/disseny-test.uoc.edu\/materials\/tfg\/wp-json\/wp\/v2\/users\/1"}],"replies":[{"embeddable":true,"href":"http:\/\/disseny-test.uoc.edu\/materials\/tfg\/wp-json\/wp\/v2\/comments?post=340"}],"version-history":[{"count":4,"href":"http:\/\/disseny-test.uoc.edu\/materials\/tfg\/wp-json\/wp\/v2\/pages\/340\/revisions"}],"predecessor-version":[{"id":344,"href":"http:\/\/disseny-test.uoc.edu\/materials\/tfg\/wp-json\/wp\/v2\/pages\/340\/revisions\/344"}],"wp:attachment":[{"href":"http:\/\/disseny-test.uoc.edu\/materials\/tfg\/wp-json\/wp\/v2\/media?parent=340"}],"curies":[{"name":"wp","href":"https:\/\/api.w.org\/{rel}","templated":true}]}}