{"id":162,"date":"2018-12-31T10:29:21","date_gmt":"2018-12-31T08:29:21","guid":{"rendered":"http:\/\/disseny-test.uoc.edu\/materials\/tipografia-avan\/?page_id=162"},"modified":"2019-01-03T12:47:47","modified_gmt":"2019-01-03T10:47:47","slug":"1-2-1-la-capital-romana","status":"publish","type":"page","link":"http:\/\/disseny-test.uoc.edu\/materials\/tipografia-avan\/es\/1-2-1-la-capital-romana\/","title":{"rendered":"1.2.1. La capital romana"},"content":{"rendered":"<p>La may\u00fascula romana, tambi\u00e9n llamada <em>Capitalis Monumentalis<\/em>, may\u00fascula lapidaria o may\u00fascula monumental, es considerada como el paradigma cl\u00e1sico de la perfecci\u00f3n en lo que se refiere a formas de letras.<\/p>\n<p>Este estilo se tallaba en piedra sobre monumentos y tumbas y serv\u00eda generalmente para conmemorar los logros del imperio romano. La perfecci\u00f3n de sus proporciones ha tenido una enorme influencia a trav\u00e9s de los tiempos, y todav\u00eda hoy seguimos emple\u00e1ndolas como base de las may\u00fasculas en nuestro alfabeto latino.<\/p>\n<p>La capital romana est\u00e1 formada por figuras geom\u00e9tricas simples (c\u00edrculos, cuadrados y tri\u00e1ngulos) y se puede decir que sus formas son naturales y pulcras.<\/p>\n<figure id=\"attachment_72\" aria-describedby=\"caption-attachment-72\" style=\"width: 800px\" class=\"wp-caption alignnone\"><img loading=\"lazy\" class=\"wp-image-72 size-full\" src=\"http:\/\/disseny-test.uoc.edu\/materials\/tipografia-avan\/wp-content\/uploads\/sites\/13\/2018\/12\/20140_m1_003.jpg\" alt=\"\" width=\"800\" height=\"390\" srcset=\"http:\/\/disseny-test.uoc.edu\/materials\/tipografia-avan\/wp-content\/uploads\/sites\/13\/2018\/12\/20140_m1_003.jpg 800w, http:\/\/disseny-test.uoc.edu\/materials\/tipografia-avan\/wp-content\/uploads\/sites\/13\/2018\/12\/20140_m1_003-300x146.jpg 300w, http:\/\/disseny-test.uoc.edu\/materials\/tipografia-avan\/wp-content\/uploads\/sites\/13\/2018\/12\/20140_m1_003-768x374.jpg 768w\" sizes=\"(max-width: 800px) 100vw, 800px\" \/><figcaption id=\"caption-attachment-72\" class=\"wp-caption-text\">Esp\u00e9cimen de alfabeto de capitales romanas trazadas con pincel caligr\u00e1fico de pelo de marta. Trabajo de John Stevens. Origen: Claude Mediavilla. <em>Caligraf\u00eda<\/em>.<\/figcaption><\/figure>\n","protected":false},"excerpt":{"rendered":"<p>La may\u00fascula romana, tambi\u00e9n llamada Capitalis Monumentalis, may\u00fascula lapidaria o may\u00fascula monumental, es considerada como el paradigma cl\u00e1sico de la perfecci\u00f3n en lo que se refiere a formas de letras. Este estilo se tallaba en piedra sobre monumentos y tumbas y serv\u00eda generalmente para conmemorar los logros del imperio romano. La perfecci\u00f3n de sus proporciones [&hellip;]<\/p>\n","protected":false},"author":1,"featured_media":0,"parent":0,"menu_order":0,"comment_status":"closed","ping_status":"closed","template":"","meta":{"inline_featured_image":false},"acf":[],"_links":{"self":[{"href":"http:\/\/disseny-test.uoc.edu\/materials\/tipografia-avan\/es\/wp-json\/wp\/v2\/pages\/162"}],"collection":[{"href":"http:\/\/disseny-test.uoc.edu\/materials\/tipografia-avan\/es\/wp-json\/wp\/v2\/pages"}],"about":[{"href":"http:\/\/disseny-test.uoc.edu\/materials\/tipografia-avan\/es\/wp-json\/wp\/v2\/types\/page"}],"author":[{"embeddable":true,"href":"http:\/\/disseny-test.uoc.edu\/materials\/tipografia-avan\/es\/wp-json\/wp\/v2\/users\/1"}],"replies":[{"embeddable":true,"href":"http:\/\/disseny-test.uoc.edu\/materials\/tipografia-avan\/es\/wp-json\/wp\/v2\/comments?post=162"}],"version-history":[{"count":2,"href":"http:\/\/disseny-test.uoc.edu\/materials\/tipografia-avan\/es\/wp-json\/wp\/v2\/pages\/162\/revisions"}],"predecessor-version":[{"id":166,"href":"http:\/\/disseny-test.uoc.edu\/materials\/tipografia-avan\/es\/wp-json\/wp\/v2\/pages\/162\/revisions\/166"}],"wp:attachment":[{"href":"http:\/\/disseny-test.uoc.edu\/materials\/tipografia-avan\/es\/wp-json\/wp\/v2\/media?parent=162"}],"curies":[{"name":"wp","href":"https:\/\/api.w.org\/{rel}","templated":true}]}}