{"id":164,"date":"2018-12-31T16:14:44","date_gmt":"2018-12-31T14:14:44","guid":{"rendered":"http:\/\/disseny-test.uoc.edu\/materials\/tipografia-avan\/?page_id=164"},"modified":"2019-01-03T12:47:48","modified_gmt":"2019-01-03T10:47:48","slug":"1-2-2-la-minuscula-carolina","status":"publish","type":"page","link":"http:\/\/disseny-test.uoc.edu\/materials\/tipografia-avan\/es\/1-2-2-la-minuscula-carolina\/","title":{"rendered":"1.2.2. La min\u00fascula carolina"},"content":{"rendered":"<p>Tras la ca\u00edda del imperio romano en el siglo <span class=\"roman\">v<\/span>, Europa occidental se convierte en un mont\u00f3n de regiones aisladas que no tienen la necesidad de comunicarse. Esa falta de informaci\u00f3n cruzada deriv\u00f3 en diferentes evoluciones de las formas de las letras en cada territorio, al igual que ocurri\u00f3 con los idiomas.<\/p>\n<p>En el a\u00f1o 800, el emperador Carlomagno invadi\u00f3 casi toda Europa occidental. Consciente del valor del texto como difusor de ideas y como instrumento de gobernabilidad, encarg\u00f3 a un acad\u00e9mico la creaci\u00f3n de una nueva escritura basada en la uncial romana original. El objetivo era que todas las naciones se sintieran c\u00f3modas con las nuevas formas de las letras, pero que adem\u00e1s les resultaran f\u00e1ciles de leer y escribir.<\/p>\n<p>Las letras min\u00fasculas de nuestro alfabeto latino actual provienen de la min\u00fascula carolina, tambi\u00e9n conocida como fundacional.<\/p>\n<figure id=\"attachment_73\" aria-describedby=\"caption-attachment-73\" style=\"width: 800px\" class=\"wp-caption alignnone\"><img loading=\"lazy\" class=\"size-full wp-image-73\" src=\"http:\/\/disseny-test.uoc.edu\/materials\/tipografia-avan\/wp-content\/uploads\/sites\/13\/2018\/12\/20140_m1_004.jpg\" alt=\"\" width=\"800\" height=\"537\" srcset=\"http:\/\/disseny-test.uoc.edu\/materials\/tipografia-avan\/wp-content\/uploads\/sites\/13\/2018\/12\/20140_m1_004.jpg 800w, http:\/\/disseny-test.uoc.edu\/materials\/tipografia-avan\/wp-content\/uploads\/sites\/13\/2018\/12\/20140_m1_004-300x201.jpg 300w, http:\/\/disseny-test.uoc.edu\/materials\/tipografia-avan\/wp-content\/uploads\/sites\/13\/2018\/12\/20140_m1_004-768x516.jpg 768w\" sizes=\"(max-width: 800px) 100vw, 800px\" \/><figcaption id=\"caption-attachment-73\" class=\"wp-caption-text\">L\u00e1mina de estudio de un modelo de letra carolina cl\u00e1sica. Origen: Claude Mediavilla. <em>Caligraf\u00eda<\/em>.<\/figcaption><\/figure>\n","protected":false},"excerpt":{"rendered":"<p>Tras la ca\u00edda del imperio romano en el siglo , Europa occidental se convierte en un mont\u00f3n de regiones aisladas que no tienen la necesidad de comunicarse. Esa falta de informaci\u00f3n cruzada deriv\u00f3 en diferentes evoluciones de las formas de las letras en cada territorio, al igual que ocurri\u00f3 con los idiomas. En el a\u00f1o [&hellip;]<\/p>\n","protected":false},"author":1,"featured_media":0,"parent":0,"menu_order":0,"comment_status":"closed","ping_status":"closed","template":"","meta":{"inline_featured_image":false},"acf":[],"_links":{"self":[{"href":"http:\/\/disseny-test.uoc.edu\/materials\/tipografia-avan\/es\/wp-json\/wp\/v2\/pages\/164"}],"collection":[{"href":"http:\/\/disseny-test.uoc.edu\/materials\/tipografia-avan\/es\/wp-json\/wp\/v2\/pages"}],"about":[{"href":"http:\/\/disseny-test.uoc.edu\/materials\/tipografia-avan\/es\/wp-json\/wp\/v2\/types\/page"}],"author":[{"embeddable":true,"href":"http:\/\/disseny-test.uoc.edu\/materials\/tipografia-avan\/es\/wp-json\/wp\/v2\/users\/1"}],"replies":[{"embeddable":true,"href":"http:\/\/disseny-test.uoc.edu\/materials\/tipografia-avan\/es\/wp-json\/wp\/v2\/comments?post=164"}],"version-history":[{"count":3,"href":"http:\/\/disseny-test.uoc.edu\/materials\/tipografia-avan\/es\/wp-json\/wp\/v2\/pages\/164\/revisions"}],"predecessor-version":[{"id":269,"href":"http:\/\/disseny-test.uoc.edu\/materials\/tipografia-avan\/es\/wp-json\/wp\/v2\/pages\/164\/revisions\/269"}],"wp:attachment":[{"href":"http:\/\/disseny-test.uoc.edu\/materials\/tipografia-avan\/es\/wp-json\/wp\/v2\/media?parent=164"}],"curies":[{"name":"wp","href":"https:\/\/api.w.org\/{rel}","templated":true}]}}