{"id":169,"date":"2018-12-31T16:21:12","date_gmt":"2018-12-31T14:21:12","guid":{"rendered":"http:\/\/disseny-test.uoc.edu\/materials\/tipografia-avan\/?page_id=169"},"modified":"2019-01-03T12:47:48","modified_gmt":"2019-01-03T10:47:48","slug":"1-2-3-la-letra-italica","status":"publish","type":"page","link":"http:\/\/disseny-test.uoc.edu\/materials\/tipografia-avan\/es\/1-2-3-la-letra-italica\/","title":{"rendered":"1.2.3. La letra it\u00e1lica"},"content":{"rendered":"<p>Una de las dos ramas en que derivar\u00e1 la min\u00fascula carolina es la it\u00e1lica, o human\u00edstica, que supone la escritura caracter\u00edstica del Renacimiento. Con rasgos m\u00e1s abiertos, proporciones m\u00e1s condensadas y caracteres ligeramente m\u00e1s estructurados, la letra it\u00e1lica recupera de forma natural las may\u00fasculas romanas y hace evolucionar la min\u00fascula hacia formas que se pueden ejecutar m\u00e1s r\u00e1pidamente.<\/p>\n<p>La it\u00e1lica, conocida hist\u00f3ricamente como <em>cancilleresca<\/em>, es el origen de la tipograf\u00eda cursiva (del lat\u00edn <em>cursus<\/em>, \u2018correr\u2019), que no deber\u00eda ser confundida con la versi\u00f3n inclinada de una tipograf\u00eda.<\/p>\n<figure id=\"attachment_74\" aria-describedby=\"caption-attachment-74\" style=\"width: 800px\" class=\"wp-caption alignnone\"><img loading=\"lazy\" class=\"size-full wp-image-74\" src=\"http:\/\/disseny-test.uoc.edu\/materials\/tipografia-avan\/wp-content\/uploads\/sites\/13\/2018\/12\/20140_m1_005.jpg\" alt=\"\" width=\"800\" height=\"473\" srcset=\"http:\/\/disseny-test.uoc.edu\/materials\/tipografia-avan\/wp-content\/uploads\/sites\/13\/2018\/12\/20140_m1_005.jpg 800w, http:\/\/disseny-test.uoc.edu\/materials\/tipografia-avan\/wp-content\/uploads\/sites\/13\/2018\/12\/20140_m1_005-300x177.jpg 300w, http:\/\/disseny-test.uoc.edu\/materials\/tipografia-avan\/wp-content\/uploads\/sites\/13\/2018\/12\/20140_m1_005-768x454.jpg 768w\" sizes=\"(max-width: 800px) 100vw, 800px\" \/><figcaption id=\"caption-attachment-74\" class=\"wp-caption-text\">L\u00e1mina de estudio de las min\u00fasculas de la letra cancilleresca. Origen: Claude Mediavilla. <em>Caligraf\u00eda<\/em>.<\/figcaption><\/figure>\n","protected":false},"excerpt":{"rendered":"<p>Una de las dos ramas en que derivar\u00e1 la min\u00fascula carolina es la it\u00e1lica, o human\u00edstica, que supone la escritura caracter\u00edstica del Renacimiento. Con rasgos m\u00e1s abiertos, proporciones m\u00e1s condensadas y caracteres ligeramente m\u00e1s estructurados, la letra it\u00e1lica recupera de forma natural las may\u00fasculas romanas y hace evolucionar la min\u00fascula hacia formas que se pueden [&hellip;]<\/p>\n","protected":false},"author":1,"featured_media":0,"parent":0,"menu_order":0,"comment_status":"closed","ping_status":"closed","template":"","meta":{"inline_featured_image":false},"acf":[],"_links":{"self":[{"href":"http:\/\/disseny-test.uoc.edu\/materials\/tipografia-avan\/es\/wp-json\/wp\/v2\/pages\/169"}],"collection":[{"href":"http:\/\/disseny-test.uoc.edu\/materials\/tipografia-avan\/es\/wp-json\/wp\/v2\/pages"}],"about":[{"href":"http:\/\/disseny-test.uoc.edu\/materials\/tipografia-avan\/es\/wp-json\/wp\/v2\/types\/page"}],"author":[{"embeddable":true,"href":"http:\/\/disseny-test.uoc.edu\/materials\/tipografia-avan\/es\/wp-json\/wp\/v2\/users\/1"}],"replies":[{"embeddable":true,"href":"http:\/\/disseny-test.uoc.edu\/materials\/tipografia-avan\/es\/wp-json\/wp\/v2\/comments?post=169"}],"version-history":[{"count":2,"href":"http:\/\/disseny-test.uoc.edu\/materials\/tipografia-avan\/es\/wp-json\/wp\/v2\/pages\/169\/revisions"}],"predecessor-version":[{"id":271,"href":"http:\/\/disseny-test.uoc.edu\/materials\/tipografia-avan\/es\/wp-json\/wp\/v2\/pages\/169\/revisions\/271"}],"wp:attachment":[{"href":"http:\/\/disseny-test.uoc.edu\/materials\/tipografia-avan\/es\/wp-json\/wp\/v2\/media?parent=169"}],"curies":[{"name":"wp","href":"https:\/\/api.w.org\/{rel}","templated":true}]}}