{"id":171,"date":"2019-01-03T12:47:49","date_gmt":"2019-01-03T10:47:49","guid":{"rendered":"http:\/\/disseny-test.uoc.edu\/materials\/tipografia-avan\/?page_id=171"},"modified":"2019-01-03T12:47:49","modified_gmt":"2019-01-03T10:47:49","slug":"1-2-4-las-letras-goticas","status":"publish","type":"page","link":"http:\/\/disseny-test.uoc.edu\/materials\/tipografia-avan\/es\/1-2-4-las-letras-goticas\/","title":{"rendered":"1.2.4. Las letras g\u00f3ticas"},"content":{"rendered":"<p>La otra evoluci\u00f3n de la letra carolina es el estilo que llamamos <em>g\u00f3tica<\/em>, formado por un grupo de escrituras originadas a lo largo del siglo <span class=\"roman\">xiii<\/span>. En consonancia con el gusto est\u00e9tico de la \u00e9poca, las formas redondas se convierten en condensadas (altas y estrechas), puntiagudas y angulares.<\/p>\n<p>Al contrario que las letras que hemos visto hasta ahora, la g\u00f3tica no tiene una gran influencia sobre las formas de letras que usamos hoy en d\u00eda.<\/p>\n<figure id=\"attachment_75\" aria-describedby=\"caption-attachment-75\" style=\"width: 800px\" class=\"wp-caption alignnone\"><img loading=\"lazy\" class=\"wp-image-75 size-full\" src=\"http:\/\/disseny-test.uoc.edu\/materials\/tipografia-avan\/wp-content\/uploads\/sites\/13\/2018\/12\/20140_m1_006.jpg\" alt=\"\" width=\"800\" height=\"898\" srcset=\"http:\/\/disseny-test.uoc.edu\/materials\/tipografia-avan\/wp-content\/uploads\/sites\/13\/2018\/12\/20140_m1_006.jpg 800w, http:\/\/disseny-test.uoc.edu\/materials\/tipografia-avan\/wp-content\/uploads\/sites\/13\/2018\/12\/20140_m1_006-267x300.jpg 267w, http:\/\/disseny-test.uoc.edu\/materials\/tipografia-avan\/wp-content\/uploads\/sites\/13\/2018\/12\/20140_m1_006-768x862.jpg 768w\" sizes=\"(max-width: 800px) 100vw, 800px\" \/><figcaption id=\"caption-attachment-75\" class=\"wp-caption-text\">Ejercicio caligr\u00e1fico en g\u00f3tica textura de Koch, realizado por Iv\u00e1n Castro. Origen: Iv\u00e1n Castro. <em>El ABC del lettering<\/em>.<\/figcaption><\/figure>\n","protected":false},"excerpt":{"rendered":"<p>La otra evoluci\u00f3n de la letra carolina es el estilo que llamamos g\u00f3tica, formado por un grupo de escrituras originadas a lo largo del siglo . En consonancia con el gusto est\u00e9tico de la \u00e9poca, las formas redondas se convierten en condensadas (altas y estrechas), puntiagudas y angulares. Al contrario que las letras que hemos [&hellip;]<\/p>\n","protected":false},"author":1,"featured_media":0,"parent":0,"menu_order":0,"comment_status":"closed","ping_status":"closed","template":"","meta":{"inline_featured_image":false},"acf":[],"_links":{"self":[{"href":"http:\/\/disseny-test.uoc.edu\/materials\/tipografia-avan\/es\/wp-json\/wp\/v2\/pages\/171"}],"collection":[{"href":"http:\/\/disseny-test.uoc.edu\/materials\/tipografia-avan\/es\/wp-json\/wp\/v2\/pages"}],"about":[{"href":"http:\/\/disseny-test.uoc.edu\/materials\/tipografia-avan\/es\/wp-json\/wp\/v2\/types\/page"}],"author":[{"embeddable":true,"href":"http:\/\/disseny-test.uoc.edu\/materials\/tipografia-avan\/es\/wp-json\/wp\/v2\/users\/1"}],"replies":[{"embeddable":true,"href":"http:\/\/disseny-test.uoc.edu\/materials\/tipografia-avan\/es\/wp-json\/wp\/v2\/comments?post=171"}],"version-history":[{"count":3,"href":"http:\/\/disseny-test.uoc.edu\/materials\/tipografia-avan\/es\/wp-json\/wp\/v2\/pages\/171\/revisions"}],"predecessor-version":[{"id":272,"href":"http:\/\/disseny-test.uoc.edu\/materials\/tipografia-avan\/es\/wp-json\/wp\/v2\/pages\/171\/revisions\/272"}],"wp:attachment":[{"href":"http:\/\/disseny-test.uoc.edu\/materials\/tipografia-avan\/es\/wp-json\/wp\/v2\/media?parent=171"}],"curies":[{"name":"wp","href":"https:\/\/api.w.org\/{rel}","templated":true}]}}