{"id":173,"date":"2019-01-03T12:47:49","date_gmt":"2019-01-03T10:47:49","guid":{"rendered":"http:\/\/disseny-test.uoc.edu\/materials\/tipografia-avan\/?page_id=173"},"modified":"2019-01-03T12:47:49","modified_gmt":"2019-01-03T10:47:49","slug":"1-2-5-la-escritura-con-pincel","status":"publish","type":"page","link":"http:\/\/disseny-test.uoc.edu\/materials\/tipografia-avan\/es\/1-2-5-la-escritura-con-pincel\/","title":{"rendered":"1.2.5. La escritura con pincel"},"content":{"rendered":"<p>Un estilo caligr\u00e1fico muy en boga en la actualidad es el que se realiza con pincel de punta redonda tomando como referencia los modelos de escrituras human\u00edsticas. A diferencia de las letras que hemos visto hasta el momento, realizadas con plumas y ca\u00f1as, el pincel es una herramienta que funciona por presi\u00f3n: a mayor presi\u00f3n, mayor grosor del trazo. La pluma y la ca\u00f1a funcionan de otra manera: el grosor del trazo viene determinado por el \u00e1ngulo con el que sostenemos la herramienta.<\/p>\n<figure id=\"attachment_76\" aria-describedby=\"caption-attachment-76\" style=\"width: 800px\" class=\"wp-caption alignnone\"><img loading=\"lazy\" class=\"size-full wp-image-76\" src=\"http:\/\/disseny-test.uoc.edu\/materials\/tipografia-avan\/wp-content\/uploads\/sites\/13\/2018\/12\/20140_m1_007.jpg\" alt=\"\" width=\"800\" height=\"642\" srcset=\"http:\/\/disseny-test.uoc.edu\/materials\/tipografia-avan\/wp-content\/uploads\/sites\/13\/2018\/12\/20140_m1_007.jpg 800w, http:\/\/disseny-test.uoc.edu\/materials\/tipografia-avan\/wp-content\/uploads\/sites\/13\/2018\/12\/20140_m1_007-300x241.jpg 300w, http:\/\/disseny-test.uoc.edu\/materials\/tipografia-avan\/wp-content\/uploads\/sites\/13\/2018\/12\/20140_m1_007-768x616.jpg 768w\" sizes=\"(max-width: 800px) 100vw, 800px\" \/><figcaption id=\"caption-attachment-76\" class=\"wp-caption-text\">Ejercicio de letra caligr\u00e1fica en pincel puntiagudo. Realizado por Iv\u00e1n Castro.<\/figcaption><\/figure>\n","protected":false},"excerpt":{"rendered":"<p>Un estilo caligr\u00e1fico muy en boga en la actualidad es el que se realiza con pincel de punta redonda tomando como referencia los modelos de escrituras human\u00edsticas. A diferencia de las letras que hemos visto hasta el momento, realizadas con plumas y ca\u00f1as, el pincel es una herramienta que funciona por presi\u00f3n: a mayor presi\u00f3n, [&hellip;]<\/p>\n","protected":false},"author":1,"featured_media":0,"parent":0,"menu_order":0,"comment_status":"closed","ping_status":"closed","template":"","meta":{"inline_featured_image":false},"acf":[],"_links":{"self":[{"href":"http:\/\/disseny-test.uoc.edu\/materials\/tipografia-avan\/es\/wp-json\/wp\/v2\/pages\/173"}],"collection":[{"href":"http:\/\/disseny-test.uoc.edu\/materials\/tipografia-avan\/es\/wp-json\/wp\/v2\/pages"}],"about":[{"href":"http:\/\/disseny-test.uoc.edu\/materials\/tipografia-avan\/es\/wp-json\/wp\/v2\/types\/page"}],"author":[{"embeddable":true,"href":"http:\/\/disseny-test.uoc.edu\/materials\/tipografia-avan\/es\/wp-json\/wp\/v2\/users\/1"}],"replies":[{"embeddable":true,"href":"http:\/\/disseny-test.uoc.edu\/materials\/tipografia-avan\/es\/wp-json\/wp\/v2\/comments?post=173"}],"version-history":[{"count":1,"href":"http:\/\/disseny-test.uoc.edu\/materials\/tipografia-avan\/es\/wp-json\/wp\/v2\/pages\/173\/revisions"}],"predecessor-version":[{"id":174,"href":"http:\/\/disseny-test.uoc.edu\/materials\/tipografia-avan\/es\/wp-json\/wp\/v2\/pages\/173\/revisions\/174"}],"wp:attachment":[{"href":"http:\/\/disseny-test.uoc.edu\/materials\/tipografia-avan\/es\/wp-json\/wp\/v2\/media?parent=173"}],"curies":[{"name":"wp","href":"https:\/\/api.w.org\/{rel}","templated":true}]}}