{"id":175,"date":"2019-01-03T12:47:50","date_gmt":"2019-01-03T10:47:50","guid":{"rendered":"http:\/\/disseny-test.uoc.edu\/materials\/tipografia-avan\/?page_id=175"},"modified":"2019-01-03T12:47:50","modified_gmt":"2019-01-03T10:47:50","slug":"1-2-6-la-inglesa","status":"publish","type":"page","link":"http:\/\/disseny-test.uoc.edu\/materials\/tipografia-avan\/es\/1-2-6-la-inglesa\/","title":{"rendered":"1.2.6. La inglesa"},"content":{"rendered":"<p>La letra inglesa, tambi\u00e9n llamada <em>copperplate<\/em> (\u2018plancha de cobre\u2019, en ingl\u00e9s), es una graf\u00eda ligera, \u00e1gil y delicada, cuya \u00e9poca de esplendor se sit\u00faa entre 1720 y 1800, per\u00edodo en que se caligrafi\u00f3 con pluma de ave.<\/p>\n<figure id=\"attachment_77\" aria-describedby=\"caption-attachment-77\" style=\"width: 800px\" class=\"wp-caption alignnone\"><img loading=\"lazy\" class=\"size-full wp-image-77\" src=\"http:\/\/disseny-test.uoc.edu\/materials\/tipografia-avan\/wp-content\/uploads\/sites\/13\/2018\/12\/20140_m1_008.jpg\" alt=\"\" width=\"800\" height=\"324\" srcset=\"http:\/\/disseny-test.uoc.edu\/materials\/tipografia-avan\/wp-content\/uploads\/sites\/13\/2018\/12\/20140_m1_008.jpg 800w, http:\/\/disseny-test.uoc.edu\/materials\/tipografia-avan\/wp-content\/uploads\/sites\/13\/2018\/12\/20140_m1_008-300x122.jpg 300w, http:\/\/disseny-test.uoc.edu\/materials\/tipografia-avan\/wp-content\/uploads\/sites\/13\/2018\/12\/20140_m1_008-768x311.jpg 768w\" sizes=\"(max-width: 800px) 100vw, 800px\" \/><figcaption id=\"caption-attachment-77\" class=\"wp-caption-text\">Inglesa min\u00fascula seg\u00fan Ram\u00f3n Stirling. Origen: Claude Mediavilla. <em>Caligraf\u00eda<\/em>.<\/figcaption><\/figure>\n","protected":false},"excerpt":{"rendered":"<p>La letra inglesa, tambi\u00e9n llamada copperplate (\u2018plancha de cobre\u2019, en ingl\u00e9s), es una graf\u00eda ligera, \u00e1gil y delicada, cuya \u00e9poca de esplendor se sit\u00faa entre 1720 y 1800, per\u00edodo en que se caligrafi\u00f3 con pluma de ave.<\/p>\n","protected":false},"author":1,"featured_media":0,"parent":0,"menu_order":0,"comment_status":"closed","ping_status":"closed","template":"","meta":{"inline_featured_image":false},"acf":[],"_links":{"self":[{"href":"http:\/\/disseny-test.uoc.edu\/materials\/tipografia-avan\/es\/wp-json\/wp\/v2\/pages\/175"}],"collection":[{"href":"http:\/\/disseny-test.uoc.edu\/materials\/tipografia-avan\/es\/wp-json\/wp\/v2\/pages"}],"about":[{"href":"http:\/\/disseny-test.uoc.edu\/materials\/tipografia-avan\/es\/wp-json\/wp\/v2\/types\/page"}],"author":[{"embeddable":true,"href":"http:\/\/disseny-test.uoc.edu\/materials\/tipografia-avan\/es\/wp-json\/wp\/v2\/users\/1"}],"replies":[{"embeddable":true,"href":"http:\/\/disseny-test.uoc.edu\/materials\/tipografia-avan\/es\/wp-json\/wp\/v2\/comments?post=175"}],"version-history":[{"count":2,"href":"http:\/\/disseny-test.uoc.edu\/materials\/tipografia-avan\/es\/wp-json\/wp\/v2\/pages\/175\/revisions"}],"predecessor-version":[{"id":273,"href":"http:\/\/disseny-test.uoc.edu\/materials\/tipografia-avan\/es\/wp-json\/wp\/v2\/pages\/175\/revisions\/273"}],"wp:attachment":[{"href":"http:\/\/disseny-test.uoc.edu\/materials\/tipografia-avan\/es\/wp-json\/wp\/v2\/media?parent=175"}],"curies":[{"name":"wp","href":"https:\/\/api.w.org\/{rel}","templated":true}]}}