{"id":177,"date":"2019-01-03T12:47:50","date_gmt":"2019-01-03T10:47:50","guid":{"rendered":"http:\/\/disseny-test.uoc.edu\/materials\/tipografia-avan\/?page_id=177"},"modified":"2019-01-03T12:47:50","modified_gmt":"2019-01-03T10:47:50","slug":"1-3-1-la-script","status":"publish","type":"page","link":"http:\/\/disseny-test.uoc.edu\/materials\/tipografia-avan\/es\/1-3-1-la-script\/","title":{"rendered":"1.3.1. La <em>script<\/em>"},"content":{"rendered":"<p>Dentro de la denominaci\u00f3n <em>script,<\/em> en <em>lettering<\/em> tenemos una amplia variedad de posibilidades, siempre que sigamos una estructura de cursiva continua. Un buen punto de partida para dibujar un r\u00f3tulo de estilo <em>script<\/em> es caligrafiar en it\u00e1lica o inglesa. Como ya hemos visto, tener una s\u00f3lida base en caligraf\u00eda nos dar\u00e1 muchas pistas para saber c\u00f3mo construir letras dibujadas en este estilo, aunque tenemos la posibilidad de reinterpretar por completo la forma y los acabados de la letra para llevarlos a otro plano de expresividad y car\u00e1cter.<\/p>\n<figure id=\"attachment_78\" aria-describedby=\"caption-attachment-78\" style=\"width: 800px\" class=\"wp-caption alignnone\"><img loading=\"lazy\" class=\"wp-image-78 size-full\" src=\"http:\/\/disseny-test.uoc.edu\/materials\/tipografia-avan\/wp-content\/uploads\/sites\/13\/2018\/12\/20140_m1_009.jpg\" alt=\"\" width=\"800\" height=\"579\" srcset=\"http:\/\/disseny-test.uoc.edu\/materials\/tipografia-avan\/wp-content\/uploads\/sites\/13\/2018\/12\/20140_m1_009.jpg 800w, http:\/\/disseny-test.uoc.edu\/materials\/tipografia-avan\/wp-content\/uploads\/sites\/13\/2018\/12\/20140_m1_009-300x217.jpg 300w, http:\/\/disseny-test.uoc.edu\/materials\/tipografia-avan\/wp-content\/uploads\/sites\/13\/2018\/12\/20140_m1_009-768x556.jpg 768w\" sizes=\"(max-width: 800px) 100vw, 800px\" \/><figcaption id=\"caption-attachment-78\" class=\"wp-caption-text\"><em>Lettering<\/em>, estilo <em>script<\/em> realizado para la revista alemana <em>Glamour Magazine<\/em>, de Martina Flor.<\/figcaption><\/figure>\n","protected":false},"excerpt":{"rendered":"<p>Dentro de la denominaci\u00f3n script, en lettering tenemos una amplia variedad de posibilidades, siempre que sigamos una estructura de cursiva continua. Un buen punto de partida para dibujar un r\u00f3tulo de estilo script es caligrafiar en it\u00e1lica o inglesa. Como ya hemos visto, tener una s\u00f3lida base en caligraf\u00eda nos dar\u00e1 muchas pistas para saber [&hellip;]<\/p>\n","protected":false},"author":1,"featured_media":0,"parent":0,"menu_order":0,"comment_status":"closed","ping_status":"closed","template":"","meta":{"inline_featured_image":false},"acf":[],"_links":{"self":[{"href":"http:\/\/disseny-test.uoc.edu\/materials\/tipografia-avan\/es\/wp-json\/wp\/v2\/pages\/177"}],"collection":[{"href":"http:\/\/disseny-test.uoc.edu\/materials\/tipografia-avan\/es\/wp-json\/wp\/v2\/pages"}],"about":[{"href":"http:\/\/disseny-test.uoc.edu\/materials\/tipografia-avan\/es\/wp-json\/wp\/v2\/types\/page"}],"author":[{"embeddable":true,"href":"http:\/\/disseny-test.uoc.edu\/materials\/tipografia-avan\/es\/wp-json\/wp\/v2\/users\/1"}],"replies":[{"embeddable":true,"href":"http:\/\/disseny-test.uoc.edu\/materials\/tipografia-avan\/es\/wp-json\/wp\/v2\/comments?post=177"}],"version-history":[{"count":2,"href":"http:\/\/disseny-test.uoc.edu\/materials\/tipografia-avan\/es\/wp-json\/wp\/v2\/pages\/177\/revisions"}],"predecessor-version":[{"id":179,"href":"http:\/\/disseny-test.uoc.edu\/materials\/tipografia-avan\/es\/wp-json\/wp\/v2\/pages\/177\/revisions\/179"}],"wp:attachment":[{"href":"http:\/\/disseny-test.uoc.edu\/materials\/tipografia-avan\/es\/wp-json\/wp\/v2\/media?parent=177"}],"curies":[{"name":"wp","href":"https:\/\/api.w.org\/{rel}","templated":true}]}}