{"id":180,"date":"2019-01-03T12:47:51","date_gmt":"2019-01-03T10:47:51","guid":{"rendered":"http:\/\/disseny-test.uoc.edu\/materials\/tipografia-avan\/?page_id=180"},"modified":"2019-01-22T17:23:53","modified_gmt":"2019-01-22T15:23:53","slug":"1-3-2-romana-moderna","status":"publish","type":"page","link":"http:\/\/disseny-test.uoc.edu\/materials\/tipografia-avan\/es\/1-3-2-romana-moderna\/","title":{"rendered":"1.3.2. Romana moderna"},"content":{"rendered":"<p>Cuando hablamos de romanas modernas nos referimos a tipograf\u00edas como Bodoni o Didot, que presentan un contraste muy alto y un marcado eje vertical. Nacieron a finales del siglo <span class=\"roman\">xviii<\/span>, claramente influenciadas por el grabado en cobre, y est\u00e1n consideradas las primeras en idearse y manipularse desde un punto de vista puramente tipogr\u00e1fico, sin rastro de escritura caligr\u00e1fica.<\/p>\n<p>Los terminales y los remates son muy finos y lineales en este estilo, normalmente sin modulaci\u00f3n. Tambi\u00e9n es caracter\u00edstica la simetr\u00eda de sus curvas.<\/p>\n<p>Las romanas modernas se asocian habitualmente a lo cl\u00e1sico y a la elegancia. Si miramos una publicaci\u00f3n dedicada a la moda o al lujo, encontraremos letras en este estilo, bien como tipograf\u00eda, bien como <em>lettering<\/em>.<\/p>\n<figure id=\"attachment_79\" aria-describedby=\"caption-attachment-79\" style=\"width: 800px\" class=\"wp-caption alignnone\"><img loading=\"lazy\" class=\"wp-image-79 size-full\" src=\"http:\/\/disseny-test.uoc.edu\/materials\/tipografia-avan\/wp-content\/uploads\/sites\/13\/2018\/12\/20140_m1_010.jpg\" alt=\"\" width=\"800\" height=\"835\" srcset=\"http:\/\/disseny-test.uoc.edu\/materials\/tipografia-avan\/wp-content\/uploads\/sites\/13\/2018\/12\/20140_m1_010.jpg 800w, http:\/\/disseny-test.uoc.edu\/materials\/tipografia-avan\/wp-content\/uploads\/sites\/13\/2018\/12\/20140_m1_010-287x300.jpg 287w, http:\/\/disseny-test.uoc.edu\/materials\/tipografia-avan\/wp-content\/uploads\/sites\/13\/2018\/12\/20140_m1_010-768x802.jpg 768w\" sizes=\"(max-width: 800px) 100vw, 800px\" \/><figcaption id=\"caption-attachment-79\" class=\"wp-caption-text\"><em>Lettering<\/em> en romana moderna para la revista <em>Southern Living<\/em>, de Martina Flor.<\/figcaption><\/figure>\n","protected":false},"excerpt":{"rendered":"<p>Cuando hablamos de romanas modernas nos referimos a tipograf\u00edas como Bodoni o Didot, que presentan un contraste muy alto y un marcado eje vertical. Nacieron a finales del siglo , claramente influenciadas por el grabado en cobre, y est\u00e1n consideradas las primeras en idearse y manipularse desde un punto de vista puramente tipogr\u00e1fico, sin rastro [&hellip;]<\/p>\n","protected":false},"author":1,"featured_media":0,"parent":0,"menu_order":0,"comment_status":"closed","ping_status":"closed","template":"","meta":{"inline_featured_image":false},"acf":[],"_links":{"self":[{"href":"http:\/\/disseny-test.uoc.edu\/materials\/tipografia-avan\/es\/wp-json\/wp\/v2\/pages\/180"}],"collection":[{"href":"http:\/\/disseny-test.uoc.edu\/materials\/tipografia-avan\/es\/wp-json\/wp\/v2\/pages"}],"about":[{"href":"http:\/\/disseny-test.uoc.edu\/materials\/tipografia-avan\/es\/wp-json\/wp\/v2\/types\/page"}],"author":[{"embeddable":true,"href":"http:\/\/disseny-test.uoc.edu\/materials\/tipografia-avan\/es\/wp-json\/wp\/v2\/users\/1"}],"replies":[{"embeddable":true,"href":"http:\/\/disseny-test.uoc.edu\/materials\/tipografia-avan\/es\/wp-json\/wp\/v2\/comments?post=180"}],"version-history":[{"count":4,"href":"http:\/\/disseny-test.uoc.edu\/materials\/tipografia-avan\/es\/wp-json\/wp\/v2\/pages\/180\/revisions"}],"predecessor-version":[{"id":701,"href":"http:\/\/disseny-test.uoc.edu\/materials\/tipografia-avan\/es\/wp-json\/wp\/v2\/pages\/180\/revisions\/701"}],"wp:attachment":[{"href":"http:\/\/disseny-test.uoc.edu\/materials\/tipografia-avan\/es\/wp-json\/wp\/v2\/media?parent=180"}],"curies":[{"name":"wp","href":"https:\/\/api.w.org\/{rel}","templated":true}]}}