{"id":182,"date":"2019-01-03T12:47:52","date_gmt":"2019-01-03T10:47:52","guid":{"rendered":"http:\/\/disseny-test.uoc.edu\/materials\/tipografia-avan\/?page_id=182"},"modified":"2019-01-03T12:47:52","modified_gmt":"2019-01-03T10:47:52","slug":"1-3-3-sin-serifa","status":"publish","type":"page","link":"http:\/\/disseny-test.uoc.edu\/materials\/tipografia-avan\/es\/1-3-3-sin-serifa\/","title":{"rendered":"1.3.3. Sin serifa"},"content":{"rendered":"<p>La caracter\u00edstica m\u00e1s destacada de la letra sin serifa, o remate, adem\u00e1s del hecho de no tener <em>serifs<\/em>, es su ausencia de contraste. Este hecho hace que el estilo sea muy flexible y que tengamos muchas opciones a la hora de variar sus proporciones, pesos y formas.<\/p>\n<p>Las tipograf\u00edas sin remate nacen a finales del siglo <span class=\"roman\">xix<\/span>, tras la Revoluci\u00f3n Industrial, fruto de un nuevo medio de comunicaci\u00f3n: el cartel. Todos los nuevos productos y servicios que empiezan a ofrecerse en esta \u00e9poca necesitan anunciarse en la calle y el cartel es el mejor formato para este nuevo estilo: rotundo, simple y efectivo.<\/p>\n<figure id=\"attachment_80\" aria-describedby=\"caption-attachment-80\" style=\"width: 800px\" class=\"wp-caption alignnone\"><img loading=\"lazy\" class=\"wp-image-80 size-full\" src=\"http:\/\/disseny-test.uoc.edu\/materials\/tipografia-avan\/wp-content\/uploads\/sites\/13\/2018\/12\/20140_m1_011.jpg\" alt=\"\" width=\"800\" height=\"721\" srcset=\"http:\/\/disseny-test.uoc.edu\/materials\/tipografia-avan\/wp-content\/uploads\/sites\/13\/2018\/12\/20140_m1_011.jpg 800w, http:\/\/disseny-test.uoc.edu\/materials\/tipografia-avan\/wp-content\/uploads\/sites\/13\/2018\/12\/20140_m1_011-300x270.jpg 300w, http:\/\/disseny-test.uoc.edu\/materials\/tipografia-avan\/wp-content\/uploads\/sites\/13\/2018\/12\/20140_m1_011-768x692.jpg 768w\" sizes=\"(max-width: 800px) 100vw, 800px\" \/><figcaption id=\"caption-attachment-80\" class=\"wp-caption-text\">Dise\u00f1o de portada de disco para Little Willie John, protagonizado por un <em>lettering<\/em> sin remate en may\u00fasculas, de Iv\u00e1n Castro.<\/figcaption><\/figure>\n","protected":false},"excerpt":{"rendered":"<p>La caracter\u00edstica m\u00e1s destacada de la letra sin serifa, o remate, adem\u00e1s del hecho de no tener serifs, es su ausencia de contraste. Este hecho hace que el estilo sea muy flexible y que tengamos muchas opciones a la hora de variar sus proporciones, pesos y formas. Las tipograf\u00edas sin remate nacen a finales del [&hellip;]<\/p>\n","protected":false},"author":1,"featured_media":0,"parent":0,"menu_order":0,"comment_status":"closed","ping_status":"closed","template":"","meta":{"inline_featured_image":false},"acf":[],"_links":{"self":[{"href":"http:\/\/disseny-test.uoc.edu\/materials\/tipografia-avan\/es\/wp-json\/wp\/v2\/pages\/182"}],"collection":[{"href":"http:\/\/disseny-test.uoc.edu\/materials\/tipografia-avan\/es\/wp-json\/wp\/v2\/pages"}],"about":[{"href":"http:\/\/disseny-test.uoc.edu\/materials\/tipografia-avan\/es\/wp-json\/wp\/v2\/types\/page"}],"author":[{"embeddable":true,"href":"http:\/\/disseny-test.uoc.edu\/materials\/tipografia-avan\/es\/wp-json\/wp\/v2\/users\/1"}],"replies":[{"embeddable":true,"href":"http:\/\/disseny-test.uoc.edu\/materials\/tipografia-avan\/es\/wp-json\/wp\/v2\/comments?post=182"}],"version-history":[{"count":2,"href":"http:\/\/disseny-test.uoc.edu\/materials\/tipografia-avan\/es\/wp-json\/wp\/v2\/pages\/182\/revisions"}],"predecessor-version":[{"id":274,"href":"http:\/\/disseny-test.uoc.edu\/materials\/tipografia-avan\/es\/wp-json\/wp\/v2\/pages\/182\/revisions\/274"}],"wp:attachment":[{"href":"http:\/\/disseny-test.uoc.edu\/materials\/tipografia-avan\/es\/wp-json\/wp\/v2\/media?parent=182"}],"curies":[{"name":"wp","href":"https:\/\/api.w.org\/{rel}","templated":true}]}}