{"id":188,"date":"2019-01-03T12:47:53","date_gmt":"2019-01-03T10:47:53","guid":{"rendered":"http:\/\/disseny-test.uoc.edu\/materials\/tipografia-avan\/?page_id=188"},"modified":"2019-01-03T12:47:53","modified_gmt":"2019-01-03T10:47:53","slug":"1-3-6-interlock","status":"publish","type":"page","link":"http:\/\/disseny-test.uoc.edu\/materials\/tipografia-avan\/es\/1-3-6-interlock\/","title":{"rendered":"1.3.6. <em>Interlock<\/em>"},"content":{"rendered":"<p>En el estilo <em>interlock<\/em> no importan tanto las caracter\u00edsticas formales como la manera en que cada letra se relaciona con las dem\u00e1s. Generalmente se usan letras condensadas sin remate, con poca o nula modulaci\u00f3n o con remate en bloque. El <em>interlock<\/em> se caracteriza por abrir blancos de las letras para encajar en su interior partes de las letras adyacentes, generando colores tipogr\u00e1ficos muy compactos y potentes.<\/p>\n<figure id=\"attachment_83\" aria-describedby=\"caption-attachment-83\" style=\"width: 800px\" class=\"wp-caption alignnone\"><img loading=\"lazy\" class=\"size-full wp-image-83\" src=\"http:\/\/disseny-test.uoc.edu\/materials\/tipografia-avan\/wp-content\/uploads\/sites\/13\/2018\/12\/20140_m1_014.jpg\" alt=\"\" width=\"800\" height=\"341\" srcset=\"http:\/\/disseny-test.uoc.edu\/materials\/tipografia-avan\/wp-content\/uploads\/sites\/13\/2018\/12\/20140_m1_014.jpg 800w, http:\/\/disseny-test.uoc.edu\/materials\/tipografia-avan\/wp-content\/uploads\/sites\/13\/2018\/12\/20140_m1_014-300x128.jpg 300w, http:\/\/disseny-test.uoc.edu\/materials\/tipografia-avan\/wp-content\/uploads\/sites\/13\/2018\/12\/20140_m1_014-768x327.jpg 768w\" sizes=\"(max-width: 800px) 100vw, 800px\" \/><figcaption id=\"caption-attachment-83\" class=\"wp-caption-text\">Dise\u00f1o de <em>lettering<\/em> estilo <em>interlock<\/em>, realizado por Iv\u00e1n Castro. Origen: Iv\u00e1n Castro. <em>El ABC del Lettering<\/em>.<\/figcaption><\/figure>\n","protected":false},"excerpt":{"rendered":"<p>En el estilo interlock no importan tanto las caracter\u00edsticas formales como la manera en que cada letra se relaciona con las dem\u00e1s. Generalmente se usan letras condensadas sin remate, con poca o nula modulaci\u00f3n o con remate en bloque. El interlock se caracteriza por abrir blancos de las letras para encajar en su interior partes [&hellip;]<\/p>\n","protected":false},"author":1,"featured_media":0,"parent":0,"menu_order":0,"comment_status":"closed","ping_status":"closed","template":"","meta":{"inline_featured_image":false},"acf":[],"_links":{"self":[{"href":"http:\/\/disseny-test.uoc.edu\/materials\/tipografia-avan\/es\/wp-json\/wp\/v2\/pages\/188"}],"collection":[{"href":"http:\/\/disseny-test.uoc.edu\/materials\/tipografia-avan\/es\/wp-json\/wp\/v2\/pages"}],"about":[{"href":"http:\/\/disseny-test.uoc.edu\/materials\/tipografia-avan\/es\/wp-json\/wp\/v2\/types\/page"}],"author":[{"embeddable":true,"href":"http:\/\/disseny-test.uoc.edu\/materials\/tipografia-avan\/es\/wp-json\/wp\/v2\/users\/1"}],"replies":[{"embeddable":true,"href":"http:\/\/disseny-test.uoc.edu\/materials\/tipografia-avan\/es\/wp-json\/wp\/v2\/comments?post=188"}],"version-history":[{"count":1,"href":"http:\/\/disseny-test.uoc.edu\/materials\/tipografia-avan\/es\/wp-json\/wp\/v2\/pages\/188\/revisions"}],"predecessor-version":[{"id":189,"href":"http:\/\/disseny-test.uoc.edu\/materials\/tipografia-avan\/es\/wp-json\/wp\/v2\/pages\/188\/revisions\/189"}],"wp:attachment":[{"href":"http:\/\/disseny-test.uoc.edu\/materials\/tipografia-avan\/es\/wp-json\/wp\/v2\/media?parent=188"}],"curies":[{"name":"wp","href":"https:\/\/api.w.org\/{rel}","templated":true}]}}