{"id":190,"date":"2019-01-03T12:47:54","date_gmt":"2019-01-03T10:47:54","guid":{"rendered":"http:\/\/disseny-test.uoc.edu\/materials\/tipografia-avan\/?page_id=190"},"modified":"2019-01-03T12:47:54","modified_gmt":"2019-01-03T10:47:54","slug":"2-1-que-es-la-familia-tipografica","status":"publish","type":"page","link":"http:\/\/disseny-test.uoc.edu\/materials\/tipografia-avan\/es\/2-1-que-es-la-familia-tipografica\/","title":{"rendered":"2.1. \u00bfQu\u00e9 es la familia tipogr\u00e1fica?"},"content":{"rendered":"<p>Por muy bonitas que nos puedan parecer las letras de forma aislada (sus curvas sutiles, sus \u00e1ngulos, sus grosores, etc.), la tipograf\u00eda solo tiene sentido cuando las letras se unen para formar palabras, p\u00e1rrafos y columnas de texto.<\/p>\n<p>El valor de la tipograf\u00eda aumenta cuando todos los detalles se juntan para distinguir una fuente determinada, enfatizando elementos como el ritmo o el color.<\/p>\n<p>Una fuente completa es mucho m\u00e1s que las 26 letras b\u00e1sicas del alfabeto latino, los n\u00fameros y algunos signos de puntuaci\u00f3n, como un signo de interrogaci\u00f3n o un par\u00e9ntesis. Si queremos trabajar de manera profesional con la tipograf\u00eda debemos asegurarnos de que esta sea lo m\u00e1s completa posible.<\/p>\n<div class=\"featured featured-blue\"><p>Llamamos familia tipogr\u00e1fica a un grupo de signos alfab\u00e9ticos y no alfab\u00e9ticos que comparten las mismas caracter\u00edsticas estructurales y estil\u00edsticas. Esto hace que las podamos reconocer dentro de un mismo sistema. En una familia tipogr\u00e1fica podemos encontrar todos los elementos necesarios para poder escribir un texto de cualquier clase o idioma.<\/p>\n<\/div>\n","protected":false},"excerpt":{"rendered":"<p>Por muy bonitas que nos puedan parecer las letras de forma aislada (sus curvas sutiles, sus \u00e1ngulos, sus grosores, etc.), la tipograf\u00eda solo tiene sentido cuando las letras se unen para formar palabras, p\u00e1rrafos y columnas de texto. El valor de la tipograf\u00eda aumenta cuando todos los detalles se juntan para distinguir una fuente determinada, [&hellip;]<\/p>\n","protected":false},"author":1,"featured_media":0,"parent":0,"menu_order":0,"comment_status":"closed","ping_status":"closed","template":"","meta":{"inline_featured_image":false},"acf":[],"_links":{"self":[{"href":"http:\/\/disseny-test.uoc.edu\/materials\/tipografia-avan\/es\/wp-json\/wp\/v2\/pages\/190"}],"collection":[{"href":"http:\/\/disseny-test.uoc.edu\/materials\/tipografia-avan\/es\/wp-json\/wp\/v2\/pages"}],"about":[{"href":"http:\/\/disseny-test.uoc.edu\/materials\/tipografia-avan\/es\/wp-json\/wp\/v2\/types\/page"}],"author":[{"embeddable":true,"href":"http:\/\/disseny-test.uoc.edu\/materials\/tipografia-avan\/es\/wp-json\/wp\/v2\/users\/1"}],"replies":[{"embeddable":true,"href":"http:\/\/disseny-test.uoc.edu\/materials\/tipografia-avan\/es\/wp-json\/wp\/v2\/comments?post=190"}],"version-history":[{"count":1,"href":"http:\/\/disseny-test.uoc.edu\/materials\/tipografia-avan\/es\/wp-json\/wp\/v2\/pages\/190\/revisions"}],"predecessor-version":[{"id":191,"href":"http:\/\/disseny-test.uoc.edu\/materials\/tipografia-avan\/es\/wp-json\/wp\/v2\/pages\/190\/revisions\/191"}],"wp:attachment":[{"href":"http:\/\/disseny-test.uoc.edu\/materials\/tipografia-avan\/es\/wp-json\/wp\/v2\/media?parent=190"}],"curies":[{"name":"wp","href":"https:\/\/api.w.org\/{rel}","templated":true}]}}