{"id":192,"date":"2019-01-03T12:47:54","date_gmt":"2019-01-03T10:47:54","guid":{"rendered":"http:\/\/disseny-test.uoc.edu\/materials\/tipografia-avan\/?page_id=192"},"modified":"2019-01-03T12:47:54","modified_gmt":"2019-01-03T10:47:54","slug":"2-2-1-introduccion","status":"publish","type":"page","link":"http:\/\/disseny-test.uoc.edu\/materials\/tipografia-avan\/es\/2-2-1-introduccion\/","title":{"rendered":"2.2.1. Introducci\u00f3n"},"content":{"rendered":"<p>Los signos alfab\u00e9ticos y no alfab\u00e9ticos que componen la familia tipogr\u00e1fica son: las letras may\u00fasculas (o de caja alta), las letras min\u00fasculas (o de caja baja), las cursivas (o it\u00e1licas) y oblicuas, las versalitas, los numerales, los signos de puntuaci\u00f3n y, en algunos casos, tambi\u00e9n se pueden incluir los elementos ornamentados (o <em>dingbats<\/em>).<\/p>\n","protected":false},"excerpt":{"rendered":"<p>Los signos alfab\u00e9ticos y no alfab\u00e9ticos que componen la familia tipogr\u00e1fica son: las letras may\u00fasculas (o de caja alta), las letras min\u00fasculas (o de caja baja), las cursivas (o it\u00e1licas) y oblicuas, las versalitas, los numerales, los signos de puntuaci\u00f3n y, en algunos casos, tambi\u00e9n se pueden incluir los elementos ornamentados (o dingbats).<\/p>\n","protected":false},"author":1,"featured_media":0,"parent":0,"menu_order":0,"comment_status":"closed","ping_status":"closed","template":"","meta":{"inline_featured_image":false},"acf":[],"_links":{"self":[{"href":"http:\/\/disseny-test.uoc.edu\/materials\/tipografia-avan\/es\/wp-json\/wp\/v2\/pages\/192"}],"collection":[{"href":"http:\/\/disseny-test.uoc.edu\/materials\/tipografia-avan\/es\/wp-json\/wp\/v2\/pages"}],"about":[{"href":"http:\/\/disseny-test.uoc.edu\/materials\/tipografia-avan\/es\/wp-json\/wp\/v2\/types\/page"}],"author":[{"embeddable":true,"href":"http:\/\/disseny-test.uoc.edu\/materials\/tipografia-avan\/es\/wp-json\/wp\/v2\/users\/1"}],"replies":[{"embeddable":true,"href":"http:\/\/disseny-test.uoc.edu\/materials\/tipografia-avan\/es\/wp-json\/wp\/v2\/comments?post=192"}],"version-history":[{"count":1,"href":"http:\/\/disseny-test.uoc.edu\/materials\/tipografia-avan\/es\/wp-json\/wp\/v2\/pages\/192\/revisions"}],"predecessor-version":[{"id":193,"href":"http:\/\/disseny-test.uoc.edu\/materials\/tipografia-avan\/es\/wp-json\/wp\/v2\/pages\/192\/revisions\/193"}],"wp:attachment":[{"href":"http:\/\/disseny-test.uoc.edu\/materials\/tipografia-avan\/es\/wp-json\/wp\/v2\/media?parent=192"}],"curies":[{"name":"wp","href":"https:\/\/api.w.org\/{rel}","templated":true}]}}