{"id":194,"date":"2019-01-03T12:47:55","date_gmt":"2019-01-03T10:47:55","guid":{"rendered":"http:\/\/disseny-test.uoc.edu\/materials\/tipografia-avan\/?page_id=194"},"modified":"2019-01-03T12:47:55","modified_gmt":"2019-01-03T10:47:55","slug":"2-2-2-caja-alta-o-mayusculas","status":"publish","type":"page","link":"http:\/\/disseny-test.uoc.edu\/materials\/tipografia-avan\/es\/2-2-2-caja-alta-o-mayusculas\/","title":{"rendered":"2.2.2. Caja alta o may\u00fasculas"},"content":{"rendered":"<p>Cuando antiguamente en la imprenta se utilizaban tipos de plomo, estos se guardaban seg\u00fan un orden determinado dentro de unas cajas en un mueble denominado <em>chibalete<\/em>. Estas cajas estaban divididas en dos estantes: uno superior, donde se colocaban las may\u00fasculas; y otro inferior, en el que estaban las min\u00fasculas. De ah\u00ed derivan los nombres alternativos de \u00abcaja alta\u00bb y \u00abcaja baja\u00bb.<\/p>\n<p>El grupo de las may\u00fasculas comprende las vocales, las consonantes, algunas vocales y consonantes acentuadas, la cedilla (\u00c7), la tilde de la <em>\u00d1<\/em>, y las ligaduras entre los caracteres <em>A<\/em>\/<em>E<\/em> y <em>O<\/em>\/<em>E<\/em>.<\/p>\n<p><img loading=\"lazy\" class=\"alignnone size-full wp-image-84\" src=\"http:\/\/disseny-test.uoc.edu\/materials\/tipografia-avan\/wp-content\/uploads\/sites\/13\/2018\/12\/20140_m1_015.jpg\" alt=\"\" width=\"800\" height=\"347\" srcset=\"http:\/\/disseny-test.uoc.edu\/materials\/tipografia-avan\/wp-content\/uploads\/sites\/13\/2018\/12\/20140_m1_015.jpg 800w, http:\/\/disseny-test.uoc.edu\/materials\/tipografia-avan\/wp-content\/uploads\/sites\/13\/2018\/12\/20140_m1_015-300x130.jpg 300w, http:\/\/disseny-test.uoc.edu\/materials\/tipografia-avan\/wp-content\/uploads\/sites\/13\/2018\/12\/20140_m1_015-768x333.jpg 768w\" sizes=\"(max-width: 800px) 100vw, 800px\" \/><\/p>\n","protected":false},"excerpt":{"rendered":"<p>Cuando antiguamente en la imprenta se utilizaban tipos de plomo, estos se guardaban seg\u00fan un orden determinado dentro de unas cajas en un mueble denominado chibalete. Estas cajas estaban divididas en dos estantes: uno superior, donde se colocaban las may\u00fasculas; y otro inferior, en el que estaban las min\u00fasculas. De ah\u00ed derivan los nombres alternativos [&hellip;]<\/p>\n","protected":false},"author":1,"featured_media":0,"parent":0,"menu_order":0,"comment_status":"closed","ping_status":"closed","template":"","meta":{"inline_featured_image":false},"acf":[],"_links":{"self":[{"href":"http:\/\/disseny-test.uoc.edu\/materials\/tipografia-avan\/es\/wp-json\/wp\/v2\/pages\/194"}],"collection":[{"href":"http:\/\/disseny-test.uoc.edu\/materials\/tipografia-avan\/es\/wp-json\/wp\/v2\/pages"}],"about":[{"href":"http:\/\/disseny-test.uoc.edu\/materials\/tipografia-avan\/es\/wp-json\/wp\/v2\/types\/page"}],"author":[{"embeddable":true,"href":"http:\/\/disseny-test.uoc.edu\/materials\/tipografia-avan\/es\/wp-json\/wp\/v2\/users\/1"}],"replies":[{"embeddable":true,"href":"http:\/\/disseny-test.uoc.edu\/materials\/tipografia-avan\/es\/wp-json\/wp\/v2\/comments?post=194"}],"version-history":[{"count":2,"href":"http:\/\/disseny-test.uoc.edu\/materials\/tipografia-avan\/es\/wp-json\/wp\/v2\/pages\/194\/revisions"}],"predecessor-version":[{"id":196,"href":"http:\/\/disseny-test.uoc.edu\/materials\/tipografia-avan\/es\/wp-json\/wp\/v2\/pages\/194\/revisions\/196"}],"wp:attachment":[{"href":"http:\/\/disseny-test.uoc.edu\/materials\/tipografia-avan\/es\/wp-json\/wp\/v2\/media?parent=194"}],"curies":[{"name":"wp","href":"https:\/\/api.w.org\/{rel}","templated":true}]}}