{"id":197,"date":"2019-01-03T12:47:55","date_gmt":"2019-01-03T10:47:55","guid":{"rendered":"http:\/\/disseny-test.uoc.edu\/materials\/tipografia-avan\/?page_id=197"},"modified":"2019-01-03T12:47:55","modified_gmt":"2019-01-03T10:47:55","slug":"2-2-3-caja-baja-o-minusculas","status":"publish","type":"page","link":"http:\/\/disseny-test.uoc.edu\/materials\/tipografia-avan\/es\/2-2-3-caja-baja-o-minusculas\/","title":{"rendered":"2.2.3. Caja baja o min\u00fasculas"},"content":{"rendered":"<p>El grupo de las min\u00fasculas incluye los mismos caracteres que el grupo de las may\u00fasculas, m\u00e1s las ligaduras dobles entre <em>f<\/em>\/<em>i<\/em>, <em>f<\/em>\/<em>l<\/em>, <em>f<\/em>\/<em>f<\/em>, las ligaduras triples entre <em>f<\/em>\/<em>f<\/em>\/<em>i<\/em>, <em>f<\/em>\/<em>f<\/em>\/<em>l<\/em> y la esset, o doble <em>s<\/em> alemana.<\/p>\n<p><img loading=\"lazy\" class=\"alignnone size-full wp-image-85\" src=\"http:\/\/disseny-test.uoc.edu\/materials\/tipografia-avan\/wp-content\/uploads\/sites\/13\/2018\/12\/20140_m1_016.jpg\" alt=\"\" width=\"800\" height=\"361\" srcset=\"http:\/\/disseny-test.uoc.edu\/materials\/tipografia-avan\/wp-content\/uploads\/sites\/13\/2018\/12\/20140_m1_016.jpg 800w, http:\/\/disseny-test.uoc.edu\/materials\/tipografia-avan\/wp-content\/uploads\/sites\/13\/2018\/12\/20140_m1_016-300x135.jpg 300w, http:\/\/disseny-test.uoc.edu\/materials\/tipografia-avan\/wp-content\/uploads\/sites\/13\/2018\/12\/20140_m1_016-768x347.jpg 768w\" sizes=\"(max-width: 800px) 100vw, 800px\" \/><\/p>\n","protected":false},"excerpt":{"rendered":"<p>El grupo de las min\u00fasculas incluye los mismos caracteres que el grupo de las may\u00fasculas, m\u00e1s las ligaduras dobles entre f\/i, f\/l, f\/f, las ligaduras triples entre f\/f\/i, f\/f\/l y la esset, o doble s alemana.<\/p>\n","protected":false},"author":1,"featured_media":0,"parent":0,"menu_order":0,"comment_status":"closed","ping_status":"closed","template":"","meta":{"inline_featured_image":false},"acf":[],"_links":{"self":[{"href":"http:\/\/disseny-test.uoc.edu\/materials\/tipografia-avan\/es\/wp-json\/wp\/v2\/pages\/197"}],"collection":[{"href":"http:\/\/disseny-test.uoc.edu\/materials\/tipografia-avan\/es\/wp-json\/wp\/v2\/pages"}],"about":[{"href":"http:\/\/disseny-test.uoc.edu\/materials\/tipografia-avan\/es\/wp-json\/wp\/v2\/types\/page"}],"author":[{"embeddable":true,"href":"http:\/\/disseny-test.uoc.edu\/materials\/tipografia-avan\/es\/wp-json\/wp\/v2\/users\/1"}],"replies":[{"embeddable":true,"href":"http:\/\/disseny-test.uoc.edu\/materials\/tipografia-avan\/es\/wp-json\/wp\/v2\/comments?post=197"}],"version-history":[{"count":2,"href":"http:\/\/disseny-test.uoc.edu\/materials\/tipografia-avan\/es\/wp-json\/wp\/v2\/pages\/197\/revisions"}],"predecessor-version":[{"id":275,"href":"http:\/\/disseny-test.uoc.edu\/materials\/tipografia-avan\/es\/wp-json\/wp\/v2\/pages\/197\/revisions\/275"}],"wp:attachment":[{"href":"http:\/\/disseny-test.uoc.edu\/materials\/tipografia-avan\/es\/wp-json\/wp\/v2\/media?parent=197"}],"curies":[{"name":"wp","href":"https:\/\/api.w.org\/{rel}","templated":true}]}}