{"id":199,"date":"2019-01-03T12:47:56","date_gmt":"2019-01-03T10:47:56","guid":{"rendered":"http:\/\/disseny-test.uoc.edu\/materials\/tipografia-avan\/?page_id=199"},"modified":"2019-01-03T12:47:56","modified_gmt":"2019-01-03T10:47:56","slug":"2-2-4-cursivas-o-italicas-y-oblicuas","status":"publish","type":"page","link":"http:\/\/disseny-test.uoc.edu\/materials\/tipografia-avan\/es\/2-2-4-cursivas-o-italicas-y-oblicuas\/","title":{"rendered":"2.2.4. Cursivas o it\u00e1licas y oblicuas"},"content":{"rendered":"<p>El grupo de letras cursivas o it\u00e1licas y oblicuas incluye los mismos caracteres que el grupo de las may\u00fasculas y min\u00fasculas juntos, con una inclinaci\u00f3n que puede ir de los 8 a los 12 grados.<\/p>\n<p><img loading=\"lazy\" class=\"alignnone size-full wp-image-86\" src=\"http:\/\/disseny-test.uoc.edu\/materials\/tipografia-avan\/wp-content\/uploads\/sites\/13\/2018\/12\/20140_m1_017.jpg\" alt=\"\" width=\"800\" height=\"352\" srcset=\"http:\/\/disseny-test.uoc.edu\/materials\/tipografia-avan\/wp-content\/uploads\/sites\/13\/2018\/12\/20140_m1_017.jpg 800w, http:\/\/disseny-test.uoc.edu\/materials\/tipografia-avan\/wp-content\/uploads\/sites\/13\/2018\/12\/20140_m1_017-300x132.jpg 300w, http:\/\/disseny-test.uoc.edu\/materials\/tipografia-avan\/wp-content\/uploads\/sites\/13\/2018\/12\/20140_m1_017-768x338.jpg 768w\" sizes=\"(max-width: 800px) 100vw, 800px\" \/><\/p>\n<div class=\"featured featured-blue\"><p>Es importante observar la diferencia entre una fuente cursiva y una fuente oblicua. En una cursiva las formas hacen referencia a la escritura cursiva manuscrita que se empleaba en la Italia del siglo <span class=\"roman\">xv<\/span>. Por norma general, las cursivas se asocian a las fuentes <em>serif<\/em>. Las oblicuas, por el contrario, se basan en las formas redondas, pero con una ligera inclinaci\u00f3n hacia la derecha que var\u00eda seg\u00fan el dise\u00f1o. Este tipo de fuentes est\u00e1 generalmente asociado a las tipograf\u00edas contempor\u00e1neas o lineales.<\/p>\n<\/div>\n<p><img loading=\"lazy\" class=\"alignnone size-full wp-image-87\" src=\"http:\/\/disseny-test.uoc.edu\/materials\/tipografia-avan\/wp-content\/uploads\/sites\/13\/2018\/12\/20140_m1_018.jpg\" alt=\"\" width=\"800\" height=\"361\" srcset=\"http:\/\/disseny-test.uoc.edu\/materials\/tipografia-avan\/wp-content\/uploads\/sites\/13\/2018\/12\/20140_m1_018.jpg 800w, http:\/\/disseny-test.uoc.edu\/materials\/tipografia-avan\/wp-content\/uploads\/sites\/13\/2018\/12\/20140_m1_018-300x135.jpg 300w, http:\/\/disseny-test.uoc.edu\/materials\/tipografia-avan\/wp-content\/uploads\/sites\/13\/2018\/12\/20140_m1_018-768x347.jpg 768w\" sizes=\"(max-width: 800px) 100vw, 800px\" \/><\/p>\n","protected":false},"excerpt":{"rendered":"<p>El grupo de letras cursivas o it\u00e1licas y oblicuas incluye los mismos caracteres que el grupo de las may\u00fasculas y min\u00fasculas juntos, con una inclinaci\u00f3n que puede ir de los 8 a los 12 grados.<\/p>\n","protected":false},"author":1,"featured_media":0,"parent":0,"menu_order":0,"comment_status":"closed","ping_status":"closed","template":"","meta":{"inline_featured_image":false},"acf":[],"_links":{"self":[{"href":"http:\/\/disseny-test.uoc.edu\/materials\/tipografia-avan\/es\/wp-json\/wp\/v2\/pages\/199"}],"collection":[{"href":"http:\/\/disseny-test.uoc.edu\/materials\/tipografia-avan\/es\/wp-json\/wp\/v2\/pages"}],"about":[{"href":"http:\/\/disseny-test.uoc.edu\/materials\/tipografia-avan\/es\/wp-json\/wp\/v2\/types\/page"}],"author":[{"embeddable":true,"href":"http:\/\/disseny-test.uoc.edu\/materials\/tipografia-avan\/es\/wp-json\/wp\/v2\/users\/1"}],"replies":[{"embeddable":true,"href":"http:\/\/disseny-test.uoc.edu\/materials\/tipografia-avan\/es\/wp-json\/wp\/v2\/comments?post=199"}],"version-history":[{"count":3,"href":"http:\/\/disseny-test.uoc.edu\/materials\/tipografia-avan\/es\/wp-json\/wp\/v2\/pages\/199\/revisions"}],"predecessor-version":[{"id":276,"href":"http:\/\/disseny-test.uoc.edu\/materials\/tipografia-avan\/es\/wp-json\/wp\/v2\/pages\/199\/revisions\/276"}],"wp:attachment":[{"href":"http:\/\/disseny-test.uoc.edu\/materials\/tipografia-avan\/es\/wp-json\/wp\/v2\/media?parent=199"}],"curies":[{"name":"wp","href":"https:\/\/api.w.org\/{rel}","templated":true}]}}