{"id":202,"date":"2019-01-03T12:47:57","date_gmt":"2019-01-03T10:47:57","guid":{"rendered":"http:\/\/disseny-test.uoc.edu\/materials\/tipografia-avan\/?page_id=202"},"modified":"2019-01-03T12:47:57","modified_gmt":"2019-01-03T10:47:57","slug":"2-2-5-versalitas","status":"publish","type":"page","link":"http:\/\/disseny-test.uoc.edu\/materials\/tipografia-avan\/es\/2-2-5-versalitas\/","title":{"rendered":"2.2.5. Versalitas"},"content":{"rendered":"<p>Las versalitas son un grupo de caracteres que corresponden a una variaci\u00f3n formal de las may\u00fasculas, o de caja alta, pero reducidas a la altura de \u00abx\u00bb, con sus correspondientes correcciones \u00f3pticas, para crear armon\u00eda con el resto de la familia. Las versalitas son muy comunes en las fuentes con remates y en algunos casos adoptan la nomenclatura de <em>caracteres expertos<\/em>.<\/p>\n<p><img loading=\"lazy\" class=\"alignnone size-full wp-image-88\" src=\"http:\/\/disseny-test.uoc.edu\/materials\/tipografia-avan\/wp-content\/uploads\/sites\/13\/2018\/12\/20140_m1_019.jpg\" alt=\"\" width=\"800\" height=\"323\" srcset=\"http:\/\/disseny-test.uoc.edu\/materials\/tipografia-avan\/wp-content\/uploads\/sites\/13\/2018\/12\/20140_m1_019.jpg 800w, http:\/\/disseny-test.uoc.edu\/materials\/tipografia-avan\/wp-content\/uploads\/sites\/13\/2018\/12\/20140_m1_019-300x121.jpg 300w, http:\/\/disseny-test.uoc.edu\/materials\/tipografia-avan\/wp-content\/uploads\/sites\/13\/2018\/12\/20140_m1_019-768x310.jpg 768w\" sizes=\"(max-width: 800px) 100vw, 800px\" \/><\/p>\n<p>En algunos casos, las diferentes aplicaciones inform\u00e1ticas permiten reducir de tama\u00f1o de los caracteres de caja alta de forma autom\u00e1tica. Estas versalitas artificiales no deben confundirse con las verdaderas, ya que las proporciones y los anchos no tienen nada que ver con las dise\u00f1adas originariamente.<\/p>\n<p><img loading=\"lazy\" class=\"alignnone size-full wp-image-89\" src=\"http:\/\/disseny-test.uoc.edu\/materials\/tipografia-avan\/wp-content\/uploads\/sites\/13\/2018\/12\/20140_m1_020.jpg\" alt=\"\" width=\"800\" height=\"364\" srcset=\"http:\/\/disseny-test.uoc.edu\/materials\/tipografia-avan\/wp-content\/uploads\/sites\/13\/2018\/12\/20140_m1_020.jpg 800w, http:\/\/disseny-test.uoc.edu\/materials\/tipografia-avan\/wp-content\/uploads\/sites\/13\/2018\/12\/20140_m1_020-300x137.jpg 300w, http:\/\/disseny-test.uoc.edu\/materials\/tipografia-avan\/wp-content\/uploads\/sites\/13\/2018\/12\/20140_m1_020-768x349.jpg 768w\" sizes=\"(max-width: 800px) 100vw, 800px\" \/><\/p>\n","protected":false},"excerpt":{"rendered":"<p>Las versalitas son un grupo de caracteres que corresponden a una variaci\u00f3n formal de las may\u00fasculas, o de caja alta, pero reducidas a la altura de \u00abx\u00bb, con sus correspondientes correcciones \u00f3pticas, para crear armon\u00eda con el resto de la familia. Las versalitas son muy comunes en las fuentes con remates y en algunos casos [&hellip;]<\/p>\n","protected":false},"author":1,"featured_media":0,"parent":0,"menu_order":0,"comment_status":"closed","ping_status":"closed","template":"","meta":{"inline_featured_image":false},"acf":[],"_links":{"self":[{"href":"http:\/\/disseny-test.uoc.edu\/materials\/tipografia-avan\/es\/wp-json\/wp\/v2\/pages\/202"}],"collection":[{"href":"http:\/\/disseny-test.uoc.edu\/materials\/tipografia-avan\/es\/wp-json\/wp\/v2\/pages"}],"about":[{"href":"http:\/\/disseny-test.uoc.edu\/materials\/tipografia-avan\/es\/wp-json\/wp\/v2\/types\/page"}],"author":[{"embeddable":true,"href":"http:\/\/disseny-test.uoc.edu\/materials\/tipografia-avan\/es\/wp-json\/wp\/v2\/users\/1"}],"replies":[{"embeddable":true,"href":"http:\/\/disseny-test.uoc.edu\/materials\/tipografia-avan\/es\/wp-json\/wp\/v2\/comments?post=202"}],"version-history":[{"count":1,"href":"http:\/\/disseny-test.uoc.edu\/materials\/tipografia-avan\/es\/wp-json\/wp\/v2\/pages\/202\/revisions"}],"predecessor-version":[{"id":203,"href":"http:\/\/disseny-test.uoc.edu\/materials\/tipografia-avan\/es\/wp-json\/wp\/v2\/pages\/202\/revisions\/203"}],"wp:attachment":[{"href":"http:\/\/disseny-test.uoc.edu\/materials\/tipografia-avan\/es\/wp-json\/wp\/v2\/media?parent=202"}],"curies":[{"name":"wp","href":"https:\/\/api.w.org\/{rel}","templated":true}]}}