{"id":204,"date":"2019-01-03T12:47:57","date_gmt":"2019-01-03T10:47:57","guid":{"rendered":"http:\/\/disseny-test.uoc.edu\/materials\/tipografia-avan\/?page_id=204"},"modified":"2019-01-03T12:47:57","modified_gmt":"2019-01-03T10:47:57","slug":"2-2-6-numerales","status":"publish","type":"page","link":"http:\/\/disseny-test.uoc.edu\/materials\/tipografia-avan\/es\/2-2-6-numerales\/","title":{"rendered":"2.2.6. Numerales"},"content":{"rendered":"<p>Los numerales se pueden dividir en dos grupos principales:<\/p>\n<ul>\n<li><strong>Numerales de caja alta<\/strong>. Los numerales de caja alta, tambi\u00e9n llamados cifras capitales, tienen la misma altura que los caracteres de caja alta y comparten los mismos atributos, tanto de ancho como de espaciado, como de <em>kerning<\/em>. Son especialmente \u00fatiles para ser usados en tablas o cualquier otro elemento de dise\u00f1o o maquetaci\u00f3n donde se combinen con las cajas altas.<\/li>\n<li><strong>Numerales de caja baja<\/strong>. Los numerales de caja baja, tambi\u00e9n denominados cifras de estilo antiguo, cifras de texto o elzevirianos, est\u00e1n compuestos de caracteres que comparten la altura de <em>x<\/em> y las ascendentes y descendentes de las min\u00fasculas. Est\u00e1n especialmente dise\u00f1ados para acompa\u00f1ar a los caracteres de caja baja. Por norma general este grupo de glifos son muy frecuentes en los tipo <em>serif<\/em>.<\/li>\n<\/ul>\n<p><img loading=\"lazy\" class=\"alignnone size-full wp-image-90\" src=\"http:\/\/disseny-test.uoc.edu\/materials\/tipografia-avan\/wp-content\/uploads\/sites\/13\/2018\/12\/20140_m1_021.jpg\" alt=\"\" width=\"800\" height=\"401\" srcset=\"http:\/\/disseny-test.uoc.edu\/materials\/tipografia-avan\/wp-content\/uploads\/sites\/13\/2018\/12\/20140_m1_021.jpg 800w, http:\/\/disseny-test.uoc.edu\/materials\/tipografia-avan\/wp-content\/uploads\/sites\/13\/2018\/12\/20140_m1_021-300x150.jpg 300w, http:\/\/disseny-test.uoc.edu\/materials\/tipografia-avan\/wp-content\/uploads\/sites\/13\/2018\/12\/20140_m1_021-768x385.jpg 768w\" sizes=\"(max-width: 800px) 100vw, 800px\" \/><\/p>\n<p>Hay otros tipos de numerales que tambi\u00e9n son importantes y que tambi\u00e9n forman parte del alfabeto, aunque est\u00e1n dentro del grupo de caracteres expertos:<\/p>\n<ul>\n<li>Los numerales de super\u00edndice son caracteres reducidos y elevados proporcionalmente que se utilizan principalmente en f\u00f3rmulas matem\u00e1ticas y para las notas a pie de p\u00e1gina.<\/li>\n<li>Los numerales de sub\u00edndice son caracteres reducidos proporcionalmente que sobresalen por debajo de la l\u00ednea base, habitualmente en f\u00f3rmulas qu\u00edmicas.<\/li>\n<li>Los numeradores son caracteres reducidos proporcionalmente que se usan habitualmente en f\u00f3rmulas matem\u00e1ticas para los n\u00fameros fraccionados superiores.<\/li>\n<li>Los denominadores son caracteres reducidos proporcionalmente que se usan habitualmente en f\u00f3rmulas matem\u00e1ticas para n\u00fameros fraccionados inferiores.<\/li>\n<li>Las fracciones son caracteres que forman una conjunci\u00f3n en substituci\u00f3n a los dos n\u00fameros y una barra diagonal. Pueden aparecer con gran regularidad en elementos como recetas, libros de cocina, manuales, etc.<\/li>\n<\/ul>\n<p><img loading=\"lazy\" class=\"alignnone size-full wp-image-91\" src=\"http:\/\/disseny-test.uoc.edu\/materials\/tipografia-avan\/wp-content\/uploads\/sites\/13\/2018\/12\/20140_m1_022.jpg\" alt=\"\" width=\"800\" height=\"411\" srcset=\"http:\/\/disseny-test.uoc.edu\/materials\/tipografia-avan\/wp-content\/uploads\/sites\/13\/2018\/12\/20140_m1_022.jpg 800w, http:\/\/disseny-test.uoc.edu\/materials\/tipografia-avan\/wp-content\/uploads\/sites\/13\/2018\/12\/20140_m1_022-300x154.jpg 300w, http:\/\/disseny-test.uoc.edu\/materials\/tipografia-avan\/wp-content\/uploads\/sites\/13\/2018\/12\/20140_m1_022-768x395.jpg 768w\" sizes=\"(max-width: 800px) 100vw, 800px\" \/><\/p>\n","protected":false},"excerpt":{"rendered":"<p>Los numerales se pueden dividir en dos grupos principales: Numerales de caja alta. Los numerales de caja alta, tambi\u00e9n llamados cifras capitales, tienen la misma altura que los caracteres de caja alta y comparten los mismos atributos, tanto de ancho como de espaciado, como de kerning. Son especialmente \u00fatiles para ser usados en tablas o [&hellip;]<\/p>\n","protected":false},"author":1,"featured_media":0,"parent":0,"menu_order":0,"comment_status":"closed","ping_status":"closed","template":"","meta":{"inline_featured_image":false},"acf":[],"_links":{"self":[{"href":"http:\/\/disseny-test.uoc.edu\/materials\/tipografia-avan\/es\/wp-json\/wp\/v2\/pages\/204"}],"collection":[{"href":"http:\/\/disseny-test.uoc.edu\/materials\/tipografia-avan\/es\/wp-json\/wp\/v2\/pages"}],"about":[{"href":"http:\/\/disseny-test.uoc.edu\/materials\/tipografia-avan\/es\/wp-json\/wp\/v2\/types\/page"}],"author":[{"embeddable":true,"href":"http:\/\/disseny-test.uoc.edu\/materials\/tipografia-avan\/es\/wp-json\/wp\/v2\/users\/1"}],"replies":[{"embeddable":true,"href":"http:\/\/disseny-test.uoc.edu\/materials\/tipografia-avan\/es\/wp-json\/wp\/v2\/comments?post=204"}],"version-history":[{"count":2,"href":"http:\/\/disseny-test.uoc.edu\/materials\/tipografia-avan\/es\/wp-json\/wp\/v2\/pages\/204\/revisions"}],"predecessor-version":[{"id":277,"href":"http:\/\/disseny-test.uoc.edu\/materials\/tipografia-avan\/es\/wp-json\/wp\/v2\/pages\/204\/revisions\/277"}],"wp:attachment":[{"href":"http:\/\/disseny-test.uoc.edu\/materials\/tipografia-avan\/es\/wp-json\/wp\/v2\/media?parent=204"}],"curies":[{"name":"wp","href":"https:\/\/api.w.org\/{rel}","templated":true}]}}