{"id":206,"date":"2019-01-03T12:48:23","date_gmt":"2019-01-03T10:48:23","guid":{"rendered":"http:\/\/disseny-test.uoc.edu\/materials\/tipografia-avan\/?page_id=206"},"modified":"2019-01-03T12:48:23","modified_gmt":"2019-01-03T10:48:23","slug":"2-2-7-signos-de-puntuacion","status":"publish","type":"page","link":"http:\/\/disseny-test.uoc.edu\/materials\/tipografia-avan\/es\/2-2-7-signos-de-puntuacion\/","title":{"rendered":"2.2.7. Signos de puntuaci\u00f3n"},"content":{"rendered":"<p>Todas las fuentes contienen este tipo de caracteres, aunque pueden variar de una tipograf\u00eda a otra. Suelen delimitar frases y p\u00e1rrafos, establecen jerarqu\u00eda sint\u00e1ctica para estructurar un texto y enfatizan conceptos. Es importante familiarizarse con este tipo de caracteres, ya que son mucho m\u00e1s importantes de lo que parecen.<\/p>\n<p><img loading=\"lazy\" class=\"alignnone size-full wp-image-92\" src=\"http:\/\/disseny-test.uoc.edu\/materials\/tipografia-avan\/wp-content\/uploads\/sites\/13\/2018\/12\/20140_m1_023.jpg\" alt=\"\" width=\"800\" height=\"417\" srcset=\"http:\/\/disseny-test.uoc.edu\/materials\/tipografia-avan\/wp-content\/uploads\/sites\/13\/2018\/12\/20140_m1_023.jpg 800w, http:\/\/disseny-test.uoc.edu\/materials\/tipografia-avan\/wp-content\/uploads\/sites\/13\/2018\/12\/20140_m1_023-300x156.jpg 300w, http:\/\/disseny-test.uoc.edu\/materials\/tipografia-avan\/wp-content\/uploads\/sites\/13\/2018\/12\/20140_m1_023-768x400.jpg 768w\" sizes=\"(max-width: 800px) 100vw, 800px\" \/><\/p>\n","protected":false},"excerpt":{"rendered":"<p>Todas las fuentes contienen este tipo de caracteres, aunque pueden variar de una tipograf\u00eda a otra. Suelen delimitar frases y p\u00e1rrafos, establecen jerarqu\u00eda sint\u00e1ctica para estructurar un texto y enfatizan conceptos. Es importante familiarizarse con este tipo de caracteres, ya que son mucho m\u00e1s importantes de lo que parecen.<\/p>\n","protected":false},"author":1,"featured_media":0,"parent":0,"menu_order":0,"comment_status":"closed","ping_status":"closed","template":"","meta":{"inline_featured_image":false},"acf":[],"_links":{"self":[{"href":"http:\/\/disseny-test.uoc.edu\/materials\/tipografia-avan\/es\/wp-json\/wp\/v2\/pages\/206"}],"collection":[{"href":"http:\/\/disseny-test.uoc.edu\/materials\/tipografia-avan\/es\/wp-json\/wp\/v2\/pages"}],"about":[{"href":"http:\/\/disseny-test.uoc.edu\/materials\/tipografia-avan\/es\/wp-json\/wp\/v2\/types\/page"}],"author":[{"embeddable":true,"href":"http:\/\/disseny-test.uoc.edu\/materials\/tipografia-avan\/es\/wp-json\/wp\/v2\/users\/1"}],"replies":[{"embeddable":true,"href":"http:\/\/disseny-test.uoc.edu\/materials\/tipografia-avan\/es\/wp-json\/wp\/v2\/comments?post=206"}],"version-history":[{"count":1,"href":"http:\/\/disseny-test.uoc.edu\/materials\/tipografia-avan\/es\/wp-json\/wp\/v2\/pages\/206\/revisions"}],"predecessor-version":[{"id":207,"href":"http:\/\/disseny-test.uoc.edu\/materials\/tipografia-avan\/es\/wp-json\/wp\/v2\/pages\/206\/revisions\/207"}],"wp:attachment":[{"href":"http:\/\/disseny-test.uoc.edu\/materials\/tipografia-avan\/es\/wp-json\/wp\/v2\/media?parent=206"}],"curies":[{"name":"wp","href":"https:\/\/api.w.org\/{rel}","templated":true}]}}