{"id":213,"date":"2019-01-03T12:48:25","date_gmt":"2019-01-03T10:48:25","guid":{"rendered":"http:\/\/disseny-test.uoc.edu\/materials\/tipografia-avan\/?page_id=213"},"modified":"2019-01-03T12:48:25","modified_gmt":"2019-01-03T10:48:25","slug":"2-3-1-introduccion","status":"publish","type":"page","link":"http:\/\/disseny-test.uoc.edu\/materials\/tipografia-avan\/es\/2-3-1-introduccion\/","title":{"rendered":"2.3.1. Introducci\u00f3n"},"content":{"rendered":"<p>La comunicaci\u00f3n requiere de diferentes niveles de lectura dependiendo de las jerarqu\u00edas de un texto. La tipograf\u00eda puede resolver este problema mediante las variantes de estilo.<\/p>\n<p>Los estilos son las variables que nos ofrece una misma familia para responder a las diferentes necesidades de comunicaci\u00f3n visual.<\/p>\n<p>Las utilizamos, entre otras cosas, para establecer distintos niveles de jerarqu\u00eda dentro de un texto, para alterar el color, cambiar el ritmo, etc.<\/p>\n<p>Estas variables tipogr\u00e1ficas funcionan como alternativas o extensiones dentro de una misma familia, por lo tanto, mantienen las mismas caracter\u00edsticas estructurales entre s\u00ed.<\/p>\n<div class=\"featured featured-blue\"><p>Las variantes de estilo se subdividen en tres bloques: inclinaci\u00f3n, peso y ancho.<\/p>\n<\/div>\n","protected":false},"excerpt":{"rendered":"<p>La comunicaci\u00f3n requiere de diferentes niveles de lectura dependiendo de las jerarqu\u00edas de un texto. La tipograf\u00eda puede resolver este problema mediante las variantes de estilo. Los estilos son las variables que nos ofrece una misma familia para responder a las diferentes necesidades de comunicaci\u00f3n visual. Las utilizamos, entre otras cosas, para establecer distintos niveles [&hellip;]<\/p>\n","protected":false},"author":1,"featured_media":0,"parent":0,"menu_order":0,"comment_status":"closed","ping_status":"closed","template":"","meta":{"inline_featured_image":false},"acf":[],"_links":{"self":[{"href":"http:\/\/disseny-test.uoc.edu\/materials\/tipografia-avan\/es\/wp-json\/wp\/v2\/pages\/213"}],"collection":[{"href":"http:\/\/disseny-test.uoc.edu\/materials\/tipografia-avan\/es\/wp-json\/wp\/v2\/pages"}],"about":[{"href":"http:\/\/disseny-test.uoc.edu\/materials\/tipografia-avan\/es\/wp-json\/wp\/v2\/types\/page"}],"author":[{"embeddable":true,"href":"http:\/\/disseny-test.uoc.edu\/materials\/tipografia-avan\/es\/wp-json\/wp\/v2\/users\/1"}],"replies":[{"embeddable":true,"href":"http:\/\/disseny-test.uoc.edu\/materials\/tipografia-avan\/es\/wp-json\/wp\/v2\/comments?post=213"}],"version-history":[{"count":1,"href":"http:\/\/disseny-test.uoc.edu\/materials\/tipografia-avan\/es\/wp-json\/wp\/v2\/pages\/213\/revisions"}],"predecessor-version":[{"id":214,"href":"http:\/\/disseny-test.uoc.edu\/materials\/tipografia-avan\/es\/wp-json\/wp\/v2\/pages\/213\/revisions\/214"}],"wp:attachment":[{"href":"http:\/\/disseny-test.uoc.edu\/materials\/tipografia-avan\/es\/wp-json\/wp\/v2\/media?parent=213"}],"curies":[{"name":"wp","href":"https:\/\/api.w.org\/{rel}","templated":true}]}}