{"id":217,"date":"2019-01-03T12:48:26","date_gmt":"2019-01-03T10:48:26","guid":{"rendered":"http:\/\/disseny-test.uoc.edu\/materials\/tipografia-avan\/?page_id=217"},"modified":"2019-01-03T12:48:26","modified_gmt":"2019-01-03T10:48:26","slug":"2-3-3-variantes-de-peso","status":"publish","type":"page","link":"http:\/\/disseny-test.uoc.edu\/materials\/tipografia-avan\/es\/2-3-3-variantes-de-peso\/","title":{"rendered":"2.3.3. Variantes de peso"},"content":{"rendered":"<p>Las variantes de peso afectan principalmente a la estructura de la anatom\u00eda de los caracteres. Eso provoca modificaciones a nivel de estructura, ya que hay una alteraci\u00f3n del color tipogr\u00e1fico y un cambio en la relaci\u00f3n entre el ancho del trazo y las contraformas de las letras.<\/p>\n<div class=\"featured featured-blue\"><p>Es importante observar que si se necesita una versi\u00f3n <em>bold<\/em> de una fuente hay que buscar la variante correspondiente de la familia, no la versi\u00f3n que se puede realizar de forma artificial con el programa.<\/p>\n<\/div>\n<p>En las variantes de peso, el contraste entre los trazos finos y los gruesos suele ser gradual.<\/p>\n<p><img loading=\"lazy\" class=\"alignnone size-full wp-image-97\" src=\"http:\/\/disseny-test.uoc.edu\/materials\/tipografia-avan\/wp-content\/uploads\/sites\/13\/2018\/12\/20140_m1_028.jpg\" alt=\"\" width=\"800\" height=\"481\" srcset=\"http:\/\/disseny-test.uoc.edu\/materials\/tipografia-avan\/wp-content\/uploads\/sites\/13\/2018\/12\/20140_m1_028.jpg 800w, http:\/\/disseny-test.uoc.edu\/materials\/tipografia-avan\/wp-content\/uploads\/sites\/13\/2018\/12\/20140_m1_028-300x180.jpg 300w, http:\/\/disseny-test.uoc.edu\/materials\/tipografia-avan\/wp-content\/uploads\/sites\/13\/2018\/12\/20140_m1_028-768x462.jpg 768w\" sizes=\"(max-width: 800px) 100vw, 800px\" \/><\/p>\n<p><img loading=\"lazy\" class=\"alignnone size-full wp-image-98\" src=\"http:\/\/disseny-test.uoc.edu\/materials\/tipografia-avan\/wp-content\/uploads\/sites\/13\/2018\/12\/20140_m1_029.jpg\" alt=\"\" width=\"800\" height=\"413\" srcset=\"http:\/\/disseny-test.uoc.edu\/materials\/tipografia-avan\/wp-content\/uploads\/sites\/13\/2018\/12\/20140_m1_029.jpg 800w, http:\/\/disseny-test.uoc.edu\/materials\/tipografia-avan\/wp-content\/uploads\/sites\/13\/2018\/12\/20140_m1_029-300x155.jpg 300w, http:\/\/disseny-test.uoc.edu\/materials\/tipografia-avan\/wp-content\/uploads\/sites\/13\/2018\/12\/20140_m1_029-768x396.jpg 768w\" sizes=\"(max-width: 800px) 100vw, 800px\" \/><\/p>\n","protected":false},"excerpt":{"rendered":"<p>Las variantes de peso afectan principalmente a la estructura de la anatom\u00eda de los caracteres. Eso provoca modificaciones a nivel de estructura, ya que hay una alteraci\u00f3n del color tipogr\u00e1fico y un cambio en la relaci\u00f3n entre el ancho del trazo y las contraformas de las letras. En las variantes de peso, el contraste entre [&hellip;]<\/p>\n","protected":false},"author":1,"featured_media":0,"parent":0,"menu_order":0,"comment_status":"closed","ping_status":"closed","template":"","meta":{"inline_featured_image":false},"acf":[],"_links":{"self":[{"href":"http:\/\/disseny-test.uoc.edu\/materials\/tipografia-avan\/es\/wp-json\/wp\/v2\/pages\/217"}],"collection":[{"href":"http:\/\/disseny-test.uoc.edu\/materials\/tipografia-avan\/es\/wp-json\/wp\/v2\/pages"}],"about":[{"href":"http:\/\/disseny-test.uoc.edu\/materials\/tipografia-avan\/es\/wp-json\/wp\/v2\/types\/page"}],"author":[{"embeddable":true,"href":"http:\/\/disseny-test.uoc.edu\/materials\/tipografia-avan\/es\/wp-json\/wp\/v2\/users\/1"}],"replies":[{"embeddable":true,"href":"http:\/\/disseny-test.uoc.edu\/materials\/tipografia-avan\/es\/wp-json\/wp\/v2\/comments?post=217"}],"version-history":[{"count":2,"href":"http:\/\/disseny-test.uoc.edu\/materials\/tipografia-avan\/es\/wp-json\/wp\/v2\/pages\/217\/revisions"}],"predecessor-version":[{"id":279,"href":"http:\/\/disseny-test.uoc.edu\/materials\/tipografia-avan\/es\/wp-json\/wp\/v2\/pages\/217\/revisions\/279"}],"wp:attachment":[{"href":"http:\/\/disseny-test.uoc.edu\/materials\/tipografia-avan\/es\/wp-json\/wp\/v2\/media?parent=217"}],"curies":[{"name":"wp","href":"https:\/\/api.w.org\/{rel}","templated":true}]}}