{"id":219,"date":"2019-01-03T12:48:26","date_gmt":"2019-01-03T10:48:26","guid":{"rendered":"http:\/\/disseny-test.uoc.edu\/materials\/tipografia-avan\/?page_id=219"},"modified":"2019-01-03T12:48:26","modified_gmt":"2019-01-03T10:48:26","slug":"2-3-4-variantes-de-ancho","status":"publish","type":"page","link":"http:\/\/disseny-test.uoc.edu\/materials\/tipografia-avan\/es\/2-3-4-variantes-de-ancho\/","title":{"rendered":"2.3.4. Variantes de ancho"},"content":{"rendered":"<p>En las variantes de ancho aparece un cambio estructural en la anatom\u00eda de la letra en la que solo var\u00eda la proporci\u00f3n, pero no el trazo. De la misma forma, var\u00eda tambi\u00e9n el color seg\u00fan aumenta el estilo.<\/p>\n<p>En este apartado nos encontramos con las familias de fuentes condensadas y expandidas. Debemos ser conscientes de que estas fuentes est\u00e1n dise\u00f1adas especialmente, con lo que no debemos modificar caracter\u00edsticas como el ancho por medios autom\u00e1ticos electr\u00f3nicamente, ya que al deformarse las formas de las letras, pierden su consistencia y uniformidad.<\/p>\n<p><img loading=\"lazy\" class=\"alignnone size-full wp-image-99\" src=\"http:\/\/disseny-test.uoc.edu\/materials\/tipografia-avan\/wp-content\/uploads\/sites\/13\/2018\/12\/20140_m1_030.jpg\" alt=\"\" width=\"800\" height=\"596\" srcset=\"http:\/\/disseny-test.uoc.edu\/materials\/tipografia-avan\/wp-content\/uploads\/sites\/13\/2018\/12\/20140_m1_030.jpg 800w, http:\/\/disseny-test.uoc.edu\/materials\/tipografia-avan\/wp-content\/uploads\/sites\/13\/2018\/12\/20140_m1_030-300x224.jpg 300w, http:\/\/disseny-test.uoc.edu\/materials\/tipografia-avan\/wp-content\/uploads\/sites\/13\/2018\/12\/20140_m1_030-768x572.jpg 768w\" sizes=\"(max-width: 800px) 100vw, 800px\" \/><\/p>\n","protected":false},"excerpt":{"rendered":"<p>En las variantes de ancho aparece un cambio estructural en la anatom\u00eda de la letra en la que solo var\u00eda la proporci\u00f3n, pero no el trazo. De la misma forma, var\u00eda tambi\u00e9n el color seg\u00fan aumenta el estilo. En este apartado nos encontramos con las familias de fuentes condensadas y expandidas. Debemos ser conscientes de [&hellip;]<\/p>\n","protected":false},"author":1,"featured_media":0,"parent":0,"menu_order":0,"comment_status":"closed","ping_status":"closed","template":"","meta":{"inline_featured_image":false},"acf":[],"_links":{"self":[{"href":"http:\/\/disseny-test.uoc.edu\/materials\/tipografia-avan\/es\/wp-json\/wp\/v2\/pages\/219"}],"collection":[{"href":"http:\/\/disseny-test.uoc.edu\/materials\/tipografia-avan\/es\/wp-json\/wp\/v2\/pages"}],"about":[{"href":"http:\/\/disseny-test.uoc.edu\/materials\/tipografia-avan\/es\/wp-json\/wp\/v2\/types\/page"}],"author":[{"embeddable":true,"href":"http:\/\/disseny-test.uoc.edu\/materials\/tipografia-avan\/es\/wp-json\/wp\/v2\/users\/1"}],"replies":[{"embeddable":true,"href":"http:\/\/disseny-test.uoc.edu\/materials\/tipografia-avan\/es\/wp-json\/wp\/v2\/comments?post=219"}],"version-history":[{"count":1,"href":"http:\/\/disseny-test.uoc.edu\/materials\/tipografia-avan\/es\/wp-json\/wp\/v2\/pages\/219\/revisions"}],"predecessor-version":[{"id":220,"href":"http:\/\/disseny-test.uoc.edu\/materials\/tipografia-avan\/es\/wp-json\/wp\/v2\/pages\/219\/revisions\/220"}],"wp:attachment":[{"href":"http:\/\/disseny-test.uoc.edu\/materials\/tipografia-avan\/es\/wp-json\/wp\/v2\/media?parent=219"}],"curies":[{"name":"wp","href":"https:\/\/api.w.org\/{rel}","templated":true}]}}