{"id":221,"date":"2019-01-03T12:48:27","date_gmt":"2019-01-03T10:48:27","guid":{"rendered":"http:\/\/disseny-test.uoc.edu\/materials\/tipografia-avan\/?page_id=221"},"modified":"2019-01-03T13:00:12","modified_gmt":"2019-01-03T11:00:12","slug":"2-4-fuentes-para-titulares-frente-a-fuentes-para-texto","status":"publish","type":"page","link":"http:\/\/disseny-test.uoc.edu\/materials\/tipografia-avan\/es\/2-4-fuentes-para-titulares-frente-a-fuentes-para-texto\/","title":{"rendered":"2.4. Fuentes para titulares frente a fuentes para texto"},"content":{"rendered":"<p>El texto que se presenta tanto en medios impresos como en medios digitales lo podemos dividir en dos grandes grupos con dos objetivos muy diferentes:<\/p>\n<ul>\n<li><strong>Titulares<\/strong>. Suelen ser frases cortas que encabezan diferentes niveles de secciones.<\/li>\n<li><strong>Cuerpo de texto<\/strong>. Es lo que de forma com\u00fan conocemos como texto corrido o texto principal.<\/li>\n<\/ul>\n<p>Si necesitamos dise\u00f1ar una pieza con diferentes niveles de aplicaci\u00f3n tipogr\u00e1fica podemos optar por emplear una sola familia de fuentes, usando para ello las diferentes variantes de inclinaci\u00f3n, peso o ancho, o podemos emplear una combinaci\u00f3n de varias familias para diferenciar gr\u00e1ficamente todos los elementos del contenido.<\/p>\n<p>Los titulares son a nivel visual lo primero que se lee, y es por eso que deben reflejar una importancia relativa respecto al resto del conjunto del dise\u00f1o.<\/p>\n<p>Otros elementos de lectura r\u00e1pida, como los destacados o las listas, pueden y deben guardar semejanza con los titulares o textos principales. Usando la tipograf\u00eda para se\u00f1alar los diferentes niveles de informaci\u00f3n, el dise\u00f1ador ayuda al lector a viajar por el documento y decide el orden de lectura, el ritmo y el contenido donde desea que el lector se detenga.<\/p>\n<p>Las fuentes <em>display<\/em> est\u00e1n dise\u00f1adas con un objetivo de uso, principalmente para titulares. Sus formas complejas y sus proporciones extremas las hacen fatigosas para los textos extensos.<\/p>\n<p>El dise\u00f1o de algunas tipograf\u00edas est\u00e1 planteado para su uso exclusivo en cuerpo de texto o texto de lectura. Estas fuentes se desarrollan con el objetivo de una buena lectura y es por eso que las formas suelen ser sutiles, depuradas y con unos espaciados muy bien trabajados para que la sensaci\u00f3n de uniformidad sea constante.<\/p>\n<p>Las fuentes para texto suelen contener multitud de pesos y variantes para poder jerarquizar bien la informaci\u00f3n. En algunos casos contemplan detalles atractivos y es por eso que pueden llegar a ser \u00f3ptimas para su uso en titulares, aunque estos casos no son tan evidentes como las fuentes <em>display<\/em>.<\/p>\n<p><img loading=\"lazy\" class=\"alignnone size-full wp-image-100\" src=\"http:\/\/disseny-test.uoc.edu\/materials\/tipografia-avan\/wp-content\/uploads\/sites\/13\/2018\/12\/20140_m1_031.jpg\" alt=\"\" width=\"800\" height=\"639\" srcset=\"http:\/\/disseny-test.uoc.edu\/materials\/tipografia-avan\/wp-content\/uploads\/sites\/13\/2018\/12\/20140_m1_031.jpg 800w, http:\/\/disseny-test.uoc.edu\/materials\/tipografia-avan\/wp-content\/uploads\/sites\/13\/2018\/12\/20140_m1_031-300x240.jpg 300w, http:\/\/disseny-test.uoc.edu\/materials\/tipografia-avan\/wp-content\/uploads\/sites\/13\/2018\/12\/20140_m1_031-768x613.jpg 768w\" sizes=\"(max-width: 800px) 100vw, 800px\" \/><\/p>\n","protected":false},"excerpt":{"rendered":"<p>El texto que se presenta tanto en medios impresos como en medios digitales lo podemos dividir en dos grandes grupos con dos objetivos muy diferentes: Titulares. Suelen ser frases cortas que encabezan diferentes niveles de secciones. Cuerpo de texto. Es lo que de forma com\u00fan conocemos como texto corrido o texto principal. Si necesitamos dise\u00f1ar [&hellip;]<\/p>\n","protected":false},"author":1,"featured_media":0,"parent":0,"menu_order":0,"comment_status":"closed","ping_status":"closed","template":"","meta":{"inline_featured_image":false},"acf":[],"_links":{"self":[{"href":"http:\/\/disseny-test.uoc.edu\/materials\/tipografia-avan\/es\/wp-json\/wp\/v2\/pages\/221"}],"collection":[{"href":"http:\/\/disseny-test.uoc.edu\/materials\/tipografia-avan\/es\/wp-json\/wp\/v2\/pages"}],"about":[{"href":"http:\/\/disseny-test.uoc.edu\/materials\/tipografia-avan\/es\/wp-json\/wp\/v2\/types\/page"}],"author":[{"embeddable":true,"href":"http:\/\/disseny-test.uoc.edu\/materials\/tipografia-avan\/es\/wp-json\/wp\/v2\/users\/1"}],"replies":[{"embeddable":true,"href":"http:\/\/disseny-test.uoc.edu\/materials\/tipografia-avan\/es\/wp-json\/wp\/v2\/comments?post=221"}],"version-history":[{"count":2,"href":"http:\/\/disseny-test.uoc.edu\/materials\/tipografia-avan\/es\/wp-json\/wp\/v2\/pages\/221\/revisions"}],"predecessor-version":[{"id":367,"href":"http:\/\/disseny-test.uoc.edu\/materials\/tipografia-avan\/es\/wp-json\/wp\/v2\/pages\/221\/revisions\/367"}],"wp:attachment":[{"href":"http:\/\/disseny-test.uoc.edu\/materials\/tipografia-avan\/es\/wp-json\/wp\/v2\/media?parent=221"}],"curies":[{"name":"wp","href":"https:\/\/api.w.org\/{rel}","templated":true}]}}