{"id":223,"date":"2019-01-03T12:48:28","date_gmt":"2019-01-03T10:48:28","guid":{"rendered":"http:\/\/disseny-test.uoc.edu\/materials\/tipografia-avan\/?page_id=223"},"modified":"2019-01-03T12:48:28","modified_gmt":"2019-01-03T10:48:28","slug":"3-1-como-leemos","status":"publish","type":"page","link":"http:\/\/disseny-test.uoc.edu\/materials\/tipografia-avan\/es\/3-1-como-leemos\/","title":{"rendered":"3.1. C\u00f3mo leemos"},"content":{"rendered":"<p>No leemos letra por letra, como hac\u00edamos cuando \u00e9ramos peque\u00f1os y todav\u00eda est\u00e1bamos aprendiendo a leer. Tras esa \u00e9poca inicial de aprendizaje, empezamos a leer palabra por palabra. Las palabras con las que nos hemos familiarizado se almacenan en nuestro cerebro, as\u00ed que leer es b\u00e1sicamente reconocer siluetas de palabras. Nuestros ojos se mueven constantemente a izquierda y derecha en el proceso de lectura tan r\u00e1pidamente que ni siquiera nos damos cuenta de ello. Estos movimientos oculares se llaman <em>sacadas<\/em>. Tras leer una l\u00ednea de texto nuestros ojos toman un breve respiro hasta que cambian el foco a la siguiente l\u00ednea de texto. Si hacemos las l\u00edneas demasiado largas, los ojos se cansar\u00e1n pronto. Dejando demasiado poco espacio entre las l\u00edneas, solo conseguiremos confundirnos al cambiar de l\u00ednea.<\/p>\n<p><img loading=\"lazy\" class=\"alignnone size-full wp-image-101\" src=\"http:\/\/disseny-test.uoc.edu\/materials\/tipografia-avan\/wp-content\/uploads\/sites\/13\/2018\/12\/20140_m1_032.jpg\" alt=\"\" width=\"800\" height=\"248\" srcset=\"http:\/\/disseny-test.uoc.edu\/materials\/tipografia-avan\/wp-content\/uploads\/sites\/13\/2018\/12\/20140_m1_032.jpg 800w, http:\/\/disseny-test.uoc.edu\/materials\/tipografia-avan\/wp-content\/uploads\/sites\/13\/2018\/12\/20140_m1_032-300x93.jpg 300w, http:\/\/disseny-test.uoc.edu\/materials\/tipografia-avan\/wp-content\/uploads\/sites\/13\/2018\/12\/20140_m1_032-768x238.jpg 768w\" sizes=\"(max-width: 800px) 100vw, 800px\" \/><\/p>\n<p>La tipograf\u00eda puede mejorar la legibilidad de un texto siguiendo los principios generales que han sido desarrollados desde la primera m\u00e1quina de imprimir, all\u00e1 por el siglo <span class=\"roman\">xv<\/span>.<\/p>\n<p>Un texto bien compuesto es m\u00e1s f\u00e1cil de leer porque tiene todos estos factores en cuenta. Por esto, el tama\u00f1o del texto, la longitud de l\u00ednea y el interlineado son tan importantes; con estos tres factores podemos moldear la experiencia de la lectura. Hay tip\u00f3grafos que hacen esto en libros y dise\u00f1adores gr\u00e1ficos que hacen lo mismo aplic\u00e1ndolo a revistas, p\u00e1ginas web y otros medios, pero los principios siempre son los mismos.<\/p>\n<div class=\"featured featured-blue\"><\/p>\n<p><strong>Conclusi\u00f3n<\/strong><\/p>\n<p>No es verdad que leamos letra por letra. Solamente hacemos esto cuando estamos aprendiendo a leer, en la infancia. M\u00e1s adelante, nos acostumbramos a reconocer formas de letras y la lectura se realiza de forma m\u00e1s \u00e1gil, mediante movimientos oculares r\u00e1pidos denominados <em>sacadas<\/em>.<\/p>\n<p>\n<\/div>\n<p>&nbsp;<\/p>\n","protected":false},"excerpt":{"rendered":"<p>No leemos letra por letra, como hac\u00edamos cuando \u00e9ramos peque\u00f1os y todav\u00eda est\u00e1bamos aprendiendo a leer. Tras esa \u00e9poca inicial de aprendizaje, empezamos a leer palabra por palabra. Las palabras con las que nos hemos familiarizado se almacenan en nuestro cerebro, as\u00ed que leer es b\u00e1sicamente reconocer siluetas de palabras. Nuestros ojos se mueven constantemente [&hellip;]<\/p>\n","protected":false},"author":1,"featured_media":0,"parent":0,"menu_order":0,"comment_status":"closed","ping_status":"closed","template":"","meta":{"inline_featured_image":false},"acf":[],"_links":{"self":[{"href":"http:\/\/disseny-test.uoc.edu\/materials\/tipografia-avan\/es\/wp-json\/wp\/v2\/pages\/223"}],"collection":[{"href":"http:\/\/disseny-test.uoc.edu\/materials\/tipografia-avan\/es\/wp-json\/wp\/v2\/pages"}],"about":[{"href":"http:\/\/disseny-test.uoc.edu\/materials\/tipografia-avan\/es\/wp-json\/wp\/v2\/types\/page"}],"author":[{"embeddable":true,"href":"http:\/\/disseny-test.uoc.edu\/materials\/tipografia-avan\/es\/wp-json\/wp\/v2\/users\/1"}],"replies":[{"embeddable":true,"href":"http:\/\/disseny-test.uoc.edu\/materials\/tipografia-avan\/es\/wp-json\/wp\/v2\/comments?post=223"}],"version-history":[{"count":4,"href":"http:\/\/disseny-test.uoc.edu\/materials\/tipografia-avan\/es\/wp-json\/wp\/v2\/pages\/223\/revisions"}],"predecessor-version":[{"id":280,"href":"http:\/\/disseny-test.uoc.edu\/materials\/tipografia-avan\/es\/wp-json\/wp\/v2\/pages\/223\/revisions\/280"}],"wp:attachment":[{"href":"http:\/\/disseny-test.uoc.edu\/materials\/tipografia-avan\/es\/wp-json\/wp\/v2\/media?parent=223"}],"curies":[{"name":"wp","href":"https:\/\/api.w.org\/{rel}","templated":true}]}}