{"id":231,"date":"2019-01-03T12:48:29","date_gmt":"2019-01-03T10:48:29","guid":{"rendered":"http:\/\/disseny-test.uoc.edu\/materials\/tipografia-avan\/?page_id=231"},"modified":"2019-01-22T17:25:22","modified_gmt":"2019-01-22T15:25:22","slug":"3-3-longitud-de-lineas","status":"publish","type":"page","link":"http:\/\/disseny-test.uoc.edu\/materials\/tipografia-avan\/es\/3-3-longitud-de-lineas\/","title":{"rendered":"3.3. Longitud de l\u00edneas"},"content":{"rendered":"<p>Leer l\u00edneas de texto muy largas cansa a nuestros ojos, que necesitan las pausas que nos proporcionan los saltos de l\u00ednea. En el momento de cambiar de l\u00ednea, los ojos obtienen esa breve pausa, que es corta pero lo suficientemente larga para seguir leyendo m\u00e1s tiempo. Este proceso se asemeja al de un motor, que no va a m\u00e1xima potencia todo el rato para poder seguir funcionando sin sobrecalentarse.<\/p>\n<p>El ancho ideal de una l\u00ednea de texto se encuentra entre los 45 y los 75 caracteres, incluyendo espacios. Cualquier otra medida que supere por mucho ese rango se vuelve dif\u00edcil de leer: demasiados cambios de l\u00ednea en l\u00edneas cortas y demasiado pocos en l\u00edneas largas.<\/p>\n<p><img loading=\"lazy\" class=\"alignnone size-full wp-image-104\" src=\"http:\/\/disseny-test.uoc.edu\/materials\/tipografia-avan\/wp-content\/uploads\/sites\/13\/2018\/12\/20140_m1_035.jpg\" alt=\"\" width=\"800\" height=\"489\" srcset=\"http:\/\/disseny-test.uoc.edu\/materials\/tipografia-avan\/wp-content\/uploads\/sites\/13\/2018\/12\/20140_m1_035.jpg 800w, http:\/\/disseny-test.uoc.edu\/materials\/tipografia-avan\/wp-content\/uploads\/sites\/13\/2018\/12\/20140_m1_035-300x183.jpg 300w, http:\/\/disseny-test.uoc.edu\/materials\/tipografia-avan\/wp-content\/uploads\/sites\/13\/2018\/12\/20140_m1_035-768x469.jpg 768w\" sizes=\"(max-width: 800px) 100vw, 800px\" \/><\/p>\n<p>A veces olvidamos que no todo est\u00e1 escrito en castellano, catal\u00e1n o ingl\u00e9s. El idioma de un texto tambi\u00e9n determinar\u00e1 su aspecto, y especialmente el ancho de l\u00ednea. Por ejemplo, sabemos que el n\u00famero medio de caracteres de una palabra en alem\u00e1n es muy superior a la media en castellano. Esto es as\u00ed porque en alem\u00e1n es muy habitual combinar palabras para formar nuevas y, por lo general, resultan bastante largas. Eso da como resultado p\u00e1rrafos m\u00e1s irregulares por la derecha. Para contrarrestar el efecto, recomendamos tender hacia la cifra superior del rango orientativo. Es decir, en estos casos ser\u00eda m\u00e1s aconsejable decantarse hacia los 75 caracteres que hacia los 45.<\/p>\n<p><img loading=\"lazy\" class=\"alignnone size-full wp-image-105\" src=\"http:\/\/disseny-test.uoc.edu\/materials\/tipografia-avan\/wp-content\/uploads\/sites\/13\/2018\/12\/20140_m1_036.jpg\" alt=\"\" width=\"800\" height=\"484\" srcset=\"http:\/\/disseny-test.uoc.edu\/materials\/tipografia-avan\/wp-content\/uploads\/sites\/13\/2018\/12\/20140_m1_036.jpg 800w, http:\/\/disseny-test.uoc.edu\/materials\/tipografia-avan\/wp-content\/uploads\/sites\/13\/2018\/12\/20140_m1_036-300x182.jpg 300w, http:\/\/disseny-test.uoc.edu\/materials\/tipografia-avan\/wp-content\/uploads\/sites\/13\/2018\/12\/20140_m1_036-768x465.jpg 768w\" sizes=\"(max-width: 800px) 100vw, 800px\" \/><\/p>\n<div class=\"featured featured-blue\"><\/p>\n<p><strong>Conclusi\u00f3n<\/strong><\/p>\n<p>La longitud orientativa para las l\u00edneas de un texto de lectura est\u00e1 entre 45 y 75 caracteres, incluyendo espacios. Hay que tener en cuenta la longitud media de las palabras de cada idioma que se vaya a usar en la publicaci\u00f3n.<\/p>\n<p>\n<\/div>\n","protected":false},"excerpt":{"rendered":"<p>Leer l\u00edneas de texto muy largas cansa a nuestros ojos, que necesitan las pausas que nos proporcionan los saltos de l\u00ednea. En el momento de cambiar de l\u00ednea, los ojos obtienen esa breve pausa, que es corta pero lo suficientemente larga para seguir leyendo m\u00e1s tiempo. Este proceso se asemeja al de un motor, que [&hellip;]<\/p>\n","protected":false},"author":1,"featured_media":0,"parent":0,"menu_order":0,"comment_status":"closed","ping_status":"closed","template":"","meta":{"inline_featured_image":false},"acf":[],"_links":{"self":[{"href":"http:\/\/disseny-test.uoc.edu\/materials\/tipografia-avan\/es\/wp-json\/wp\/v2\/pages\/231"}],"collection":[{"href":"http:\/\/disseny-test.uoc.edu\/materials\/tipografia-avan\/es\/wp-json\/wp\/v2\/pages"}],"about":[{"href":"http:\/\/disseny-test.uoc.edu\/materials\/tipografia-avan\/es\/wp-json\/wp\/v2\/types\/page"}],"author":[{"embeddable":true,"href":"http:\/\/disseny-test.uoc.edu\/materials\/tipografia-avan\/es\/wp-json\/wp\/v2\/users\/1"}],"replies":[{"embeddable":true,"href":"http:\/\/disseny-test.uoc.edu\/materials\/tipografia-avan\/es\/wp-json\/wp\/v2\/comments?post=231"}],"version-history":[{"count":2,"href":"http:\/\/disseny-test.uoc.edu\/materials\/tipografia-avan\/es\/wp-json\/wp\/v2\/pages\/231\/revisions"}],"predecessor-version":[{"id":703,"href":"http:\/\/disseny-test.uoc.edu\/materials\/tipografia-avan\/es\/wp-json\/wp\/v2\/pages\/231\/revisions\/703"}],"wp:attachment":[{"href":"http:\/\/disseny-test.uoc.edu\/materials\/tipografia-avan\/es\/wp-json\/wp\/v2\/media?parent=231"}],"curies":[{"name":"wp","href":"https:\/\/api.w.org\/{rel}","templated":true}]}}