{"id":233,"date":"2019-01-03T12:48:29","date_gmt":"2019-01-03T10:48:29","guid":{"rendered":"http:\/\/disseny-test.uoc.edu\/materials\/tipografia-avan\/?page_id=233"},"modified":"2019-01-22T17:31:54","modified_gmt":"2019-01-22T15:31:54","slug":"3-4-espacio-entre-lineas","status":"publish","type":"page","link":"http:\/\/disseny-test.uoc.edu\/materials\/tipografia-avan\/es\/3-4-espacio-entre-lineas\/","title":{"rendered":"3.4. Espacio entre l\u00edneas"},"content":{"rendered":"<p>Muchos dise\u00f1adores piensan en el espacio entre l\u00edneas como una caracter\u00edstica aislada, as\u00ed que tienden a ajustarla bas\u00e1ndose en lo que les parece correcto. Esto provoca que, en muchas ocasiones, el espacio entre l\u00edneas (o interlineado) se acabe disponiendo de una forma poco meditada.<\/p>\n<p>Lo cierto es que la longitud de l\u00ednea afecta al espacio entre l\u00edneas y viceversa. Cuanto m\u00e1s largas sean las l\u00edneas, m\u00e1s interlineado se requiere. El tama\u00f1o del tipo tambi\u00e9n afecta al espacio entre l\u00edneas, as\u00ed como el color y el grosor de la fuente. De hecho, incluso el dise\u00f1o de la tipograf\u00eda es determinante a la hora de ajustar el espacio entre l\u00edneas.<\/p>\n<p>Casi todos los programas inform\u00e1ticos de dise\u00f1o gr\u00e1fico utilizan un interlineado predeterminado del 120 % de la tipograf\u00eda. Es decir, una tipograf\u00eda a 10 puntos se compone por <em>default<\/em> con una interl\u00ednea de 12 puntos, una letra de 12 puntos implica un espacio entre l\u00edneas de 14,4 puntos, etc. Pero no tenemos que conformarnos con estos valores ni darlos por buenos; de hecho, en la mayor\u00eda de casos, ese 120 % es insuficiente para texto corrido. Como normal general, se aplica entre un 130 y un 170 % de interlineado.<\/p>\n<p>De nuevo, como hemos visto en el apartado de la longitud de l\u00edneas, no conviene un espacio entre l\u00edneas muy ancho ni muy estrecho. Un texto compuesto con una interl\u00ednea escasa incomoda al ojo porque no deja respiro, de modo que nos puede hacer perder el hilo con facilidad. Por otra parte, un texto compuesto con una distancia entre l\u00edneas demasiado amplia crea una estructura de franjas que distraen al lector del contenido.<\/p>\n<figure id=\"attachment_106\" aria-describedby=\"caption-attachment-106\" style=\"width: 640px\" class=\"wp-caption alignnone\"><img loading=\"lazy\" class=\"wp-image-106\" src=\"http:\/\/disseny-test.uoc.edu\/materials\/tipografia-avan\/wp-content\/uploads\/sites\/13\/2018\/12\/20140_m1_037.jpg\" alt=\"\" width=\"640\" height=\"289\" srcset=\"http:\/\/disseny-test.uoc.edu\/materials\/tipografia-avan\/wp-content\/uploads\/sites\/13\/2018\/12\/20140_m1_037.jpg 800w, http:\/\/disseny-test.uoc.edu\/materials\/tipografia-avan\/wp-content\/uploads\/sites\/13\/2018\/12\/20140_m1_037-300x135.jpg 300w, http:\/\/disseny-test.uoc.edu\/materials\/tipografia-avan\/wp-content\/uploads\/sites\/13\/2018\/12\/20140_m1_037-768x347.jpg 768w\" sizes=\"(max-width: 640px) 100vw, 640px\" \/><figcaption id=\"caption-attachment-106\" class=\"wp-caption-text\">Misma tipograf\u00eda, mismo color y diferente tama\u00f1o de cuerpo. Cuanto mayor es el cuerpo, mayor debe ser el espacio entre l\u00edneas.<\/figcaption><\/figure>\n<figure id=\"attachment_107\" aria-describedby=\"caption-attachment-107\" style=\"width: 640px\" class=\"wp-caption alignnone\"><img loading=\"lazy\" class=\"wp-image-107\" src=\"http:\/\/disseny-test.uoc.edu\/materials\/tipografia-avan\/wp-content\/uploads\/sites\/13\/2018\/12\/20140_m1_038.jpg\" alt=\"\" width=\"640\" height=\"294\" srcset=\"http:\/\/disseny-test.uoc.edu\/materials\/tipografia-avan\/wp-content\/uploads\/sites\/13\/2018\/12\/20140_m1_038.jpg 800w, http:\/\/disseny-test.uoc.edu\/materials\/tipografia-avan\/wp-content\/uploads\/sites\/13\/2018\/12\/20140_m1_038-300x138.jpg 300w, http:\/\/disseny-test.uoc.edu\/materials\/tipografia-avan\/wp-content\/uploads\/sites\/13\/2018\/12\/20140_m1_038-768x352.jpg 768w\" sizes=\"(max-width: 640px) 100vw, 640px\" \/><figcaption id=\"caption-attachment-107\" class=\"wp-caption-text\">Misma tipograf\u00eda, mismo color, mismo tama\u00f1o de texto y diferente longitud de l\u00ednea. Cuanto mayor es la l\u00ednea, mayor debe ser el interlineado.<\/figcaption><\/figure>\n<figure id=\"attachment_108\" aria-describedby=\"caption-attachment-108\" style=\"width: 640px\" class=\"wp-caption alignnone\"><img loading=\"lazy\" class=\"wp-image-108\" src=\"http:\/\/disseny-test.uoc.edu\/materials\/tipografia-avan\/wp-content\/uploads\/sites\/13\/2018\/12\/20140_m1_039.jpg\" alt=\"\" width=\"640\" height=\"301\" srcset=\"http:\/\/disseny-test.uoc.edu\/materials\/tipografia-avan\/wp-content\/uploads\/sites\/13\/2018\/12\/20140_m1_039.jpg 800w, http:\/\/disseny-test.uoc.edu\/materials\/tipografia-avan\/wp-content\/uploads\/sites\/13\/2018\/12\/20140_m1_039-300x141.jpg 300w, http:\/\/disseny-test.uoc.edu\/materials\/tipografia-avan\/wp-content\/uploads\/sites\/13\/2018\/12\/20140_m1_039-768x361.jpg 768w\" sizes=\"(max-width: 640px) 100vw, 640px\" \/><figcaption id=\"caption-attachment-108\" class=\"wp-caption-text\">Misma tipograf\u00eda, mismo color y diferente tama\u00f1o de cuerpo. Cuanto menor es el cuerpo, menor debe ser el espacio entre l\u00edneas.<\/figcaption><\/figure>\n<p>El interlineado en titulares merece una atenci\u00f3n especial. Los t\u00edtulos suelen ser mucho m\u00e1s cortos, de modo que necesitan menos espacio entre l\u00edneas para que se perciban como un bloque y no como l\u00edneas independientes. Es muy habitual ver estos casos en todo tipo de publicaciones y es debido a que el tip\u00f3grafo no ha modificado los valores predeterminados de su programa.<\/p>\n<figure id=\"attachment_109\" aria-describedby=\"caption-attachment-109\" style=\"width: 640px\" class=\"wp-caption alignnone\"><img loading=\"lazy\" class=\"wp-image-109\" src=\"http:\/\/disseny-test.uoc.edu\/materials\/tipografia-avan\/wp-content\/uploads\/sites\/13\/2018\/12\/20140_m1_040.jpg\" alt=\"\" width=\"640\" height=\"314\" srcset=\"http:\/\/disseny-test.uoc.edu\/materials\/tipografia-avan\/wp-content\/uploads\/sites\/13\/2018\/12\/20140_m1_040.jpg 800w, http:\/\/disseny-test.uoc.edu\/materials\/tipografia-avan\/wp-content\/uploads\/sites\/13\/2018\/12\/20140_m1_040-300x147.jpg 300w, http:\/\/disseny-test.uoc.edu\/materials\/tipografia-avan\/wp-content\/uploads\/sites\/13\/2018\/12\/20140_m1_040-768x377.jpg 768w\" sizes=\"(max-width: 640px) 100vw, 640px\" \/><figcaption id=\"caption-attachment-109\" class=\"wp-caption-text\">Igual que hemos visto en el apartado de longitud de l\u00ednea, tambi\u00e9n ajustando el espacio entre l\u00edneas hemos de tener en cuenta las lenguas en las que vayamos a escribir el texto.<\/figcaption><\/figure>\n<div class=\"featured featured-grey\"><p>Por ejemplo, en comparaci\u00f3n con otras lenguas, en alem\u00e1n hay muchas m\u00e1s palabras que se escriben con la primera letra en may\u00fascula. As\u00ed que en este caso el espacio entre l\u00edneas deber\u00eda ser ligeramente superior a como lo configurar\u00edamos en ingl\u00e9s, por ejemplo. Lo mismo ocurre con lenguas con una alta frecuencia de caracteres con acentos diacr\u00edticos (\u00f6, \u00e2, \u017e, \u015b).<\/p>\n<\/div>\n<div class=\"featured featured-blue\"><\/p>\n<p><strong>Conclusi\u00f3n<\/strong><\/p>\n<p>El espacio entre l\u00edneas tiene una importancia capital a la hora de maquetar textos bien equilibrados. Los aspectos que se deben tener en cuenta al ajustar el interlineado son el dise\u00f1o de la tipograf\u00eda, la longitud de las l\u00edneas y tambi\u00e9n el idioma del texto.<\/p>\n<p>\n<\/div>\n","protected":false},"excerpt":{"rendered":"<p>Muchos dise\u00f1adores piensan en el espacio entre l\u00edneas como una caracter\u00edstica aislada, as\u00ed que tienden a ajustarla bas\u00e1ndose en lo que les parece correcto. Esto provoca que, en muchas ocasiones, el espacio entre l\u00edneas (o interlineado) se acabe disponiendo de una forma poco meditada. Lo cierto es que la longitud de l\u00ednea afecta al espacio [&hellip;]<\/p>\n","protected":false},"author":1,"featured_media":0,"parent":0,"menu_order":0,"comment_status":"closed","ping_status":"closed","template":"","meta":{"inline_featured_image":false},"acf":[],"_links":{"self":[{"href":"http:\/\/disseny-test.uoc.edu\/materials\/tipografia-avan\/es\/wp-json\/wp\/v2\/pages\/233"}],"collection":[{"href":"http:\/\/disseny-test.uoc.edu\/materials\/tipografia-avan\/es\/wp-json\/wp\/v2\/pages"}],"about":[{"href":"http:\/\/disseny-test.uoc.edu\/materials\/tipografia-avan\/es\/wp-json\/wp\/v2\/types\/page"}],"author":[{"embeddable":true,"href":"http:\/\/disseny-test.uoc.edu\/materials\/tipografia-avan\/es\/wp-json\/wp\/v2\/users\/1"}],"replies":[{"embeddable":true,"href":"http:\/\/disseny-test.uoc.edu\/materials\/tipografia-avan\/es\/wp-json\/wp\/v2\/comments?post=233"}],"version-history":[{"count":8,"href":"http:\/\/disseny-test.uoc.edu\/materials\/tipografia-avan\/es\/wp-json\/wp\/v2\/pages\/233\/revisions"}],"predecessor-version":[{"id":704,"href":"http:\/\/disseny-test.uoc.edu\/materials\/tipografia-avan\/es\/wp-json\/wp\/v2\/pages\/233\/revisions\/704"}],"wp:attachment":[{"href":"http:\/\/disseny-test.uoc.edu\/materials\/tipografia-avan\/es\/wp-json\/wp\/v2\/media?parent=233"}],"curies":[{"name":"wp","href":"https:\/\/api.w.org\/{rel}","templated":true}]}}