{"id":240,"date":"2019-01-03T12:48:31","date_gmt":"2019-01-03T10:48:31","guid":{"rendered":"http:\/\/disseny-test.uoc.edu\/materials\/tipografia-avan\/?page_id=240"},"modified":"2019-01-03T12:48:31","modified_gmt":"2019-01-03T10:48:31","slug":"4-2-1-introduccion","status":"publish","type":"page","link":"http:\/\/disseny-test.uoc.edu\/materials\/tipografia-avan\/es\/4-2-1-introduccion\/","title":{"rendered":"4.2.1. Introducci\u00f3n"},"content":{"rendered":"<p>Hubo un tiempo en que el aspecto de los tipos en la pantalla era una mera representaci\u00f3n y pod\u00edas estar seguro de que la versi\u00f3n impresa quedar\u00eda mucho mejor.<\/p>\n<p>Actualmente, la pantalla, en muchas ocasiones, resulta el soporte final en un proyecto de dise\u00f1o. Las tipograf\u00edas van a tener que funcionar en plataformas, navegadores y dispositivos diversos. El usuario puede tener un port\u00e1til de sobremesa, un monitor LCD, un iPad, un Kindle y en todos ellos las fuentes deber\u00edan poder verse correctamente.<\/p>\n<p>Los formatos tipogr\u00e1ficos son clave para esta finalidad. Existen diversos, como TrueType, el preferido por Windows, o el PostScript, creado en exclusiva para Mac. Con el tiempo han ido mejorando y evolucionando hasta el formato actual, el OpenType. Vamos a analizarlos con detalle:<\/p>\n","protected":false},"excerpt":{"rendered":"<p>Hubo un tiempo en que el aspecto de los tipos en la pantalla era una mera representaci\u00f3n y pod\u00edas estar seguro de que la versi\u00f3n impresa quedar\u00eda mucho mejor. Actualmente, la pantalla, en muchas ocasiones, resulta el soporte final en un proyecto de dise\u00f1o. Las tipograf\u00edas van a tener que funcionar en plataformas, navegadores y [&hellip;]<\/p>\n","protected":false},"author":1,"featured_media":0,"parent":0,"menu_order":0,"comment_status":"closed","ping_status":"closed","template":"","meta":{"inline_featured_image":false},"acf":[],"_links":{"self":[{"href":"http:\/\/disseny-test.uoc.edu\/materials\/tipografia-avan\/es\/wp-json\/wp\/v2\/pages\/240"}],"collection":[{"href":"http:\/\/disseny-test.uoc.edu\/materials\/tipografia-avan\/es\/wp-json\/wp\/v2\/pages"}],"about":[{"href":"http:\/\/disseny-test.uoc.edu\/materials\/tipografia-avan\/es\/wp-json\/wp\/v2\/types\/page"}],"author":[{"embeddable":true,"href":"http:\/\/disseny-test.uoc.edu\/materials\/tipografia-avan\/es\/wp-json\/wp\/v2\/users\/1"}],"replies":[{"embeddable":true,"href":"http:\/\/disseny-test.uoc.edu\/materials\/tipografia-avan\/es\/wp-json\/wp\/v2\/comments?post=240"}],"version-history":[{"count":1,"href":"http:\/\/disseny-test.uoc.edu\/materials\/tipografia-avan\/es\/wp-json\/wp\/v2\/pages\/240\/revisions"}],"predecessor-version":[{"id":241,"href":"http:\/\/disseny-test.uoc.edu\/materials\/tipografia-avan\/es\/wp-json\/wp\/v2\/pages\/240\/revisions\/241"}],"wp:attachment":[{"href":"http:\/\/disseny-test.uoc.edu\/materials\/tipografia-avan\/es\/wp-json\/wp\/v2\/media?parent=240"}],"curies":[{"name":"wp","href":"https:\/\/api.w.org\/{rel}","templated":true}]}}