{"id":242,"date":"2019-01-03T12:48:31","date_gmt":"2019-01-03T10:48:31","guid":{"rendered":"http:\/\/disseny-test.uoc.edu\/materials\/tipografia-avan\/?page_id=242"},"modified":"2019-01-03T12:48:31","modified_gmt":"2019-01-03T10:48:31","slug":"4-2-2-postscript","status":"publish","type":"page","link":"http:\/\/disseny-test.uoc.edu\/materials\/tipografia-avan\/es\/4-2-2-postscript\/","title":{"rendered":"4.2.2. PostScript"},"content":{"rendered":"<p>Adem\u00e1s de ser un lenguaje para descripci\u00f3n de p\u00e1ginas, tambi\u00e9n tiene su propia tecnolog\u00eda de fuentes para tipos occidentales.<\/p>\n<p>Es un sistema para codificar la informaci\u00f3n de la tipograf\u00eda vectorial y fue desarrollado por Adobe Systems a mediados de los a\u00f1os ochenta. Su objetivo fue poder encapsular en un solo documento toda la informaci\u00f3n de dise\u00f1o de la fuente, permitiendo una correcta visualizaci\u00f3n en pantalla y una impresi\u00f3n \u00f3ptima de las formas de las letras. Este formato era exclusivo para ordenadores Apple Macintosh.<\/p>\n<p>Algunos inconvenientes que presentaba este formato era que para cada estilo de la familia tipogr\u00e1fica se creaba un fichero, por lo que las carpetas resultantes pod\u00edan llegar a ocupar mucho espacio. Por otro lado, solo se pod\u00edan dise\u00f1ar 256 glifos (formas de letra) por estilo y eso limitaba mucho el hecho de trabajar en idiomas no occidentales. Por \u00faltimo, la tipograf\u00eda no era compatible entre PC y Mac.<\/p>\n<p><img loading=\"lazy\" class=\"alignnone size-full wp-image-116\" src=\"http:\/\/disseny-test.uoc.edu\/materials\/tipografia-avan\/wp-content\/uploads\/sites\/13\/2018\/12\/20140_m1_047.jpg\" alt=\"\" width=\"800\" height=\"455\" srcset=\"http:\/\/disseny-test.uoc.edu\/materials\/tipografia-avan\/wp-content\/uploads\/sites\/13\/2018\/12\/20140_m1_047.jpg 800w, http:\/\/disseny-test.uoc.edu\/materials\/tipografia-avan\/wp-content\/uploads\/sites\/13\/2018\/12\/20140_m1_047-300x171.jpg 300w, http:\/\/disseny-test.uoc.edu\/materials\/tipografia-avan\/wp-content\/uploads\/sites\/13\/2018\/12\/20140_m1_047-768x437.jpg 768w\" sizes=\"(max-width: 800px) 100vw, 800px\" \/><\/p>\n","protected":false},"excerpt":{"rendered":"<p>Adem\u00e1s de ser un lenguaje para descripci\u00f3n de p\u00e1ginas, tambi\u00e9n tiene su propia tecnolog\u00eda de fuentes para tipos occidentales. Es un sistema para codificar la informaci\u00f3n de la tipograf\u00eda vectorial y fue desarrollado por Adobe Systems a mediados de los a\u00f1os ochenta. Su objetivo fue poder encapsular en un solo documento toda la informaci\u00f3n de [&hellip;]<\/p>\n","protected":false},"author":1,"featured_media":0,"parent":0,"menu_order":0,"comment_status":"closed","ping_status":"closed","template":"","meta":{"inline_featured_image":false},"acf":[],"_links":{"self":[{"href":"http:\/\/disseny-test.uoc.edu\/materials\/tipografia-avan\/es\/wp-json\/wp\/v2\/pages\/242"}],"collection":[{"href":"http:\/\/disseny-test.uoc.edu\/materials\/tipografia-avan\/es\/wp-json\/wp\/v2\/pages"}],"about":[{"href":"http:\/\/disseny-test.uoc.edu\/materials\/tipografia-avan\/es\/wp-json\/wp\/v2\/types\/page"}],"author":[{"embeddable":true,"href":"http:\/\/disseny-test.uoc.edu\/materials\/tipografia-avan\/es\/wp-json\/wp\/v2\/users\/1"}],"replies":[{"embeddable":true,"href":"http:\/\/disseny-test.uoc.edu\/materials\/tipografia-avan\/es\/wp-json\/wp\/v2\/comments?post=242"}],"version-history":[{"count":1,"href":"http:\/\/disseny-test.uoc.edu\/materials\/tipografia-avan\/es\/wp-json\/wp\/v2\/pages\/242\/revisions"}],"predecessor-version":[{"id":243,"href":"http:\/\/disseny-test.uoc.edu\/materials\/tipografia-avan\/es\/wp-json\/wp\/v2\/pages\/242\/revisions\/243"}],"wp:attachment":[{"href":"http:\/\/disseny-test.uoc.edu\/materials\/tipografia-avan\/es\/wp-json\/wp\/v2\/media?parent=242"}],"curies":[{"name":"wp","href":"https:\/\/api.w.org\/{rel}","templated":true}]}}