{"id":244,"date":"2019-01-03T12:48:32","date_gmt":"2019-01-03T10:48:32","guid":{"rendered":"http:\/\/disseny-test.uoc.edu\/materials\/tipografia-avan\/?page_id=244"},"modified":"2019-01-03T12:48:32","modified_gmt":"2019-01-03T10:48:32","slug":"4-2-3-truetype","status":"publish","type":"page","link":"http:\/\/disseny-test.uoc.edu\/materials\/tipografia-avan\/es\/4-2-3-truetype\/","title":{"rendered":"4.2.3. TrueType"},"content":{"rendered":"<p>Formato de fuente creado por Apple juntamente con Microsoft como competencia al sistema PostScript, creado por Adobe.<\/p>\n<p>La diferencia m\u00e1s notable es que se trata de un archivo integrado para los sistemas de Windows y MacOs, es decir, que se puede usar en ambos sistemas operativos. Este formato se dibuja mediante curvas cuadr\u00e1ticas, lo que provoca m\u00e1s necesidad de puntos para crear las letras.<\/p>\n<p>Las fuentes TrueType incorporan una serie de instrucciones que permiten una mejor transformaci\u00f3n de los contornos de las formas a p\u00edxeles. Estas instrucciones tienen el nombre t\u00e9cnico de <em>hinting<\/em>.<\/p>\n<p>El objetivo principal del <em>hinting<\/em> es una mejor visualizaci\u00f3n de las tipograf\u00edas en las pantallas.<\/p>\n<p>Este formato presentaba la mejora de que todos los estilos de la familia pod\u00edan quedar encapsulados en un solo fichero, pero a\u00fan presentaba la problem\u00e1tica de la cantidad de glifos que se pod\u00edan dise\u00f1ar por estilo: 256, igual que el formato PostScript.<\/p>\n<p><img loading=\"lazy\" class=\"alignnone size-full wp-image-117\" src=\"http:\/\/disseny-test.uoc.edu\/materials\/tipografia-avan\/wp-content\/uploads\/sites\/13\/2018\/12\/20140_m1_048.jpg\" alt=\"\" width=\"800\" height=\"455\" srcset=\"http:\/\/disseny-test.uoc.edu\/materials\/tipografia-avan\/wp-content\/uploads\/sites\/13\/2018\/12\/20140_m1_048.jpg 800w, http:\/\/disseny-test.uoc.edu\/materials\/tipografia-avan\/wp-content\/uploads\/sites\/13\/2018\/12\/20140_m1_048-300x171.jpg 300w, http:\/\/disseny-test.uoc.edu\/materials\/tipografia-avan\/wp-content\/uploads\/sites\/13\/2018\/12\/20140_m1_048-768x437.jpg 768w\" sizes=\"(max-width: 800px) 100vw, 800px\" \/><\/p>\n","protected":false},"excerpt":{"rendered":"<p>Formato de fuente creado por Apple juntamente con Microsoft como competencia al sistema PostScript, creado por Adobe. La diferencia m\u00e1s notable es que se trata de un archivo integrado para los sistemas de Windows y MacOs, es decir, que se puede usar en ambos sistemas operativos. Este formato se dibuja mediante curvas cuadr\u00e1ticas, lo que [&hellip;]<\/p>\n","protected":false},"author":1,"featured_media":0,"parent":0,"menu_order":0,"comment_status":"closed","ping_status":"closed","template":"","meta":{"inline_featured_image":false},"acf":[],"_links":{"self":[{"href":"http:\/\/disseny-test.uoc.edu\/materials\/tipografia-avan\/es\/wp-json\/wp\/v2\/pages\/244"}],"collection":[{"href":"http:\/\/disseny-test.uoc.edu\/materials\/tipografia-avan\/es\/wp-json\/wp\/v2\/pages"}],"about":[{"href":"http:\/\/disseny-test.uoc.edu\/materials\/tipografia-avan\/es\/wp-json\/wp\/v2\/types\/page"}],"author":[{"embeddable":true,"href":"http:\/\/disseny-test.uoc.edu\/materials\/tipografia-avan\/es\/wp-json\/wp\/v2\/users\/1"}],"replies":[{"embeddable":true,"href":"http:\/\/disseny-test.uoc.edu\/materials\/tipografia-avan\/es\/wp-json\/wp\/v2\/comments?post=244"}],"version-history":[{"count":1,"href":"http:\/\/disseny-test.uoc.edu\/materials\/tipografia-avan\/es\/wp-json\/wp\/v2\/pages\/244\/revisions"}],"predecessor-version":[{"id":245,"href":"http:\/\/disseny-test.uoc.edu\/materials\/tipografia-avan\/es\/wp-json\/wp\/v2\/pages\/244\/revisions\/245"}],"wp:attachment":[{"href":"http:\/\/disseny-test.uoc.edu\/materials\/tipografia-avan\/es\/wp-json\/wp\/v2\/media?parent=244"}],"curies":[{"name":"wp","href":"https:\/\/api.w.org\/{rel}","templated":true}]}}