{"id":246,"date":"2019-01-03T12:48:33","date_gmt":"2019-01-03T10:48:33","guid":{"rendered":"http:\/\/disseny-test.uoc.edu\/materials\/tipografia-avan\/?page_id=246"},"modified":"2019-01-03T12:48:33","modified_gmt":"2019-01-03T10:48:33","slug":"4-2-4-multiple-master","status":"publish","type":"page","link":"http:\/\/disseny-test.uoc.edu\/materials\/tipografia-avan\/es\/4-2-4-multiple-master\/","title":{"rendered":"4.2.4. Multiple Master"},"content":{"rendered":"<p>Multiple Master fue una extensi\u00f3n del formato tipogr\u00e1fico PostScript desarrollado por Adobe a principios de los a\u00f1os noventa y consist\u00eda en un sistema de fuentes personalizadas en que sus caracter\u00edsticas se defin\u00edan en t\u00e9rminos de ejes de dise\u00f1o variable, como el ancho de letra, el estilo o su tama\u00f1o \u00f3ptico.<\/p>\n<p>Partiendo de todos estos ejes, tambi\u00e9n llamados <em>masters<\/em>, el usuario pod\u00eda crear estilos intermedios a medida de la fuente. A esta t\u00e9cnica se le llamaba <em>interpolaci\u00f3n<\/em>. Todo esto permit\u00eda crear una paleta personalizada de fuentes seg\u00fan las necesidades del dise\u00f1ador.<\/p>\n<p>Aunque inicialmente se presentaba como una propuesta innovadora, no acab\u00f3 funcionando, ya que uno de los principales obst\u00e1culos fue que pr\u00e1cticamente ning\u00fan programa (salvo Adobe Illustrator) permit\u00eda poder crear la paleta de fuentes dentro de la misma aplicaci\u00f3n. Para eso se deb\u00eda salir, acceder a un programa espec\u00edfico llamado Adobe Type Manager (ATM), generar la fuente, instalarla y volver a entrar a la aplicaci\u00f3n.<\/p>\n<figure id=\"attachment_118\" aria-describedby=\"caption-attachment-118\" style=\"width: 640px\" class=\"wp-caption alignnone\"><img loading=\"lazy\" class=\"wp-image-118\" src=\"http:\/\/disseny-test.uoc.edu\/materials\/tipografia-avan\/wp-content\/uploads\/sites\/13\/2018\/12\/20140_m1_049.jpg\" alt=\"\" width=\"640\" height=\"649\" srcset=\"http:\/\/disseny-test.uoc.edu\/materials\/tipografia-avan\/wp-content\/uploads\/sites\/13\/2018\/12\/20140_m1_049.jpg 800w, http:\/\/disseny-test.uoc.edu\/materials\/tipografia-avan\/wp-content\/uploads\/sites\/13\/2018\/12\/20140_m1_049-296x300.jpg 296w, http:\/\/disseny-test.uoc.edu\/materials\/tipografia-avan\/wp-content\/uploads\/sites\/13\/2018\/12\/20140_m1_049-768x779.jpg 768w\" sizes=\"(max-width: 640px) 100vw, 640px\" \/><figcaption id=\"caption-attachment-118\" class=\"wp-caption-text\">Muestra del sistema de ejes, o <em>masters<\/em>, del formato Multiple Master.<\/figcaption><\/figure>\n<figure id=\"attachment_119\" aria-describedby=\"caption-attachment-119\" style=\"width: 640px\" class=\"wp-caption alignnone\"><img loading=\"lazy\" class=\"wp-image-119\" src=\"http:\/\/disseny-test.uoc.edu\/materials\/tipografia-avan\/wp-content\/uploads\/sites\/13\/2018\/12\/20140_m1_050.jpg\" alt=\"\" width=\"640\" height=\"598\" srcset=\"http:\/\/disseny-test.uoc.edu\/materials\/tipografia-avan\/wp-content\/uploads\/sites\/13\/2018\/12\/20140_m1_050.jpg 800w, http:\/\/disseny-test.uoc.edu\/materials\/tipografia-avan\/wp-content\/uploads\/sites\/13\/2018\/12\/20140_m1_050-300x281.jpg 300w, http:\/\/disseny-test.uoc.edu\/materials\/tipografia-avan\/wp-content\/uploads\/sites\/13\/2018\/12\/20140_m1_050-768x718.jpg 768w\" sizes=\"(max-width: 640px) 100vw, 640px\" \/><figcaption id=\"caption-attachment-119\" class=\"wp-caption-text\">Ventana de la aplicaci\u00f3n Adobe Type Manager para crear los estilos personalizados partiendo de los tres ejes b\u00e1sicos: <em>weight<\/em> (\u2018peso\u2019), <em>width<\/em> (\u2018ancho\u2019) y <em>contrast<\/em> (\u2018tama\u00f1o \u00f3ptico\u2019).<\/figcaption><\/figure>\n","protected":false},"excerpt":{"rendered":"<p>Multiple Master fue una extensi\u00f3n del formato tipogr\u00e1fico PostScript desarrollado por Adobe a principios de los a\u00f1os noventa y consist\u00eda en un sistema de fuentes personalizadas en que sus caracter\u00edsticas se defin\u00edan en t\u00e9rminos de ejes de dise\u00f1o variable, como el ancho de letra, el estilo o su tama\u00f1o \u00f3ptico. Partiendo de todos estos ejes, [&hellip;]<\/p>\n","protected":false},"author":1,"featured_media":0,"parent":0,"menu_order":0,"comment_status":"closed","ping_status":"closed","template":"","meta":{"inline_featured_image":false},"acf":[],"_links":{"self":[{"href":"http:\/\/disseny-test.uoc.edu\/materials\/tipografia-avan\/es\/wp-json\/wp\/v2\/pages\/246"}],"collection":[{"href":"http:\/\/disseny-test.uoc.edu\/materials\/tipografia-avan\/es\/wp-json\/wp\/v2\/pages"}],"about":[{"href":"http:\/\/disseny-test.uoc.edu\/materials\/tipografia-avan\/es\/wp-json\/wp\/v2\/types\/page"}],"author":[{"embeddable":true,"href":"http:\/\/disseny-test.uoc.edu\/materials\/tipografia-avan\/es\/wp-json\/wp\/v2\/users\/1"}],"replies":[{"embeddable":true,"href":"http:\/\/disseny-test.uoc.edu\/materials\/tipografia-avan\/es\/wp-json\/wp\/v2\/comments?post=246"}],"version-history":[{"count":3,"href":"http:\/\/disseny-test.uoc.edu\/materials\/tipografia-avan\/es\/wp-json\/wp\/v2\/pages\/246\/revisions"}],"predecessor-version":[{"id":308,"href":"http:\/\/disseny-test.uoc.edu\/materials\/tipografia-avan\/es\/wp-json\/wp\/v2\/pages\/246\/revisions\/308"}],"wp:attachment":[{"href":"http:\/\/disseny-test.uoc.edu\/materials\/tipografia-avan\/es\/wp-json\/wp\/v2\/media?parent=246"}],"curies":[{"name":"wp","href":"https:\/\/api.w.org\/{rel}","templated":true}]}}