{"id":248,"date":"2019-01-03T12:48:33","date_gmt":"2019-01-03T10:48:33","guid":{"rendered":"http:\/\/disseny-test.uoc.edu\/materials\/tipografia-avan\/?page_id=248"},"modified":"2019-01-03T12:48:33","modified_gmt":"2019-01-03T10:48:33","slug":"4-2-5-opentype","status":"publish","type":"page","link":"http:\/\/disseny-test.uoc.edu\/materials\/tipografia-avan\/es\/4-2-5-opentype\/","title":{"rendered":"4.2.5. OpenType"},"content":{"rendered":"<p>Formato de fuente creado por Microsoft y Adobe en 1996 que supone una ampliaci\u00f3n de los formatos PostScript y TrueType.<\/p>\n<p>La gran ventaja o mejora que presenta OpenType es que se trata de un sistema multiplataforma que se puede usar tanto en Mac como en Windows y que, gracias a la inclusi\u00f3n del est\u00e1ndar de codificaci\u00f3n Unicode (sistema de codificaci\u00f3n de caracteres dise\u00f1ado para facilitar el tratamiento y visualizaci\u00f3n de textos en m\u00faltiples lenguajes), permite contener hasta 65.000 glifos (formas de letra). Esto permite la incorporaci\u00f3n en un mismo estilo de una fuente, de multitud de caracteres de idiomas extranjeros o no latinos, adem\u00e1s de una gran variedad de numerales, signos expertos o caracteres alternativos, y todo esto en un solo fichero.<\/p>\n<p><img loading=\"lazy\" class=\"alignnone size-full wp-image-120\" src=\"http:\/\/disseny-test.uoc.edu\/materials\/tipografia-avan\/wp-content\/uploads\/sites\/13\/2018\/12\/20140_m1_051.jpg\" alt=\"\" width=\"800\" height=\"573\" srcset=\"http:\/\/disseny-test.uoc.edu\/materials\/tipografia-avan\/wp-content\/uploads\/sites\/13\/2018\/12\/20140_m1_051.jpg 800w, http:\/\/disseny-test.uoc.edu\/materials\/tipografia-avan\/wp-content\/uploads\/sites\/13\/2018\/12\/20140_m1_051-300x215.jpg 300w, http:\/\/disseny-test.uoc.edu\/materials\/tipografia-avan\/wp-content\/uploads\/sites\/13\/2018\/12\/20140_m1_051-768x550.jpg 768w\" sizes=\"(max-width: 800px) 100vw, 800px\" \/><\/p>\n","protected":false},"excerpt":{"rendered":"<p>Formato de fuente creado por Microsoft y Adobe en 1996 que supone una ampliaci\u00f3n de los formatos PostScript y TrueType. La gran ventaja o mejora que presenta OpenType es que se trata de un sistema multiplataforma que se puede usar tanto en Mac como en Windows y que, gracias a la inclusi\u00f3n del est\u00e1ndar de [&hellip;]<\/p>\n","protected":false},"author":1,"featured_media":0,"parent":0,"menu_order":0,"comment_status":"closed","ping_status":"closed","template":"","meta":{"inline_featured_image":false},"acf":[],"_links":{"self":[{"href":"http:\/\/disseny-test.uoc.edu\/materials\/tipografia-avan\/es\/wp-json\/wp\/v2\/pages\/248"}],"collection":[{"href":"http:\/\/disseny-test.uoc.edu\/materials\/tipografia-avan\/es\/wp-json\/wp\/v2\/pages"}],"about":[{"href":"http:\/\/disseny-test.uoc.edu\/materials\/tipografia-avan\/es\/wp-json\/wp\/v2\/types\/page"}],"author":[{"embeddable":true,"href":"http:\/\/disseny-test.uoc.edu\/materials\/tipografia-avan\/es\/wp-json\/wp\/v2\/users\/1"}],"replies":[{"embeddable":true,"href":"http:\/\/disseny-test.uoc.edu\/materials\/tipografia-avan\/es\/wp-json\/wp\/v2\/comments?post=248"}],"version-history":[{"count":1,"href":"http:\/\/disseny-test.uoc.edu\/materials\/tipografia-avan\/es\/wp-json\/wp\/v2\/pages\/248\/revisions"}],"predecessor-version":[{"id":249,"href":"http:\/\/disseny-test.uoc.edu\/materials\/tipografia-avan\/es\/wp-json\/wp\/v2\/pages\/248\/revisions\/249"}],"wp:attachment":[{"href":"http:\/\/disseny-test.uoc.edu\/materials\/tipografia-avan\/es\/wp-json\/wp\/v2\/media?parent=248"}],"curies":[{"name":"wp","href":"https:\/\/api.w.org\/{rel}","templated":true}]}}