{"id":255,"date":"2019-01-03T12:48:59","date_gmt":"2019-01-03T10:48:59","guid":{"rendered":"http:\/\/disseny-test.uoc.edu\/materials\/tipografia-avan\/?page_id=255"},"modified":"2019-01-03T12:48:59","modified_gmt":"2019-01-03T10:48:59","slug":"4-5-algunas-fuentes-recomendadas","status":"publish","type":"page","link":"http:\/\/disseny-test.uoc.edu\/materials\/tipografia-avan\/es\/4-5-algunas-fuentes-recomendadas\/","title":{"rendered":"4.5. Algunas fuentes recomendadas"},"content":{"rendered":"<p>Cuando un dise\u00f1ador busca una tipograf\u00eda para un proyecto, no es f\u00e1cil encontrar fuentes que cumplan todos los requisitos: legibilidad, facilidad de lectura, versatilidad, expresividad, elegancia, optimizaci\u00f3n para pantalla, etc.<\/p>\n<p>Afortunadamente, la calidad de las fuentes que se dise\u00f1an hoy en d\u00eda es suficiente como para poder abarcar muchos de los aspectos citados y en muchos casos no hace falta desembolsar una gran cantidad de dinero. Google, por ejemplo, ha recopilado una biblioteca de tipos gratuitas, algunas de ellas de gran calidad. La empresa encarga regularmente nuevos dise\u00f1os confiando en que el libre acceso a las fuentes animar\u00e1 a los dise\u00f1adores a usar tipos de verdad en lugar de recurrir a im\u00e1genes GIF. Son tipograf\u00edas que se reproducen bien en diversas plataformas y navegadores y que funcionan para componer tanto textos de lectura como titulares y subtitulares. A continuaci\u00f3n, mostramos algunos ejemplos:<\/p>\n<p><strong>1) PT Sans + Serif<\/strong>. Desarrolladas por ParaType, la fundici\u00f3n tipogr\u00e1fica m\u00e1s prestigiosa de Rusia. Comprenden una extensa superfamilia de fuentes con un <em>hinting<\/em> de primera calidad. Su dise\u00f1o, financiado por el Gobierno federal ruso, incluye un juego de caracteres sin precedentes que permite escribir en todos los idiomas del Sistema Central Europeo, incluido el alfabeto cir\u00edlico. Se pueden descargar desde los siguientes enlaces:<\/p>\n<p><u><a href=\"https:\/\/fonts.google.com\/?query=pt+sans\" target=\"_blank\" rel=\"noopener\">https:\/\/fonts.google.com\/?query=pt+sans<\/a><\/u><\/p>\n<p><u><a href=\"https:\/\/fonts.google.com\/?query=pt+serif\" target=\"_blank\" rel=\"noopener\">https:\/\/fonts.google.com\/?query=pt+serif<\/a><\/u><\/p>\n<p><img loading=\"lazy\" class=\"alignnone size-full wp-image-127\" src=\"http:\/\/disseny-test.uoc.edu\/materials\/tipografia-avan\/wp-content\/uploads\/sites\/13\/2018\/12\/20140_m1_058.jpg\" alt=\"\" width=\"800\" height=\"168\" srcset=\"http:\/\/disseny-test.uoc.edu\/materials\/tipografia-avan\/wp-content\/uploads\/sites\/13\/2018\/12\/20140_m1_058.jpg 800w, http:\/\/disseny-test.uoc.edu\/materials\/tipografia-avan\/wp-content\/uploads\/sites\/13\/2018\/12\/20140_m1_058-300x63.jpg 300w, http:\/\/disseny-test.uoc.edu\/materials\/tipografia-avan\/wp-content\/uploads\/sites\/13\/2018\/12\/20140_m1_058-768x161.jpg 768w\" sizes=\"(max-width: 800px) 100vw, 800px\" \/><\/p>\n<p><strong>2) Alegreya Sans + Serif<\/strong>. La escena latinoamericana se cuenta entre las m\u00e1s activas del mundo. Huerta Tipogr\u00e1fica es una fundici\u00f3n creada por varios estudiantes del programa de posgrado de Dise\u00f1o de Tipos de la Universidad de Buenos Aires. Escogida como una de las 53 fuentes de la d\u00e9cada por ATypI. La familia sigue las proporciones y principios humanistas y logra un p\u00e1rrafo armonioso mediante elementos cuidadosamente dise\u00f1ados en una atm\u00f3sfera de diversidad. Se pueden descargar desde los siguientes enlaces:<\/p>\n<p><u><a href=\"https:\/\/fonts.google.com\/specimen\/Alegreya\" target=\"_blank\" rel=\"noopener\">https:\/\/fonts.google.com\/specimen\/Alegreya<\/a><\/u><\/p>\n<p><u><a href=\"https:\/\/fonts.google.com\/specimen\/Alegreya+Sans\" target=\"_blank\" rel=\"noopener\">https:\/\/fonts.google.com\/specimen\/Alegreya+Sans<\/a><\/u><\/p>\n<p><img loading=\"lazy\" class=\"alignnone size-full wp-image-128\" src=\"http:\/\/disseny-test.uoc.edu\/materials\/tipografia-avan\/wp-content\/uploads\/sites\/13\/2018\/12\/20140_m1_059.jpg\" alt=\"\" width=\"800\" height=\"157\" srcset=\"http:\/\/disseny-test.uoc.edu\/materials\/tipografia-avan\/wp-content\/uploads\/sites\/13\/2018\/12\/20140_m1_059.jpg 800w, http:\/\/disseny-test.uoc.edu\/materials\/tipografia-avan\/wp-content\/uploads\/sites\/13\/2018\/12\/20140_m1_059-300x59.jpg 300w, http:\/\/disseny-test.uoc.edu\/materials\/tipografia-avan\/wp-content\/uploads\/sites\/13\/2018\/12\/20140_m1_059-768x151.jpg 768w\" sizes=\"(max-width: 800px) 100vw, 800px\" \/><\/p>\n<p><strong>3) Montserrat<\/strong>. Los antiguos carteles y se\u00f1alizaci\u00f3n en el barrio de Montserrat de Buenos Aires inspiraron a Julieta Ulanovsky a dise\u00f1ar esta tipograf\u00eda y rescatar la belleza de las fuentes urbanas que surgieron a mitad del siglo <span class=\"roman\">xx<\/span>. La familia dispone de una versi\u00f3n con caracteres alternativos y otra con caracteres subrayados. En noviembre de 2017 se realiz\u00f3 una actualizaci\u00f3n ampliando los pesos, versiones oblicuas e incluyendo el idioma cir\u00edlico. Descargable desde:<\/p>\n<p><u><a href=\"https:\/\/fonts.google.com\/?query=montserrat\" target=\"_blank\" rel=\"noopener\">https:\/\/fonts.google.com\/?query=montserrat<\/a><\/u><\/p>\n<p><img loading=\"lazy\" class=\"alignnone size-full wp-image-129\" src=\"http:\/\/disseny-test.uoc.edu\/materials\/tipografia-avan\/wp-content\/uploads\/sites\/13\/2018\/12\/20140_m1_060.jpg\" alt=\"\" width=\"800\" height=\"165\" srcset=\"http:\/\/disseny-test.uoc.edu\/materials\/tipografia-avan\/wp-content\/uploads\/sites\/13\/2018\/12\/20140_m1_060.jpg 800w, http:\/\/disseny-test.uoc.edu\/materials\/tipografia-avan\/wp-content\/uploads\/sites\/13\/2018\/12\/20140_m1_060-300x62.jpg 300w, http:\/\/disseny-test.uoc.edu\/materials\/tipografia-avan\/wp-content\/uploads\/sites\/13\/2018\/12\/20140_m1_060-768x158.jpg 768w\" sizes=\"(max-width: 800px) 100vw, 800px\" \/><\/p>\n<p><strong>4) Roboto + Roboto Slab<\/strong>. Roboto tiene una doble naturaleza. Tiene un esqueleto mec\u00e1nico y las formas son en gran parte geom\u00e9tricas. Al mismo tiempo la fuente presenta curvas suaves y abiertas. Mientras algunas fuentes Grotesk distorsionan sus formas de letras para forzar un ritmo r\u00edgido, Roboto permite que las letras se asienten en su ancho natural. Esto hace que el ritmo de lectura sea m\u00e1s fluida, muy com\u00fan en los tipos humanista y <em>serif<\/em>. Se pueden descargar desde los siguientes enlaces:<\/p>\n<p><u><a href=\"https:\/\/fonts.google.com\/specimen\/Roboto\" target=\"_blank\" rel=\"noopener\">https:\/\/fonts.google.com\/specimen\/Roboto<\/a><\/u><\/p>\n<p><u><a href=\"https:\/\/fonts.google.com\/specimen\/Roboto+Slab\" target=\"_blank\" rel=\"noopener\">https:\/\/fonts.google.com\/specimen\/Roboto+Slab<\/a><\/u><\/p>\n<p><img loading=\"lazy\" class=\"alignnone size-full wp-image-130\" src=\"http:\/\/disseny-test.uoc.edu\/materials\/tipografia-avan\/wp-content\/uploads\/sites\/13\/2018\/12\/20140_m1_061.jpg\" alt=\"\" width=\"800\" height=\"168\" srcset=\"http:\/\/disseny-test.uoc.edu\/materials\/tipografia-avan\/wp-content\/uploads\/sites\/13\/2018\/12\/20140_m1_061.jpg 800w, http:\/\/disseny-test.uoc.edu\/materials\/tipografia-avan\/wp-content\/uploads\/sites\/13\/2018\/12\/20140_m1_061-300x63.jpg 300w, http:\/\/disseny-test.uoc.edu\/materials\/tipografia-avan\/wp-content\/uploads\/sites\/13\/2018\/12\/20140_m1_061-768x161.jpg 768w\" sizes=\"(max-width: 800px) 100vw, 800px\" \/><\/p>\n<p><strong>5) Noto Sans + Serif<\/strong>. Noto es una tipograf\u00eda digital de c\u00f3digo abierto y universal. Incluye cada uno de los glifos del est\u00e1ndar Unicode (que incluye 800 idiomas y 110.000 caracteres). Adem\u00e1s, esta nueva fuente cubre lagunas que se han encontrado en el est\u00e1ndar de codificaci\u00f3n, digitalizando los caracteres de algunos idiomas como la escritura tibetana. Se pueden descargar desde los siguientes enlaces:<\/p>\n<p><u><a href=\"https:\/\/fonts.google.com\/specimen\/Noto+Sans\" target=\"_blank\" rel=\"noopener\">https:\/\/fonts.google.com\/specimen\/Noto+Sans<\/a><\/u><\/p>\n<p><u><a href=\"https:\/\/fonts.google.com\/specimen\/Noto+Serif\" target=\"_blank\" rel=\"noopener\">https:\/\/fonts.google.com\/specimen\/Noto+Serif<\/a><\/u><\/p>\n<p><img loading=\"lazy\" class=\"alignnone size-full wp-image-131\" src=\"http:\/\/disseny-test.uoc.edu\/materials\/tipografia-avan\/wp-content\/uploads\/sites\/13\/2018\/12\/20140_m1_062.jpg\" alt=\"\" width=\"800\" height=\"168\" srcset=\"http:\/\/disseny-test.uoc.edu\/materials\/tipografia-avan\/wp-content\/uploads\/sites\/13\/2018\/12\/20140_m1_062.jpg 800w, http:\/\/disseny-test.uoc.edu\/materials\/tipografia-avan\/wp-content\/uploads\/sites\/13\/2018\/12\/20140_m1_062-300x63.jpg 300w, http:\/\/disseny-test.uoc.edu\/materials\/tipografia-avan\/wp-content\/uploads\/sites\/13\/2018\/12\/20140_m1_062-768x161.jpg 768w\" sizes=\"(max-width: 800px) 100vw, 800px\" \/><\/p>\n","protected":false},"excerpt":{"rendered":"<p>Cuando un dise\u00f1ador busca una tipograf\u00eda para un proyecto, no es f\u00e1cil encontrar fuentes que cumplan todos los requisitos: legibilidad, facilidad de lectura, versatilidad, expresividad, elegancia, optimizaci\u00f3n para pantalla, etc. Afortunadamente, la calidad de las fuentes que se dise\u00f1an hoy en d\u00eda es suficiente como para poder abarcar muchos de los aspectos citados y en [&hellip;]<\/p>\n","protected":false},"author":1,"featured_media":0,"parent":0,"menu_order":0,"comment_status":"closed","ping_status":"closed","template":"","meta":{"inline_featured_image":false},"acf":[],"_links":{"self":[{"href":"http:\/\/disseny-test.uoc.edu\/materials\/tipografia-avan\/es\/wp-json\/wp\/v2\/pages\/255"}],"collection":[{"href":"http:\/\/disseny-test.uoc.edu\/materials\/tipografia-avan\/es\/wp-json\/wp\/v2\/pages"}],"about":[{"href":"http:\/\/disseny-test.uoc.edu\/materials\/tipografia-avan\/es\/wp-json\/wp\/v2\/types\/page"}],"author":[{"embeddable":true,"href":"http:\/\/disseny-test.uoc.edu\/materials\/tipografia-avan\/es\/wp-json\/wp\/v2\/users\/1"}],"replies":[{"embeddable":true,"href":"http:\/\/disseny-test.uoc.edu\/materials\/tipografia-avan\/es\/wp-json\/wp\/v2\/comments?post=255"}],"version-history":[{"count":2,"href":"http:\/\/disseny-test.uoc.edu\/materials\/tipografia-avan\/es\/wp-json\/wp\/v2\/pages\/255\/revisions"}],"predecessor-version":[{"id":291,"href":"http:\/\/disseny-test.uoc.edu\/materials\/tipografia-avan\/es\/wp-json\/wp\/v2\/pages\/255\/revisions\/291"}],"wp:attachment":[{"href":"http:\/\/disseny-test.uoc.edu\/materials\/tipografia-avan\/es\/wp-json\/wp\/v2\/media?parent=255"}],"curies":[{"name":"wp","href":"https:\/\/api.w.org\/{rel}","templated":true}]}}