{"id":257,"date":"2019-01-03T12:49:00","date_gmt":"2019-01-03T10:49:00","guid":{"rendered":"http:\/\/disseny-test.uoc.edu\/materials\/tipografia-avan\/?page_id=257"},"modified":"2019-01-03T12:49:00","modified_gmt":"2019-01-03T10:49:00","slug":"4-6-1-introduccion","status":"publish","type":"page","link":"http:\/\/disseny-test.uoc.edu\/materials\/tipografia-avan\/es\/4-6-1-introduccion\/","title":{"rendered":"4.6.1. Introducci\u00f3n"},"content":{"rendered":"<p>Sin ninguna duda la parte m\u00e1s compleja de la tipograf\u00eda es la que tiene que ver con su dise\u00f1o. Todo el proceso de trabajo, empezando por el bocetaje de las formas de los caracteres y terminando por la producci\u00f3n y distribuci\u00f3n de la misma, es un obra tit\u00e1nica que requiere altas dosis de esfuerzo, constancia y paciencia.<\/p>\n<p>Para que nos podamos hacer una idea del trabajo que requiere el dise\u00f1o de una fuente digital podemos poner el ejemplo de una familia, como la famosa Helvetica, cuyo proceso tard\u00f3 m\u00e1s de cinco a\u00f1os en completarse, y en esa \u00e9poca a\u00fan no exist\u00edan los ordenadores.<\/p>\n<p>En la actualidad un proceso similar se puede acortar mucho gracias a la tecnolog\u00eda digital, pero si hacemos un listado de todo el trabajo (bocetos, construcci\u00f3n de caracteres, digitalizaci\u00f3n, espaciado, <em>kerning<\/em> y producci\u00f3n), una familia de unos diez estilos aproximadamente puede llevar unos dos a\u00f1os en total.<\/p>\n<p>Explicar todo el proceso en detalle de c\u00f3mo se dise\u00f1a una tipograf\u00eda es extenso y complejo. Aqu\u00ed vamos a mostrar un resumen del paso a paso y explicaremos brevemente cada uno de ellos.<\/p>\n","protected":false},"excerpt":{"rendered":"<p>Sin ninguna duda la parte m\u00e1s compleja de la tipograf\u00eda es la que tiene que ver con su dise\u00f1o. Todo el proceso de trabajo, empezando por el bocetaje de las formas de los caracteres y terminando por la producci\u00f3n y distribuci\u00f3n de la misma, es un obra tit\u00e1nica que requiere altas dosis de esfuerzo, constancia [&hellip;]<\/p>\n","protected":false},"author":1,"featured_media":0,"parent":0,"menu_order":0,"comment_status":"closed","ping_status":"closed","template":"","meta":{"inline_featured_image":false},"acf":[],"_links":{"self":[{"href":"http:\/\/disseny-test.uoc.edu\/materials\/tipografia-avan\/es\/wp-json\/wp\/v2\/pages\/257"}],"collection":[{"href":"http:\/\/disseny-test.uoc.edu\/materials\/tipografia-avan\/es\/wp-json\/wp\/v2\/pages"}],"about":[{"href":"http:\/\/disseny-test.uoc.edu\/materials\/tipografia-avan\/es\/wp-json\/wp\/v2\/types\/page"}],"author":[{"embeddable":true,"href":"http:\/\/disseny-test.uoc.edu\/materials\/tipografia-avan\/es\/wp-json\/wp\/v2\/users\/1"}],"replies":[{"embeddable":true,"href":"http:\/\/disseny-test.uoc.edu\/materials\/tipografia-avan\/es\/wp-json\/wp\/v2\/comments?post=257"}],"version-history":[{"count":1,"href":"http:\/\/disseny-test.uoc.edu\/materials\/tipografia-avan\/es\/wp-json\/wp\/v2\/pages\/257\/revisions"}],"predecessor-version":[{"id":258,"href":"http:\/\/disseny-test.uoc.edu\/materials\/tipografia-avan\/es\/wp-json\/wp\/v2\/pages\/257\/revisions\/258"}],"wp:attachment":[{"href":"http:\/\/disseny-test.uoc.edu\/materials\/tipografia-avan\/es\/wp-json\/wp\/v2\/media?parent=257"}],"curies":[{"name":"wp","href":"https:\/\/api.w.org\/{rel}","templated":true}]}}