{"id":259,"date":"2019-01-03T12:49:00","date_gmt":"2019-01-03T10:49:00","guid":{"rendered":"http:\/\/disseny-test.uoc.edu\/materials\/tipografia-avan\/?page_id=259"},"modified":"2019-01-03T12:49:00","modified_gmt":"2019-01-03T10:49:00","slug":"4-6-2-analisis-y-estrategia","status":"publish","type":"page","link":"http:\/\/disseny-test.uoc.edu\/materials\/tipografia-avan\/es\/4-6-2-analisis-y-estrategia\/","title":{"rendered":"4.6.2. An\u00e1lisis y estrategia"},"content":{"rendered":"<div class=\"featured featured-blue\"><p>Antes de dibujar se debe pensar. Hay que empezar con un an\u00e1lisis sencillo y hacerse algunas preguntas para saber qu\u00e9 direcci\u00f3n vamos a tomar antes de ponernos a dise\u00f1ar nuestra fuente. B\u00e1sicamente es crear una propuesta.<\/p>\n<\/div>\n<p>Las preguntas deben ser sencillas, directas y, lo m\u00e1s importante, deben obtener una respuesta. Algunas de ellas podr\u00edan ser:<\/p>\n<ul>\n<li>\u00bfQu\u00e9 eres capaz de hacer?<\/li>\n<li>\u00bfCu\u00e1l es el objetivo de tu dise\u00f1o?<\/li>\n<li>\u00bfA qui\u00e9n va a ir dirigida la fuente?<\/li>\n<li>\u00bfC\u00f3mo la voy a promocionar o vender?<\/li>\n<li>\u00bfQui\u00e9n te va a ayudar?<\/li>\n<li>\u00bfQu\u00e9 vas a obtener?<\/li>\n<\/ul>\n<p>Otro elemento importante es intentar conocer mejor el territorio para poder hacerte una idea de c\u00f3mo ser\u00e1 tu tipograf\u00eda. Para ello, puedes seguir estos sencillos pasos:<\/p>\n<ul>\n<li>Haz una lista de las tipograf\u00edas con mayor \u00e9xito. Pueden ser por pa\u00eds, por estilo, etc.<\/li>\n<li>Analiza qu\u00e9 problemas resuelven.<\/li>\n<li>Haz una lista de todas las categor\u00edas seg\u00fan la clasificaci\u00f3n tipogr\u00e1fica y coloca tus fuentes seleccionadas en esa lista. Averigua d\u00f3nde hay huecos y posibles oportunidades.<\/li>\n<li>Analiza los precios y as\u00ed sabr\u00e1s el comportamiento de los clientes.<\/li>\n<li>Intenta escoger categor\u00edas de fuentes donde puedas competir u ofrecer algo nuevo. Eso te ahorrar\u00e1 la competencia.<\/li>\n<\/ul>\n","protected":false},"excerpt":{"rendered":"<p>Las preguntas deben ser sencillas, directas y, lo m\u00e1s importante, deben obtener una respuesta. Algunas de ellas podr\u00edan ser: \u00bfQu\u00e9 eres capaz de hacer? \u00bfCu\u00e1l es el objetivo de tu dise\u00f1o? \u00bfA qui\u00e9n va a ir dirigida la fuente? \u00bfC\u00f3mo la voy a promocionar o vender? \u00bfQui\u00e9n te va a ayudar? \u00bfQu\u00e9 vas a obtener? [&hellip;]<\/p>\n","protected":false},"author":1,"featured_media":0,"parent":0,"menu_order":0,"comment_status":"closed","ping_status":"closed","template":"","meta":{"inline_featured_image":false},"acf":[],"_links":{"self":[{"href":"http:\/\/disseny-test.uoc.edu\/materials\/tipografia-avan\/es\/wp-json\/wp\/v2\/pages\/259"}],"collection":[{"href":"http:\/\/disseny-test.uoc.edu\/materials\/tipografia-avan\/es\/wp-json\/wp\/v2\/pages"}],"about":[{"href":"http:\/\/disseny-test.uoc.edu\/materials\/tipografia-avan\/es\/wp-json\/wp\/v2\/types\/page"}],"author":[{"embeddable":true,"href":"http:\/\/disseny-test.uoc.edu\/materials\/tipografia-avan\/es\/wp-json\/wp\/v2\/users\/1"}],"replies":[{"embeddable":true,"href":"http:\/\/disseny-test.uoc.edu\/materials\/tipografia-avan\/es\/wp-json\/wp\/v2\/comments?post=259"}],"version-history":[{"count":1,"href":"http:\/\/disseny-test.uoc.edu\/materials\/tipografia-avan\/es\/wp-json\/wp\/v2\/pages\/259\/revisions"}],"predecessor-version":[{"id":260,"href":"http:\/\/disseny-test.uoc.edu\/materials\/tipografia-avan\/es\/wp-json\/wp\/v2\/pages\/259\/revisions\/260"}],"wp:attachment":[{"href":"http:\/\/disseny-test.uoc.edu\/materials\/tipografia-avan\/es\/wp-json\/wp\/v2\/media?parent=259"}],"curies":[{"name":"wp","href":"https:\/\/api.w.org\/{rel}","templated":true}]}}