{"id":267,"date":"2019-01-03T12:49:03","date_gmt":"2019-01-03T10:49:03","guid":{"rendered":"http:\/\/disseny-test.uoc.edu\/materials\/tipografia-avan\/?page_id=267"},"modified":"2019-01-22T18:25:57","modified_gmt":"2019-01-22T16:25:57","slug":"bibliografia","status":"publish","type":"page","link":"http:\/\/disseny-test.uoc.edu\/materials\/tipografia-avan\/es\/bibliografia\/","title":{"rendered":"Bibliograf\u00eda"},"content":{"rendered":"<h4><em><strong>Libros<\/strong><\/em><\/h4>\n<p><strong>Castro, Iv\u00e1n<\/strong>.<em> El ABC del Lettering<\/em>. Editorial Campgr\u00e0fic.<br \/>\nLibro pr\u00e1ctico que proporciona los pasos para dibujar a mano una amplia variedad de estilos de letra: desde romanas modernas y letras sin remates hasta latinas, <em>script<\/em> o <em>interlock<\/em>. Se trata de un m\u00e9todo de ense\u00f1anza tradicional con un enfoque contempor\u00e1neo.<\/p>\n<p><strong>Cerezo, Jos\u00e9 Mar\u00eda<\/strong>.<em> Dise\u00f1adores en la nebulosa<\/em>. Editorial Campgr\u00e0fic.<br \/>\nGu\u00eda hist\u00f3rica en la que el autor reflexiona sobre la posici\u00f3n del dise\u00f1ador en un entorno de cambio continuo. Ante lo digital, el dise\u00f1ador est\u00e1 obligado a realizar un replanteamiento en el proceso de repensar el dise\u00f1o. Su vigencia es absoluta, ya que su reflexi\u00f3n es sobre el cambio.<\/p>\n<p><strong>Henestrosa, Crist\u00f3bal; Meseguer, Laura; Scaglione, Jos\u00e9<\/strong><em>. C\u00f3mo crear tipograf\u00edas. Del boceto a la pantalla<\/em>. Editorial tipo-e.<br \/>\n\u00bfC\u00f3mo se dise\u00f1a un tipo?, \u00bfqu\u00e9 caracteres son imprescindibles en una fuente?, \u00bfqu\u00e9 diferencia hay entre una redonda, una inclinada y una cursiva? Este libro es una gu\u00eda que responde a estas y a otras preguntas de una manera clara y directa, enfocada tanto a ne\u00f3fitos como a iniciados en el dise\u00f1o tipogr\u00e1fico y en la tarea de dibujar una fuente, desde el boceto a la pantalla.<\/p>\n<p><strong>Kane, John<\/strong><em>. Manual de tipograf\u00eda <\/em>(2.\u00aa ed.). Editorial Gustavo Gili.<br \/>\nSe trata de una introducci\u00f3n a todo lo que cualquier estudiante o profesional del dise\u00f1o gr\u00e1fico debe saber sobre tipograf\u00eda para desarrollar una sensibilidad y unos conocimientos tipogr\u00e1ficos bien fundamentados.<\/p>\n<p><strong>Lupton, Ellen.<\/strong><em> Tipograf\u00eda en pantalla<\/em>. Editorial Gustavo Gili.<br \/>\nAborda los nuevos fundamentos de la tipograf\u00eda cuando se usa en pantalla y explora en profundidad los entresijos del dise\u00f1o destinado a este soporte, sin ignorar el saber acumulado por a\u00f1os de desarrollo y evoluci\u00f3n de la tradici\u00f3n tipogr\u00e1fica.<\/p>\n<p><strong>Mart\u00edn \u00c1lvarez, Raquel.<\/strong><em> Ortotipograf\u00eda para dise\u00f1adores<\/em>. Editorial Gustavo Gili.<br \/>\nEste libro aborda los problemas y las dudas ortotipogr\u00e1ficos que suelen asaltar con m\u00e1s frecuencia al dise\u00f1ador; adem\u00e1s, incide en las cuestiones de dise\u00f1o que se solapan con la correcci\u00f3n ortotipogr\u00e1fica. Constituye un manual de cabecera imprescindible para el profesional de la comunicaci\u00f3n gr\u00e1fica.<\/p>\n<p><strong>Rodr\u00edguez-Valero, Daniel<\/strong><em>. Manual de tipograf\u00eda digital<\/em><strong>. <\/strong>Editorial Campgr\u00e0fic.<br \/>\nGu\u00eda sencilla y completa para aprender c\u00f3mo funcionan y se dise\u00f1an las fuentes (del autor del blog especializado en contenido sobre tipograf\u00eda digital <em>tipografiadigital.net<\/em>).<\/p>\n<p><strong>White, Jan V.<\/strong><em> Dise\u00f1o para la edici\u00f3n<\/em>. Ediciones Jard\u00edn de Monos.<br \/>\nLibro que ense\u00f1a a editores y dise\u00f1adores c\u00f3mo hacer publicaciones m\u00e1s interesantes y llamativas. Se trata de un compendio de consejos pr\u00e1cticos para lograr el equilibrio perfecto entre contenido y forma, haciendo que texto y dise\u00f1o se refuercen mutuamente para crear p\u00e1ginas irresistibles para los lectores.<\/p>\n<h4><em><strong>Recursos web de referencia<\/strong><\/em><\/h4>\n<p><strong><em>Rayitas Azules<\/em><\/strong>: <a href=\"https:\/\/www.rayitasazules.com\/\">https:\/\/www.rayitasazules.com<br \/>\n<\/a>Blog dedicado a la tipograf\u00eda y al dise\u00f1o editorial en todas sus formas y manifestaciones: revistas, inDesign, cubiertas, papel, maquetaci\u00f3n, historia, etc.<\/p>\n<p><strong><em>Tipograf\u00eda digital<\/em><\/strong>: <a href=\"http:\/\/tipografiadigital.net\/\">http:\/\/tipografiadigital.net<br \/>\n<\/a>Blog sobre tipograf\u00eda de Daniel Rodr\u00edguez-Valero, autor del <em>Manual de tipograf\u00eda digital<\/em>, editado por Campgr\u00e0fic.<\/p>\n<p><strong><em>Typewolf<\/em><\/strong>: <a href=\"https:\/\/www.typewolf.com\/\">https:\/\/www.typewolf.com<\/a><br \/>\nSelecci\u00f3n diaria de sitios web en los que el uso de la tipograf\u00eda es excelente. Adem\u00e1s, contiene apartados llenos de recursos, recomendaciones y gu\u00edas, siempre centradas en tipograf\u00eda.<\/p>\n<p><strong><em>Unos tipos duros<\/em><\/strong>: <a href=\"https:\/\/www.unostiposduros.com\/\">https:\/\/www.unostiposduros.com\/<\/a><br \/>\nUnostiposduros es una iniciativa de dos apasionados de la tipograf\u00eda, Josep Patau y Jos\u00e9 Ram\u00f3n Penela, a los que m\u00e1s tarde se unieron Dimas Garc\u00eda y Marc Salinas. Su objetivo es proporcionar un lugar de encuentro para todos aquellos interesados en la tipograf\u00eda y hacer hincapi\u00e9 en su evoluci\u00f3n hist\u00f3rica sin olvidar las propuestas actuales.<\/p>\n<p><strong><em>Web Typography<\/em><\/strong>: <a href=\"http:\/\/webtypography.net\/\">http:\/\/webtypography.net<\/a><br \/>\nRecoge los principios enunciados por Robert Bringhurst en su libro <em>The elements of typographic<\/em> <em>style<\/em>, pero aplicados al entorno web.<\/p>\n","protected":false},"excerpt":{"rendered":"<p>Libros Castro, Iv\u00e1n. El ABC del Lettering. Editorial Campgr\u00e0fic. Libro pr\u00e1ctico que proporciona los pasos para dibujar a mano una amplia variedad de estilos de letra: desde romanas modernas y letras sin remates hasta latinas, script o interlock. Se trata de un m\u00e9todo de ense\u00f1anza tradicional con un enfoque contempor\u00e1neo. Cerezo, Jos\u00e9 Mar\u00eda. Dise\u00f1adores en [&hellip;]<\/p>\n","protected":false},"author":1,"featured_media":0,"parent":0,"menu_order":0,"comment_status":"closed","ping_status":"closed","template":"","meta":{"inline_featured_image":false},"acf":[],"_links":{"self":[{"href":"http:\/\/disseny-test.uoc.edu\/materials\/tipografia-avan\/es\/wp-json\/wp\/v2\/pages\/267"}],"collection":[{"href":"http:\/\/disseny-test.uoc.edu\/materials\/tipografia-avan\/es\/wp-json\/wp\/v2\/pages"}],"about":[{"href":"http:\/\/disseny-test.uoc.edu\/materials\/tipografia-avan\/es\/wp-json\/wp\/v2\/types\/page"}],"author":[{"embeddable":true,"href":"http:\/\/disseny-test.uoc.edu\/materials\/tipografia-avan\/es\/wp-json\/wp\/v2\/users\/1"}],"replies":[{"embeddable":true,"href":"http:\/\/disseny-test.uoc.edu\/materials\/tipografia-avan\/es\/wp-json\/wp\/v2\/comments?post=267"}],"version-history":[{"count":7,"href":"http:\/\/disseny-test.uoc.edu\/materials\/tipografia-avan\/es\/wp-json\/wp\/v2\/pages\/267\/revisions"}],"predecessor-version":[{"id":706,"href":"http:\/\/disseny-test.uoc.edu\/materials\/tipografia-avan\/es\/wp-json\/wp\/v2\/pages\/267\/revisions\/706"}],"wp:attachment":[{"href":"http:\/\/disseny-test.uoc.edu\/materials\/tipografia-avan\/es\/wp-json\/wp\/v2\/media?parent=267"}],"curies":[{"name":"wp","href":"https:\/\/api.w.org\/{rel}","templated":true}]}}