{"id":68,"date":"2019-01-03T12:46:23","date_gmt":"2019-01-03T10:46:23","guid":{"rendered":"http:\/\/disseny-test.uoc.edu\/materials\/tipografia-avan\/?page_id=68"},"modified":"2019-01-08T12:55:30","modified_gmt":"2019-01-08T10:55:30","slug":"1-1-introduccion","status":"publish","type":"page","link":"http:\/\/disseny-test.uoc.edu\/materials\/tipografia-avan\/es\/","title":{"rendered":"1.1. Introducci\u00f3n"},"content":{"rendered":"<p>La caligraf\u00eda y el <em>lettering<\/em> (o \u2018rotulaci\u00f3n\u2019) est\u00e1n experimentando desde hace tiempo un importante renacimiento. Estas disciplinas son objeto de estudio y su pr\u00e1ctica suscita inter\u00e9s en una industria creativa dominada por los ordenadores y las nuevas tecnolog\u00edas.<\/p>\n<p>Sin embargo, sigue existiendo confusi\u00f3n con los significados de estos t\u00e9rminos. En no pocas ocasiones hemos visto trabajos caligr\u00e1ficos etiquetados como <em>lettering<\/em>, tipograf\u00edas <em>script<\/em> como \u00abhechas a mano\u00bb y otros casos similares. Vamos a intentar clarificar las diferencias entre estas dos formas de producir letras.<\/p>\n<p>Hacemos caligraf\u00eda cuando sostenemos una herramienta de escritura y con ella generamos trazos fundamentales de letras. No importa qu\u00e9 herramienta sea: puede ser un bol\u00edgrafo, un rotulador, una pluma de oca, un pincel o nuestro dedo impregnado en pintura. A veces, incluso podemos escribir una palabra entera con un solo trazo. Podemos crear letras formales, cl\u00e1sicas o experimentales, pero siempre hablaremos de escribir.<\/p>\n<p>En cambio, al hacer rotulaci\u00f3n (o <em>lettering, <\/em>en ingl\u00e9s), nos acercamos m\u00e1s al gesto de dibujar. Estaremos construyendo un signo alfab\u00e9tico con una herramienta de dibujo y para ello generaremos tantos trazos como sean necesarios con el fin de llegar a la forma exacta que deseamos. Aqu\u00ed podemos bocetar y corregir hasta obtener el resultado que buscamos. En general, el <em>lettering<\/em> consigue formas m\u00e1s refinadas y pulcras que la caligraf\u00eda, que suele devolver formas m\u00e1s crudas. Si la caligraf\u00eda va de escribir, el <em>lettering<\/em> va de dibujar.<\/p>\n<p>La caligraf\u00eda y el <em>lettering<\/em> est\u00e1n m\u00e1s relacionados entre ellos que con la tipograf\u00eda si tenemos en cuenta que ambos son procesos manuales que producen resultados m\u00e1s c\u00e1lidos, humanos y artesanales. Pero no hay que olvidar que las tipograf\u00edas digitales que usamos actualmente en nuestros ordenadores fueron dibujadas en alg\u00fan momento de su desarrollo. Lo mismo ocurre con la mayor\u00eda de <em>letterings<\/em>, que est\u00e1n basados en una pieza caligr\u00e1fica que el dise\u00f1ador realiza para visualizar la idea de forma m\u00e1s \u00e1gil.<\/p>\n<p>Es muy buena idea tener nociones de caligraf\u00eda antes de adentrarnos en el mundo del <em>lettering<\/em>, ya que se hace necesario disponer de un cierto conocimiento de la arquitectura de las letras. Y no hay mejor forma de saber c\u00f3mo manejar las proporciones, los pesos, la estructura y los ritmos de las letras dibujadas que practicando caligraf\u00eda con diferentes herramientas.<\/p>\n<figure id=\"attachment_70\" aria-describedby=\"caption-attachment-70\" style=\"width: 800px\" class=\"wp-caption alignnone\"><img loading=\"lazy\" class=\"wp-image-70 size-full\" src=\"http:\/\/disseny-test.uoc.edu\/materials\/tipografia-avan\/wp-content\/uploads\/sites\/13\/2018\/12\/20140_m1_001.jpg\" alt=\"\" width=\"800\" height=\"328\" srcset=\"http:\/\/disseny-test.uoc.edu\/materials\/tipografia-avan\/wp-content\/uploads\/sites\/13\/2018\/12\/20140_m1_001.jpg 800w, http:\/\/disseny-test.uoc.edu\/materials\/tipografia-avan\/wp-content\/uploads\/sites\/13\/2018\/12\/20140_m1_001-300x123.jpg 300w, http:\/\/disseny-test.uoc.edu\/materials\/tipografia-avan\/wp-content\/uploads\/sites\/13\/2018\/12\/20140_m1_001-768x315.jpg 768w\" sizes=\"(max-width: 800px) 100vw, 800px\" \/><figcaption id=\"caption-attachment-70\" class=\"wp-caption-text\">En caligraf\u00eda a veces se puede observar la textura del papel en el interior de las letras, las variaciones expresivas de los trazos y las imperfecciones en los acabados. Trabajo de Laura Meseguer.<\/figcaption><\/figure>\n<figure id=\"attachment_71\" aria-describedby=\"caption-attachment-71\" style=\"width: 800px\" class=\"wp-caption alignnone\"><img loading=\"lazy\" class=\"wp-image-71 size-full\" src=\"http:\/\/disseny-test.uoc.edu\/materials\/tipografia-avan\/wp-content\/uploads\/sites\/13\/2018\/12\/20140_m1_002.jpg\" alt=\"\" width=\"800\" height=\"517\" srcset=\"http:\/\/disseny-test.uoc.edu\/materials\/tipografia-avan\/wp-content\/uploads\/sites\/13\/2018\/12\/20140_m1_002.jpg 800w, http:\/\/disseny-test.uoc.edu\/materials\/tipografia-avan\/wp-content\/uploads\/sites\/13\/2018\/12\/20140_m1_002-300x194.jpg 300w, http:\/\/disseny-test.uoc.edu\/materials\/tipografia-avan\/wp-content\/uploads\/sites\/13\/2018\/12\/20140_m1_002-768x496.jpg 768w\" sizes=\"(max-width: 800px) 100vw, 800px\" \/><figcaption id=\"caption-attachment-71\" class=\"wp-caption-text\">En <em>lettering<\/em>, o rotulaci\u00f3n, el contorno de la letra est\u00e1 mucho m\u00e1s controlado. Logotipo para Yellow Images, de Sergey Shapiro.<\/figcaption><\/figure>\n<div class=\"featured featured-blue\"><\/p>\n<p><strong>Conclusi\u00f3n<\/strong><\/p>\n<p>Caligraf\u00eda y <em>lettering<\/em> son formas manuales de generar signos alfab\u00e9ticos. Hablamos de caligraf\u00eda cuando escribimos letras, y hablamos de <em>lettering<\/em> cuando las dibujamos. Ambas disciplinas tienen relaci\u00f3n con la tipograf\u00eda porque aparecen en las primeras etapas del desarrollo de una fuente.<\/p>\n<p>\n<\/div>\n","protected":false},"excerpt":{"rendered":"<p>La caligraf\u00eda y el lettering (o \u2018rotulaci\u00f3n\u2019) est\u00e1n experimentando desde hace tiempo un importante renacimiento. Estas disciplinas son objeto de estudio y su pr\u00e1ctica suscita inter\u00e9s en una industria creativa dominada por los ordenadores y las nuevas tecnolog\u00edas. Sin embargo, sigue existiendo confusi\u00f3n con los significados de estos t\u00e9rminos. En no pocas ocasiones hemos visto [&hellip;]<\/p>\n","protected":false},"author":1,"featured_media":0,"parent":0,"menu_order":0,"comment_status":"closed","ping_status":"closed","template":"","meta":{"inline_featured_image":false},"acf":[],"_links":{"self":[{"href":"http:\/\/disseny-test.uoc.edu\/materials\/tipografia-avan\/es\/wp-json\/wp\/v2\/pages\/68"}],"collection":[{"href":"http:\/\/disseny-test.uoc.edu\/materials\/tipografia-avan\/es\/wp-json\/wp\/v2\/pages"}],"about":[{"href":"http:\/\/disseny-test.uoc.edu\/materials\/tipografia-avan\/es\/wp-json\/wp\/v2\/types\/page"}],"author":[{"embeddable":true,"href":"http:\/\/disseny-test.uoc.edu\/materials\/tipografia-avan\/es\/wp-json\/wp\/v2\/users\/1"}],"replies":[{"embeddable":true,"href":"http:\/\/disseny-test.uoc.edu\/materials\/tipografia-avan\/es\/wp-json\/wp\/v2\/comments?post=68"}],"version-history":[{"count":4,"href":"http:\/\/disseny-test.uoc.edu\/materials\/tipografia-avan\/es\/wp-json\/wp\/v2\/pages\/68\/revisions"}],"predecessor-version":[{"id":311,"href":"http:\/\/disseny-test.uoc.edu\/materials\/tipografia-avan\/es\/wp-json\/wp\/v2\/pages\/68\/revisions\/311"}],"wp:attachment":[{"href":"http:\/\/disseny-test.uoc.edu\/materials\/tipografia-avan\/es\/wp-json\/wp\/v2\/media?parent=68"}],"curies":[{"name":"wp","href":"https:\/\/api.w.org\/{rel}","templated":true}]}}