{"id":373,"date":"2019-01-08T07:40:02","date_gmt":"2019-01-08T05:40:02","guid":{"rendered":"http:\/\/disseny-test.uoc.edu\/materials\/tipografia-avan\/?page_id=373"},"modified":"2019-01-10T15:40:03","modified_gmt":"2019-01-10T13:40:03","slug":"1-1-introduccio","status":"publish","type":"page","link":"http:\/\/disseny-test.uoc.edu\/materials\/tipografia-avan\/","title":{"rendered":"1.1. Introducci\u00f3"},"content":{"rendered":"<p>La cal\u00b7ligrafia i el <em>lettering<\/em> (o retolaci\u00f3) estan experimentant des de fa temps un important renaixement. Aquestes disciplines s\u00f3n objecte d\u2019estudi i la seva pr\u00e0ctica suscita inter\u00e8s en una ind\u00fastria creativa dominada pels ordinadors i les noves tecnologies.<\/p>\n<p>No obstant aix\u00f2, continua existint confusi\u00f3 amb els significats d\u2019aquests termes. En no poques ocasions hem vist treballs cal\u00b7ligr\u00e0fics etiquetats com a <em>lettering<\/em>, tipografies <em>script<\/em> com a \u00abfetes a m\u00e0\u00bb i altres casos similars. Intentarem aclarir les difer\u00e8ncies entre aquestes dues formes de produir lletres.<\/p>\n<p>Fem cal\u00b7ligrafia quan sostenim una eina d\u2019escriptura i amb aquesta generem tra\u00e7os fonamentals de lletres. No importa quina eina sigui: pot ser un bol\u00edgraf, un retolador, una ploma d\u2019oca, un pinzell o el nostre dit impregnat de pintura. De vegades, fins i tot podem escriure una paraula sencera amb un sol tra\u00e7. Podem crear lletres formals, cl\u00e0ssiques o experimentals, per\u00f2 sempre parlarem d\u2019escriure.<\/p>\n<p>En canvi, en fer retolaci\u00f3 (o <em>lettering, <\/em>en angl\u00e8s), ens apropem m\u00e9s al gest de dibuixar. Estarem construint un signe alfab\u00e8tic amb una eina de dibuix i per a aix\u00f2 generarem tants tra\u00e7os com siguin necessaris amb la finalitat d\u2019arribar a la forma exacta que desitgem. Aqu\u00ed podem fer esbossos i correccions fins a obtenir el resultat que busquem. En general, el <em>lettering<\/em> aconsegueix formes m\u00e9s refinades i polides que la cal\u00b7ligrafia, que sol donar formes m\u00e9s crues. Si amb la cal\u00b7ligrafia es tracta d\u2019escriure, amb el <em>lettering<\/em> es tracta de dibuixar.<\/p>\n<p>La cal\u00b7ligrafia i el <em>lettering<\/em> estan m\u00e9s relacionats entre ells que amb la tipografia si tenim en compte que tots dos s\u00f3n processos manuals que produeixen resultats m\u00e9s c\u00e0lids, humans i artesanals. Per\u00f2 cal no oblidar que les tipografies digitals que utilitzem actualment en els nostres ordinadors van ser dibuixades en algun moment del seu desenvolupament. El mateix ocorre amb la majoria de <em>letterings<\/em>, que estan basats en una pe\u00e7a cal\u00b7ligr\u00e0fica que el dissenyador realitza per visualitzar la idea d\u2019una manera m\u00e9s \u00e0gil.<\/p>\n<p>\u00c9s molt bona idea tenir nocions de cal\u00b7ligrafia abans d\u2019endinsar-nos en el m\u00f3n del <em>lettering<\/em>, ja que es fa necessari disposar d\u2019un cert coneixement de l\u2019arquitectura de les lletres. I no hi ha millor manera de saber com emprar les proporcions, els pesos, l\u2019estructura i els ritmes de les lletres dibuixades que practicant cal\u00b7ligrafia amb diferents eines.<\/p>\n<figure id=\"attachment_70\" aria-describedby=\"caption-attachment-70\" style=\"width: 800px\" class=\"wp-caption alignnone\"><img loading=\"lazy\" class=\"wp-image-70 size-full\" src=\"http:\/\/disseny-test.uoc.edu\/materials\/tipografia-avan\/wp-content\/uploads\/sites\/13\/2018\/12\/20140_m1_001.jpg\" alt=\"\" width=\"800\" height=\"328\" srcset=\"http:\/\/disseny-test.uoc.edu\/materials\/tipografia-avan\/wp-content\/uploads\/sites\/13\/2018\/12\/20140_m1_001.jpg 800w, http:\/\/disseny-test.uoc.edu\/materials\/tipografia-avan\/wp-content\/uploads\/sites\/13\/2018\/12\/20140_m1_001-300x123.jpg 300w, http:\/\/disseny-test.uoc.edu\/materials\/tipografia-avan\/wp-content\/uploads\/sites\/13\/2018\/12\/20140_m1_001-768x315.jpg 768w\" sizes=\"(max-width: 800px) 100vw, 800px\" \/><figcaption id=\"caption-attachment-70\" class=\"wp-caption-text\"><span lang=\"CA\">En cal\u00b7ligrafia de vegades es pot observar la textura del paper a l\u2019interior de les lletres, les variacions expressives dels tra\u00e7os i les imperfeccions en els acabats. Treball de Laura Meseguer.<\/span><\/figcaption><\/figure>\n<figure id=\"attachment_71\" aria-describedby=\"caption-attachment-71\" style=\"width: 800px\" class=\"wp-caption alignnone\"><img loading=\"lazy\" class=\"wp-image-71 size-full\" src=\"http:\/\/disseny-test.uoc.edu\/materials\/tipografia-avan\/wp-content\/uploads\/sites\/13\/2018\/12\/20140_m1_002.jpg\" alt=\"\" width=\"800\" height=\"517\" srcset=\"http:\/\/disseny-test.uoc.edu\/materials\/tipografia-avan\/wp-content\/uploads\/sites\/13\/2018\/12\/20140_m1_002.jpg 800w, http:\/\/disseny-test.uoc.edu\/materials\/tipografia-avan\/wp-content\/uploads\/sites\/13\/2018\/12\/20140_m1_002-300x194.jpg 300w, http:\/\/disseny-test.uoc.edu\/materials\/tipografia-avan\/wp-content\/uploads\/sites\/13\/2018\/12\/20140_m1_002-768x496.jpg 768w\" sizes=\"(max-width: 800px) 100vw, 800px\" \/><figcaption id=\"caption-attachment-71\" class=\"wp-caption-text\"><span lang=\"CA\">En <i>lettering,\u00a0<\/i>o retolaci\u00f3, el contorn de la lletra est\u00e0 molt m\u00e9s controlat. Logotip per a Yellow Images, de Sergey Shapiro.<\/span><\/figcaption><\/figure>\n<div class=\"featured featured-blue\"><\/p>\n<p><b><span lang=\"CA\">Conclusi\u00f3<\/span><\/b><\/p>\n<p><span lang=\"CA\">Cal\u00b7ligrafia i <i>lettering\u00a0<\/i>s\u00f3n formes manuals de generar signes alfab\u00e8tics. Parlem de cal\u00b7ligrafia quan escrivim lletres, i parlem de <i>lettering\u00a0<\/i>quan les dibuixem. Ambdues disciplines tenen relaci\u00f3 amb la tipografia perqu\u00e8 apareixen en les primeres etapes del desenvolupament d\u2019una font.<\/span><\/p>\n<p>\n<\/div>\n","protected":false},"excerpt":{"rendered":"<p>La cal\u00b7ligrafia i el lettering (o retolaci\u00f3) estan experimentant des de fa temps un important renaixement. Aquestes disciplines s\u00f3n objecte d\u2019estudi i la seva pr\u00e0ctica suscita inter\u00e8s en una ind\u00fastria creativa dominada pels ordinadors i les noves tecnologies. No obstant aix\u00f2, continua existint confusi\u00f3 amb els significats d\u2019aquests termes. En no poques ocasions hem vist [&hellip;]<\/p>\n","protected":false},"author":1,"featured_media":0,"parent":0,"menu_order":0,"comment_status":"closed","ping_status":"closed","template":"","meta":{"inline_featured_image":false},"acf":[],"_links":{"self":[{"href":"http:\/\/disseny-test.uoc.edu\/materials\/tipografia-avan\/wp-json\/wp\/v2\/pages\/373"}],"collection":[{"href":"http:\/\/disseny-test.uoc.edu\/materials\/tipografia-avan\/wp-json\/wp\/v2\/pages"}],"about":[{"href":"http:\/\/disseny-test.uoc.edu\/materials\/tipografia-avan\/wp-json\/wp\/v2\/types\/page"}],"author":[{"embeddable":true,"href":"http:\/\/disseny-test.uoc.edu\/materials\/tipografia-avan\/wp-json\/wp\/v2\/users\/1"}],"replies":[{"embeddable":true,"href":"http:\/\/disseny-test.uoc.edu\/materials\/tipografia-avan\/wp-json\/wp\/v2\/comments?post=373"}],"version-history":[{"count":6,"href":"http:\/\/disseny-test.uoc.edu\/materials\/tipografia-avan\/wp-json\/wp\/v2\/pages\/373\/revisions"}],"predecessor-version":[{"id":605,"href":"http:\/\/disseny-test.uoc.edu\/materials\/tipografia-avan\/wp-json\/wp\/v2\/pages\/373\/revisions\/605"}],"wp:attachment":[{"href":"http:\/\/disseny-test.uoc.edu\/materials\/tipografia-avan\/wp-json\/wp\/v2\/media?parent=373"}],"curies":[{"name":"wp","href":"https:\/\/api.w.org\/{rel}","templated":true}]}}