{"id":376,"date":"2019-01-07T13:56:56","date_gmt":"2019-01-07T11:56:56","guid":{"rendered":"http:\/\/disseny-test.uoc.edu\/materials\/tipografia-avan\/?page_id=376"},"modified":"2019-01-22T16:29:41","modified_gmt":"2019-01-22T14:29:41","slug":"1-2-1-la-capital-romana","status":"publish","type":"page","link":"http:\/\/disseny-test.uoc.edu\/materials\/tipografia-avan\/1-2-1-la-capital-romana\/","title":{"rendered":"1.2.1. La capital romana"},"content":{"rendered":"<p>La maj\u00fascula romana, tamb\u00e9 anomenada\u00a0<em>Capitalis monumentalis<\/em>, <em>maj\u00fascula lapid\u00e0ria<\/em> o <em>maj\u00fascula monumental<\/em>, \u00e9s considerada com el paradigma cl\u00e0ssic de la perfecci\u00f3 pel que fa a formes de lletres.<\/p>\n<p>Aquest estil es tallava en pedra sobre monuments i tombes i servia generalment per a commemorar els assoliments de l\u2019Imperi Rom\u00e0. La perfecci\u00f3 de les seves proporcions ha tingut una enorme influ\u00e8ncia a trav\u00e9s dels temps, i encara avui seguim emprant-les com a base de les maj\u00fascules en el nostre alfabet llat\u00ed.<\/p>\n<p>La capital romana est\u00e0 formada per figures geom\u00e8triques simples (cercles, quadrats i triangles) i es pot dir que les seves formes s\u00f3n naturals i polides.<\/p>\n<figure id=\"attachment_72\" aria-describedby=\"caption-attachment-72\" style=\"width: 800px\" class=\"wp-caption alignnone\"><img loading=\"lazy\" class=\"wp-image-72 size-full\" src=\"http:\/\/disseny-test.uoc.edu\/materials\/tipografia-avan\/wp-content\/uploads\/sites\/13\/2018\/12\/20140_m1_003.jpg\" alt=\"\" width=\"800\" height=\"390\" srcset=\"http:\/\/disseny-test.uoc.edu\/materials\/tipografia-avan\/wp-content\/uploads\/sites\/13\/2018\/12\/20140_m1_003.jpg 800w, http:\/\/disseny-test.uoc.edu\/materials\/tipografia-avan\/wp-content\/uploads\/sites\/13\/2018\/12\/20140_m1_003-300x146.jpg 300w, http:\/\/disseny-test.uoc.edu\/materials\/tipografia-avan\/wp-content\/uploads\/sites\/13\/2018\/12\/20140_m1_003-768x374.jpg 768w\" sizes=\"(max-width: 800px) 100vw, 800px\" \/><figcaption id=\"caption-attachment-72\" class=\"wp-caption-text\"><span lang=\"CA\">Esp\u00e8cimen d\u2019alfabet de capitals romanes tra\u00e7ades amb pinzell cal\u00b7ligr\u00e0fic de p\u00e8l de marta. Treball de John Stevens. Origen: Claude Mediavilla. <i>Caligraf\u00eda<\/i>. <\/span><\/figcaption><\/figure>\n","protected":false},"excerpt":{"rendered":"<p>La maj\u00fascula romana, tamb\u00e9 anomenada\u00a0Capitalis monumentalis, maj\u00fascula lapid\u00e0ria o maj\u00fascula monumental, \u00e9s considerada com el paradigma cl\u00e0ssic de la perfecci\u00f3 pel que fa a formes de lletres. Aquest estil es tallava en pedra sobre monuments i tombes i servia generalment per a commemorar els assoliments de l\u2019Imperi Rom\u00e0. La perfecci\u00f3 de les seves proporcions ha [&hellip;]<\/p>\n","protected":false},"author":1,"featured_media":0,"parent":0,"menu_order":0,"comment_status":"closed","ping_status":"closed","template":"","meta":{"inline_featured_image":false},"acf":[],"_links":{"self":[{"href":"http:\/\/disseny-test.uoc.edu\/materials\/tipografia-avan\/wp-json\/wp\/v2\/pages\/376"}],"collection":[{"href":"http:\/\/disseny-test.uoc.edu\/materials\/tipografia-avan\/wp-json\/wp\/v2\/pages"}],"about":[{"href":"http:\/\/disseny-test.uoc.edu\/materials\/tipografia-avan\/wp-json\/wp\/v2\/types\/page"}],"author":[{"embeddable":true,"href":"http:\/\/disseny-test.uoc.edu\/materials\/tipografia-avan\/wp-json\/wp\/v2\/users\/1"}],"replies":[{"embeddable":true,"href":"http:\/\/disseny-test.uoc.edu\/materials\/tipografia-avan\/wp-json\/wp\/v2\/comments?post=376"}],"version-history":[{"count":5,"href":"http:\/\/disseny-test.uoc.edu\/materials\/tipografia-avan\/wp-json\/wp\/v2\/pages\/376\/revisions"}],"predecessor-version":[{"id":677,"href":"http:\/\/disseny-test.uoc.edu\/materials\/tipografia-avan\/wp-json\/wp\/v2\/pages\/376\/revisions\/677"}],"wp:attachment":[{"href":"http:\/\/disseny-test.uoc.edu\/materials\/tipografia-avan\/wp-json\/wp\/v2\/media?parent=376"}],"curies":[{"name":"wp","href":"https:\/\/api.w.org\/{rel}","templated":true}]}}