{"id":383,"date":"2019-01-07T13:57:43","date_gmt":"2019-01-07T11:57:43","guid":{"rendered":"http:\/\/disseny-test.uoc.edu\/materials\/tipografia-avan\/?page_id=383"},"modified":"2019-01-08T13:00:39","modified_gmt":"2019-01-08T11:00:39","slug":"1-2-4-les-lletres-gotiques","status":"publish","type":"page","link":"http:\/\/disseny-test.uoc.edu\/materials\/tipografia-avan\/1-2-4-les-lletres-gotiques\/","title":{"rendered":"1.2.4. Les lletres g\u00f2tiques"},"content":{"rendered":"<p>L\u2019altra evoluci\u00f3 de la lletra carolina \u00e9s l\u2019estil que anomenem <em>g\u00f2tica<\/em>, format per un grup d\u2019escriptures originades al llarg del segle <span class=\"roman\">xiii<\/span>. D\u2019acord amb el gust est\u00e8tic de l\u2019\u00e8poca, les formes rodones es converteixen en condensades (altes i estretes), punxegudes i angulars.<\/p>\n<p>Al contrari que les lletres que hem vist fins ara, la g\u00f2tica no t\u00e9 una gran influ\u00e8ncia sobre les formes de lletres que utilitzem avui dia.<\/p>\n<figure id=\"attachment_75\" aria-describedby=\"caption-attachment-75\" style=\"width: 800px\" class=\"wp-caption alignnone\"><img loading=\"lazy\" class=\"wp-image-75 size-full\" src=\"http:\/\/disseny-test.uoc.edu\/materials\/tipografia-avan\/wp-content\/uploads\/sites\/13\/2018\/12\/20140_m1_006.jpg\" alt=\"\" width=\"800\" height=\"898\" srcset=\"http:\/\/disseny-test.uoc.edu\/materials\/tipografia-avan\/wp-content\/uploads\/sites\/13\/2018\/12\/20140_m1_006.jpg 800w, http:\/\/disseny-test.uoc.edu\/materials\/tipografia-avan\/wp-content\/uploads\/sites\/13\/2018\/12\/20140_m1_006-267x300.jpg 267w, http:\/\/disseny-test.uoc.edu\/materials\/tipografia-avan\/wp-content\/uploads\/sites\/13\/2018\/12\/20140_m1_006-768x862.jpg 768w\" sizes=\"(max-width: 800px) 100vw, 800px\" \/><figcaption id=\"caption-attachment-75\" class=\"wp-caption-text\"><span lang=\"CA\">Exercici cal\u00b7ligr\u00e0fic en g\u00f2tica textura de Koch, realitzat per Iv\u00e1n Castro. Origen: Iv\u00e1n Castro. <i>El ABC del lettering<\/i>.<\/span><\/figcaption><\/figure>\n","protected":false},"excerpt":{"rendered":"<p>L\u2019altra evoluci\u00f3 de la lletra carolina \u00e9s l\u2019estil que anomenem g\u00f2tica, format per un grup d\u2019escriptures originades al llarg del segle . D\u2019acord amb el gust est\u00e8tic de l\u2019\u00e8poca, les formes rodones es converteixen en condensades (altes i estretes), punxegudes i angulars. Al contrari que les lletres que hem vist fins ara, la g\u00f2tica no [&hellip;]<\/p>\n","protected":false},"author":1,"featured_media":0,"parent":0,"menu_order":0,"comment_status":"closed","ping_status":"closed","template":"","meta":{"inline_featured_image":false},"acf":[],"_links":{"self":[{"href":"http:\/\/disseny-test.uoc.edu\/materials\/tipografia-avan\/wp-json\/wp\/v2\/pages\/383"}],"collection":[{"href":"http:\/\/disseny-test.uoc.edu\/materials\/tipografia-avan\/wp-json\/wp\/v2\/pages"}],"about":[{"href":"http:\/\/disseny-test.uoc.edu\/materials\/tipografia-avan\/wp-json\/wp\/v2\/types\/page"}],"author":[{"embeddable":true,"href":"http:\/\/disseny-test.uoc.edu\/materials\/tipografia-avan\/wp-json\/wp\/v2\/users\/1"}],"replies":[{"embeddable":true,"href":"http:\/\/disseny-test.uoc.edu\/materials\/tipografia-avan\/wp-json\/wp\/v2\/comments?post=383"}],"version-history":[{"count":3,"href":"http:\/\/disseny-test.uoc.edu\/materials\/tipografia-avan\/wp-json\/wp\/v2\/pages\/383\/revisions"}],"predecessor-version":[{"id":430,"href":"http:\/\/disseny-test.uoc.edu\/materials\/tipografia-avan\/wp-json\/wp\/v2\/pages\/383\/revisions\/430"}],"wp:attachment":[{"href":"http:\/\/disseny-test.uoc.edu\/materials\/tipografia-avan\/wp-json\/wp\/v2\/media?parent=383"}],"curies":[{"name":"wp","href":"https:\/\/api.w.org\/{rel}","templated":true}]}}