{"id":387,"date":"2019-01-07T13:58:15","date_gmt":"2019-01-07T11:58:15","guid":{"rendered":"http:\/\/disseny-test.uoc.edu\/materials\/tipografia-avan\/?page_id=387"},"modified":"2019-01-08T13:00:54","modified_gmt":"2019-01-08T11:00:54","slug":"1-2-6-langlesa","status":"publish","type":"page","link":"http:\/\/disseny-test.uoc.edu\/materials\/tipografia-avan\/1-2-6-langlesa\/","title":{"rendered":"1.2.6. L\u2019anglesa"},"content":{"rendered":"<p><span lang=\"CA\">La lletra anglesa, tamb\u00e9 anomenada <i>copperplate\u00a0<\/i>(\u2018planxa de coure\u2019, en angl\u00e8s), \u00e9s una grafia lleugera, \u00e0gil i delicada, l\u2019\u00e8poca d\u2019esplendor de la qual se situa entre 1720 i 1800, per\u00edode en qu\u00e8 es va cal\u00b7ligrafiar amb ploma d\u2019au.<\/span><\/p>\n<figure id=\"attachment_77\" aria-describedby=\"caption-attachment-77\" style=\"width: 800px\" class=\"wp-caption alignnone\"><img loading=\"lazy\" class=\"size-full wp-image-77\" src=\"http:\/\/disseny-test.uoc.edu\/materials\/tipografia-avan\/wp-content\/uploads\/sites\/13\/2018\/12\/20140_m1_008.jpg\" alt=\"\" width=\"800\" height=\"324\" srcset=\"http:\/\/disseny-test.uoc.edu\/materials\/tipografia-avan\/wp-content\/uploads\/sites\/13\/2018\/12\/20140_m1_008.jpg 800w, http:\/\/disseny-test.uoc.edu\/materials\/tipografia-avan\/wp-content\/uploads\/sites\/13\/2018\/12\/20140_m1_008-300x122.jpg 300w, http:\/\/disseny-test.uoc.edu\/materials\/tipografia-avan\/wp-content\/uploads\/sites\/13\/2018\/12\/20140_m1_008-768x311.jpg 768w\" sizes=\"(max-width: 800px) 100vw, 800px\" \/><figcaption id=\"caption-attachment-77\" class=\"wp-caption-text\"><span lang=\"CA\">Anglesa min\u00fascula segons Ram\u00f3n Stirling. Origen: Claude Mediavilla. <i>Caligraf\u00eda<\/i>.<\/span><\/figcaption><\/figure>\n","protected":false},"excerpt":{"rendered":"<p>La lletra anglesa, tamb\u00e9 anomenada copperplate\u00a0(\u2018planxa de coure\u2019, en angl\u00e8s), \u00e9s una grafia lleugera, \u00e0gil i delicada, l\u2019\u00e8poca d\u2019esplendor de la qual se situa entre 1720 i 1800, per\u00edode en qu\u00e8 es va cal\u00b7ligrafiar amb ploma d\u2019au.<\/p>\n","protected":false},"author":1,"featured_media":0,"parent":0,"menu_order":0,"comment_status":"closed","ping_status":"closed","template":"","meta":{"inline_featured_image":false},"acf":[],"_links":{"self":[{"href":"http:\/\/disseny-test.uoc.edu\/materials\/tipografia-avan\/wp-json\/wp\/v2\/pages\/387"}],"collection":[{"href":"http:\/\/disseny-test.uoc.edu\/materials\/tipografia-avan\/wp-json\/wp\/v2\/pages"}],"about":[{"href":"http:\/\/disseny-test.uoc.edu\/materials\/tipografia-avan\/wp-json\/wp\/v2\/types\/page"}],"author":[{"embeddable":true,"href":"http:\/\/disseny-test.uoc.edu\/materials\/tipografia-avan\/wp-json\/wp\/v2\/users\/1"}],"replies":[{"embeddable":true,"href":"http:\/\/disseny-test.uoc.edu\/materials\/tipografia-avan\/wp-json\/wp\/v2\/comments?post=387"}],"version-history":[{"count":3,"href":"http:\/\/disseny-test.uoc.edu\/materials\/tipografia-avan\/wp-json\/wp\/v2\/pages\/387\/revisions"}],"predecessor-version":[{"id":432,"href":"http:\/\/disseny-test.uoc.edu\/materials\/tipografia-avan\/wp-json\/wp\/v2\/pages\/387\/revisions\/432"}],"wp:attachment":[{"href":"http:\/\/disseny-test.uoc.edu\/materials\/tipografia-avan\/wp-json\/wp\/v2\/media?parent=387"}],"curies":[{"name":"wp","href":"https:\/\/api.w.org\/{rel}","templated":true}]}}